{"id":58877,"date":"2024-04-23T09:07:47","date_gmt":"2024-04-23T07:07:47","guid":{"rendered":"https:\/\/www.vicivision.com\/?page_id=58877"},"modified":"2026-02-05T14:51:32","modified_gmt":"2026-02-05T13:51:32","slug":"buerokauffrau-mann-m-w-d-2","status":"publish","type":"page","link":"https:\/\/www.vicivision.com\/de\/buerokauffrau-mann-m-w-d-2\/","title":{"rendered":"B\u00fcrokauffrau\/-mann in Teilzeit (m\/w\/d)"},"content":{"rendered":"<div class=\"wpb-content-wrapper\"><p>[vc_row][vc_column][vc_empty_space][vc_single_image image=&#8220;52527&#8243; img_size=&#8220;medium&#8220; alignment=&#8220;center&#8220;][vc_single_image image=&#8220;58880&#8243; img_size=&#8220;large&#8220; alignment=&#8220;center&#8220;][vc_column_text]<\/p>\n<h4 style=\"text-align: left;\">Die VICIVISION GmbH ist die deutsche Niederlassung eines f\u00fchrenden Herstellers von optischen Messger\u00e4ten, die VICI &amp; C. S.p.A. mit Sitz im italienischen Santarcangelo di Romagna nahe Rimini. Unser Standort in Abstatt, nahe Heilbronn, ist der Mittelpunkt von Vertrieb und Service f\u00fcr Deutschland und \u00d6sterreich.<\/h4>\n<p>[\/vc_column_text][vc_column_text]<\/p>\n<h3>Zur Verst\u00e4rkung unseres Teams suchen wir ab sofort: <strong>B\u00fcrokauffrau\/-mann in Teilzeit (m\/w\/d)<\/strong><\/h3>\n<h5><\/h5>\n<h5><strong>Ihre Aufgaben:<\/strong><\/h5>\n<ul>\n<li>\n<h5>Vorbereitung der Lohn- und Finanzbuchf\u00fchrung<\/h5>\n<\/li>\n<li>\n<h5>Zahlungseingang \/ Zahlungsausgang \u00fcberwachen<\/h5>\n<\/li>\n<li>\n<h5>Administrative T\u00e4tigkeiten<\/h5>\n<\/li>\n<li>\n<h5>Warenannahme\/-versand<\/h5>\n<\/li>\n<li>\n<h5>Lagerung und Kontrolle des Warenbestands<\/h5>\n<\/li>\n<li>\n<h5>Auftragsbearbeitung<\/h5>\n<\/li>\n<li>\n<h5>Organisation von Maschinentransporten<\/h5>\n<\/li>\n<\/ul>\n<h5><strong>Ihr Profil:<\/strong><\/h5>\n<ul>\n<li>\n<h5>Erfolgreich abgeschlossene kaufm\u00e4nnische Ausbildung \u2013 idealerweise mit Berufserfahrung<\/h5>\n<\/li>\n<li>\n<h5>Sehr gute Kenntnisse des MS-Office-Paketes (Word, Excel, Outlook)<\/h5>\n<\/li>\n<li>\n<h5>Sehr gutes Deutsch in Wort und Schrift<\/h5>\n<\/li>\n<li>\n<h5>Hohes Ma\u00df an Eigenverantwortung, Selbstmanagement und Teamgeist<\/h5>\n<\/li>\n<li>\n<h5>Gute Umgangsformen<\/h5>\n<\/li>\n<\/ul>\n<h5><strong>Wir bieten:<\/strong><\/h5>\n<ul>\n<li>\n<h5>Interessanter und anspruchsvoller Aufgabenbereich mit langfristiger Perspektive<\/h5>\n<\/li>\n<li>\n<h5>Umfassende Einarbeitungszeit<\/h5>\n<\/li>\n<li>\n<h5>Eine anspruchsvolle, abwechslungsreiche T\u00e4tigkeit<\/h5>\n<\/li>\n<li>\n<h5>Eine offene und kollegiale Unternehmenskultur<\/h5>\n<\/li>\n<li>\n<h5>Einen eigenen Arbeitsplatz mit moderner EDV in zeitgem\u00e4\u00dfen B\u00fcror\u00e4umen<\/h5>\n<\/li>\n<li>\n<h5>Einen zukunftssicheren und unbefristeten Arbeitsplatz<\/h5>\n<\/li>\n<li>\n<h5>Attraktive Verg\u00fctung<\/h5>\n<\/li>\n<li>\n<h5>Firmeneigenen Parkplatz<\/h5>\n<\/li>\n<\/ul>\n<h5>Ihre Bewerbungsunterlagen senden Sie bitte per E-Mail unter Angabe Ihrer Gehaltsvorstellung als Jahresbrutto<br \/>\nund dem fr\u00fchestm\u00f6glichen Eintrittstermin an Herrn Keller:<\/h5>\n<h5><strong>VICIVISION GmbH<\/strong><\/h5>\n<h5>Herrn Uwe Keller<\/h5>\n<h5>Seestra\u00dfe 5\/1<br \/>\n74232 Abstatt<br \/>\nTel.:\u00a0\u00a0+49 7062 97704 00<\/h5>\n<h5>E-Mail: <a href=\"mailto:uwe.keller@vicivision.com\">uwe.keller@vicivision.com<\/a><\/h5>\n<p>[\/vc_column_text][vc_empty_space][vc_column_text]<\/p>\n<p style=\"text-align: center;\">VICIVISION GmbH | Seestra\u00dfe 5\/1 | 74232 Abstatt | <a href=\"https:\/\/www.vicivision.com\/de\/\">www.vicivision.com<\/a>\u00a0| <a href=\"tel:+49 7062 97704 00\">+49 7062 97704 00<\/a><\/p>\n<p>[\/vc_column_text][\/vc_column][\/vc_row][vc_row][vc_column][\/vc_column][\/vc_row]<\/p>\n<\/div>","protected":false},"excerpt":{"rendered":"<p>[vc_row][vc_column][vc_empty_space][vc_single_image image=&#8220;52527&#8243; img_size=&#8220;medium&#8220; alignment=&#8220;center&#8220;][vc_single_image image=&#8220;58880&#8243; img_size=&#8220;large&#8220; alignment=&#8220;center&#8220;][vc_column_text] Die VICIVISION GmbH ist die deutsche Niederlassung eines f\u00fchrenden Herstellers von optischen Messger\u00e4ten, die VICI &amp; C. S.p.A. mit Sitz im italienischen Santarcangelo di Romagna nahe Rimini. Unser Standort in Abstatt, nahe Heilbronn, ist der Mittelpunkt von Vertrieb und Service f\u00fcr Deutschland und \u00d6sterreich. [\/vc_column_text][vc_column_text] Zur Verst\u00e4rkung unseres<\/p>\n<div class=\"more\"><a class=\"more-link btn btn-green ion-ios7-arrow-forward\" href=\"https:\/\/www.vicivision.com\/de\/buerokauffrau-mann-m-w-d-2\/\">Weiterlesen<\/a><\/div>\n","protected":false},"author":2,"featured_media":0,"parent":0,"menu_order":0,"comment_status":"closed","ping_status":"closed","template":"","meta":{"footnotes":""},"class_list":["post-58877","page","type-page","status-publish","hentry"],"acf":[],"_links":{"self":[{"href":"https:\/\/www.vicivision.com\/de\/wp-json\/wp\/v2\/pages\/58877","targetHints":{"allow":["GET"]}}],"collection":[{"href":"https:\/\/www.vicivision.com\/de\/wp-json\/wp\/v2\/pages"}],"about":[{"href":"https:\/\/www.vicivision.com\/de\/wp-json\/wp\/v2\/types\/page"}],"author":[{"embeddable":true,"href":"https:\/\/www.vicivision.com\/de\/wp-json\/wp\/v2\/users\/2"}],"replies":[{"embeddable":true,"href":"https:\/\/www.vicivision.com\/de\/wp-json\/wp\/v2\/comments?post=58877"}],"version-history":[{"count":0,"href":"https:\/\/www.vicivision.com\/de\/wp-json\/wp\/v2\/pages\/58877\/revisions"}],"wp:attachment":[{"href":"https:\/\/www.vicivision.com\/de\/wp-json\/wp\/v2\/media?parent=58877"}],"curies":[{"name":"wp","href":"https:\/\/api.w.org\/{rel}","templated":true}]}}