{"id":45423,"date":"2024-06-28T09:15:35","date_gmt":"2024-06-28T07:15:35","guid":{"rendered":"https:\/\/www.vicivision.com\/?page_id=45423"},"modified":"2024-06-28T09:18:51","modified_gmt":"2024-06-28T07:18:51","slug":"taktilen_tastsystem","status":"publish","type":"page","link":"https:\/\/www.vicivision.com\/de\/taktilen_tastsystem\/","title":{"rendered":"Unschlagbare Leistungsf\u00e4higkeit durch die Kombination von optischer und taktiler Sensorik"},"content":{"rendered":"<div class=\"wpb-content-wrapper\"><p>[vc_row][vc_column width=&#8220;2\/3&#8243;][vc_empty_space][vc_column_text]<\/p>\n<h3><strong>Ein Messsystem \u2013 viele M\u00f6glichkeiten<\/strong><\/h3>\n<p>[\/vc_column_text][vc_column_text]Durch die Kombination seines speziellen Knowhows bei optischen Sensoren mit einem <strong>taktilen Tastsystem<\/strong> bietet VICIVISION jetzt v\u00f6llig neue Messfunktionen f\u00fcr wellenf\u00f6rmige, bzw. rotationssymmetrische Werkst\u00fccke.<\/p>\n<p><strong>Optische Messsysteme<\/strong> die aus Beleuchtung, telezentrischer Optik und Kamera, sowie einer Rotationsachse bestehen, liefern seit vielen Jahren bei hunderten von Fertigern zuverl\u00e4ssige Messergebnisse.<\/p>\n<p>Jetzt erm\u00f6glicht die <strong>Kombination von optischen<\/strong> <strong>und taktilen Messungen<\/strong> die vollst\u00e4ndige Pr\u00fcfung von komplexen Drehteilen innerhalb eines Messablaufes.<\/p>\n<p>Das optische System von VICIVISION, mit seiner schon bisher unschlagbaren Preis-\/Leistungsf\u00e4higkeit wurde durch einen taktilen <strong>Messtaster von Renishaw<\/strong> erweitert und kann im gesamten Messbereich eingesetzt werden.<\/p>\n<p>W\u00e4hrend mit dem optischen System statische und dynamische Messungen sowie die Pr\u00fcfung von Gewinden und Formmessungen m\u00f6glich sind, k\u00f6nnen mit dem taktilen Messsystem auch Merkmale gemessen werden, die optisch nicht erkennbar sind.<\/p>\n<p>Der Einsatz eines taktilen Sensors, bzw. seine Kombination mit dem optischen Sensor erm\u00f6glicht jetzt die Messung von z.B.:<\/p>\n<ul>\n<li><span style=\"color: #339966;\"><b>Planlauf*<\/b><\/span><\/li>\n<li><span style=\"color: #339966;\"><b>Ebenheit*<\/b><\/span><\/li>\n<li><span style=\"color: #339966;\"><b>Rechtwinkligkeit*<\/b><\/span><\/li>\n<li><span style=\"color: #339966;\"><b>L\u00e4ngen*<br \/>\n<\/b><\/span><\/li>\n<li><span style=\"color: #339966;\"><b>Breite**<\/b><\/span><\/li>\n<li><span style=\"color: #339966;\"><b>L\u00e4nge**<\/b><\/span><\/li>\n<li><span style=\"color: #339966;\"><b>Tiefe**<\/b><\/span><\/li>\n<\/ul>\n<p>*an, bzw. zu Stirn- und Flanschfl\u00e4chen<br \/>\n**von Passfedernuten[\/vc_column_text][vc_empty_space]<div class=\" ubtn-ctn-left \"><a class=\"ubtn-link ult-adjust-bottom-margin ubtn-left ubtn-normal \" href=\"http:\/\/www.vicivision.com\/de\/pardot-touch-probe\/\" target=\"_blank\" rel=\"noopener\" ><button type=\"button\" id=\"ubtn-3941\"  class=\"ubtn ult-adjust-bottom-margin ult-responsive ubtn-normal ubtn-no-hover-bg  none  ubtn-left   tooltip-69de18257387c\"  data-hover=\"\" data-border-color=\"\" data-bg=\"#e0e0e0\" data-hover-bg=\"\" data-border-hover=\"\" data-shadow-hover=\"\" data-shadow-click=\"none\" data-shadow=\"\" data-shd-shadow=\"\"  data-ultimate-target='#ubtn-3941'  data-responsive-json-new='{\"font-size\":\"\",\"line-height\":\"\"}'  style=\"font-weight:normal;border:none;background: #e0e0e0;color: #000000;\"><span class=\"ubtn-hover\" style=\"background-color:\"><\/span><span class=\"ubtn-data ubtn-text \" >DATENBLATT DOWNLOADEN<\/span><\/button><\/a><\/div>[\/vc_column][vc_column width=&#8220;1\/3&#8243;][vc_empty_space][vc_single_image image=&#8220;11662&#8243; img_size=&#8220;large&#8220; alignment=&#8220;right&#8220;][vc_empty_space][\/vc_column][\/vc_row][vc_row][vc_column width=&#8220;1\/2&#8243;][vc_single_image image=&#8220;12733&#8243; img_size=&#8220;500 x 500&#8243;][\/vc_column][vc_column width=&#8220;1\/2&#8243;][vc_single_image image=&#8220;23226&#8243; img_size=&#8220;450 x 430&#8243; alignment=&#8220;center&#8220;][\/vc_column][\/vc_row][vc_row][vc_column el_class=&#8220;form-verde&#8220;][vc_empty_space][vc_column_text]<\/p>\n<h1 style=\"text-align: left;\"><span style=\"color: #339966;\"><strong>REQUEST A CALL<\/strong><\/span><\/h1>\n<p>[\/vc_column_text]\n<div class=\"wpcf7 no-js\" id=\"wpcf7-f2772-o1\" lang=\"de-DE\" dir=\"ltr\">\n<div class=\"screen-reader-response\"><p role=\"status\" aria-live=\"polite\" aria-atomic=\"true\"><\/p> <ul><\/ul><\/div>\n<form action=\"\/de\/wp-json\/wp\/v2\/pages\/45423#wpcf7-f2772-o1\" method=\"post\" class=\"wpcf7-form init\" aria-label=\"Kontaktformular\" novalidate=\"novalidate\" data-status=\"init\">\n<div style=\"display: none;\">\n<input type=\"hidden\" name=\"_wpcf7\" value=\"2772\" \/>\n<input type=\"hidden\" name=\"_wpcf7_version\" value=\"5.8.7\" \/>\n<input type=\"hidden\" name=\"_wpcf7_locale\" value=\"de_DE\" \/>\n<input type=\"hidden\" name=\"_wpcf7_unit_tag\" value=\"wpcf7-f2772-o1\" \/>\n<input type=\"hidden\" name=\"_wpcf7_container_post\" value=\"0\" \/>\n<input type=\"hidden\" name=\"_wpcf7_posted_data_hash\" value=\"\" \/>\n<input type=\"hidden\" name=\"_wpcf7_recaptcha_response\" value=\"\" \/>\n<\/div>\n<div class=\"row\">\n\t<div class=\"container formcontatti\">\n\t\t<div class=\"col-md-12 col-xs-12 info\">\n\t\t\t<h4>Kontakte\n\t\t\t<\/h4>\n\t\t<\/div>\n\t\t<div class=\"col-md-6 col-sm-6 col-xs-12\">\n\t\t\t<p><span class=\"wpcf7-form-control-wrap\" data-name=\"nome\"><input size=\"40\" class=\"wpcf7-form-control wpcf7-text wpcf7-validates-as-required\" aria-required=\"true\" aria-invalid=\"false\" placeholder=\"Name und Nachname*\" value=\"\" type=\"text\" name=\"nome\" \/><\/span><br \/>\n<span class=\"wpcf7-form-control-wrap\" data-name=\"telefono\"><input size=\"40\" class=\"wpcf7-form-control wpcf7-text wpcf7-validates-as-required\" aria-required=\"true\" aria-invalid=\"false\" placeholder=\"Telefon*\" value=\"\" type=\"text\" name=\"telefono\" \/><\/span>\n\t\t\t<\/p>\n\t\t<\/div>\n\t\t<div class=\"col-md-6 col-sm-6 col-xs-12\">\n\t\t\t<p><span class=\"wpcf7-form-control-wrap\" data-name=\"email\"><input size=\"40\" class=\"wpcf7-form-control wpcf7-email wpcf7-validates-as-required wpcf7-text wpcf7-validates-as-email\" aria-required=\"true\" aria-invalid=\"false\" placeholder=\"E-mail*\" value=\"\" type=\"email\" name=\"email\" \/><\/span><br \/>\n<span class=\"wpcf7-form-control-wrap\" data-name=\"paese\"><input size=\"40\" class=\"wpcf7-form-control wpcf7-text wpcf7-validates-as-required\" aria-required=\"true\" aria-invalid=\"false\" placeholder=\"Land*\" value=\"\" type=\"text\" name=\"paese\" \/><\/span>\n\t\t\t<\/p>\n\t\t<\/div>\n\t\t<div class=\"col-md-12 col-sm-12 col-xs-12\">\n\t\t\t<p><span class=\"wpcf7-form-control-wrap\" data-name=\"messaggio\"><textarea cols=\"40\" rows=\"10\" class=\"wpcf7-form-control wpcf7-textarea\" aria-invalid=\"false\" placeholder=\"Nachricht\" name=\"messaggio\"><\/textarea><\/span>\n\t\t\t<\/p>\n\t\t<\/div>\n\t\t<div class=\"col-md-8 col-sm-6 col-xs-12 privacy\">\n\t\t\n\t\t\t<p><label><strong> GENEHMIGUNG <\/strong><\/label><br \/>\n<span class=\"wpcf7-form-control-wrap\" data-name=\"accetta\"><span class=\"wpcf7-form-control wpcf7-acceptance\"><span class=\"wpcf7-list-item\"><input type=\"checkbox\" name=\"accetta\" value=\"1\" checked=\"checked\" aria-invalid=\"false\" \/><\/span><\/span><\/span><span class=\"little\">Ich willige ein, dass Vici & C. S.p.A. und VICIVISION GmbH meine E-Mailadresse und meine sonstigen im Kontaktformular eingegebenen personenbezogenen Daten verarbeiten darf, um mit mir per E-Mail, Telefon und auf sonstige Weise in Kontakt zu treten und mir Informationen zu Produkten und Leistungen zu \u00fcbersenden. Diese Einwilligung kann ich jederzeit ohne Angabe von Gr\u00fcnden widerrufen. Im \u00dcbrigen sind mir die Hinweise in der <a href=\"https:\/\/www.vicivision.com\/privacy-policy\/\" class=\"iubenda-nostyle iubenda-embed\" title=\"Privacy Policy\">Datenschutzerkl\u00e4rung <\/a>, zum Kontaktformular bekannt.<\/span>\n\t\t\t<\/p>\n\t\t<\/div>\n\t\t<div class=\"col-md-4 col-sm-6 col-xs-12\">\n\t\t\t<p><input class=\"wpcf7-form-control wpcf7-submit has-spinner btn-green btn\" type=\"submit\" value=\"Absenden\" \/>\n\t\t\t<\/p>\n\t\t<\/div>\n\t<\/div>\n<\/div><div class=\"wpcf7-response-output\" aria-hidden=\"true\"><\/div>\n<\/form>\n<\/div>\n[\/vc_column][\/vc_row]<\/p>\n<\/div>","protected":false},"excerpt":{"rendered":"<p>[vc_row][vc_column width=&#8220;2\/3&#8243;][vc_empty_space][vc_column_text] Ein Messsystem \u2013 viele M\u00f6glichkeiten [\/vc_column_text][vc_column_text]Durch die Kombination seines speziellen Knowhows bei optischen Sensoren mit einem taktilen Tastsystem bietet VICIVISION jetzt v\u00f6llig neue Messfunktionen f\u00fcr wellenf\u00f6rmige, bzw. rotationssymmetrische Werkst\u00fccke. Optische Messsysteme die aus Beleuchtung, telezentrischer Optik und Kamera, sowie einer Rotationsachse bestehen, liefern seit vielen Jahren bei hunderten von Fertigern zuverl\u00e4ssige Messergebnisse. Jetzt<\/p>\n<div class=\"more\"><a class=\"more-link btn btn-green ion-ios7-arrow-forward\" href=\"https:\/\/www.vicivision.com\/de\/taktilen_tastsystem\/\">Weiterlesen<\/a><\/div>\n","protected":false},"author":2,"featured_media":11662,"parent":0,"menu_order":0,"comment_status":"closed","ping_status":"closed","template":"","meta":{"footnotes":""},"class_list":["post-45423","page","type-page","status-publish","has-post-thumbnail","hentry"],"acf":[],"_links":{"self":[{"href":"https:\/\/www.vicivision.com\/de\/wp-json\/wp\/v2\/pages\/45423","targetHints":{"allow":["GET"]}}],"collection":[{"href":"https:\/\/www.vicivision.com\/de\/wp-json\/wp\/v2\/pages"}],"about":[{"href":"https:\/\/www.vicivision.com\/de\/wp-json\/wp\/v2\/types\/page"}],"author":[{"embeddable":true,"href":"https:\/\/www.vicivision.com\/de\/wp-json\/wp\/v2\/users\/2"}],"replies":[{"embeddable":true,"href":"https:\/\/www.vicivision.com\/de\/wp-json\/wp\/v2\/comments?post=45423"}],"version-history":[{"count":0,"href":"https:\/\/www.vicivision.com\/de\/wp-json\/wp\/v2\/pages\/45423\/revisions"}],"wp:featuredmedia":[{"embeddable":true,"href":"https:\/\/www.vicivision.com\/de\/wp-json\/wp\/v2\/media\/11662"}],"wp:attachment":[{"href":"https:\/\/www.vicivision.com\/de\/wp-json\/wp\/v2\/media?parent=45423"}],"curies":[{"name":"wp","href":"https:\/\/api.w.org\/{rel}","templated":true}]}}