{"id":41767,"date":"2020-10-05T11:46:56","date_gmt":"2020-10-05T09:46:56","guid":{"rendered":"https:\/\/www.vicivision.com\/pardot-turbine\/"},"modified":"2021-04-23T08:51:26","modified_gmt":"2021-04-23T06:51:26","slug":"messen-sie-jeden-turbinentyp","status":"publish","type":"page","link":"https:\/\/www.vicivision.com\/de\/messen-sie-jeden-turbinentyp\/","title":{"rendered":"PARDOT &#8211; Turbine"},"content":{"rendered":"<div class=\"wpb-content-wrapper\"><p>[vc_row][vc_column][vc_column_text]<\/p>\n<h3><strong><br \/>\nHier finden Sie ein Verfahren, das Sie vor unangenehmen Fehlern sch\u00fctzen wird.<br \/>\n<\/strong><\/h3>\n<p>&nbsp;<\/p>\n<p>In den n\u00e4chsten drei Jahren wird die Automobilindustrie sich komplett neu aufgestellt haben.<\/p>\n<p><strong>Klassische Komponenten wie Nockenwellen, Turbinen, Gleichlaufgelenke, Getriebewellen, Ventile, Kolben, Kurbelwellen werden nicht verschwinden. <\/strong><\/p>\n<p><strong>Die St\u00fcckzahlen werden reduziert<\/strong>, die Leistung erh\u00f6ht und <strong>die Modelle werden sich \u00e4ndern<\/strong>.<\/p>\n<p>Stellen Sie sich vor, jemand klopft an die T\u00fcr und sagt: &#8222;Es muss funktionieren wie das Bisherige, weniger kosten, mehr Leistung haben, l\u00e4nger halten und in k\u00fcrzester Zeit einsatzbereit sein. Oh, ich verga\u00df: Wir m\u00fcssen flexibel bleiben, weil die St\u00fcckzahlen niedrig sind und mehrere Chargen auf der gleichen Anlage fahren werden.&#8220;<\/p>\n<p>Wie werden Sie unter diesen Bedingungen <strong>die Qualit\u00e4t sicherstellen<\/strong>?<br \/>\nWie k\u00f6nnen Sie <strong>die Kosten unter Kontrolle halten, indem Sie die St\u00fcckzahlen reduzieren<\/strong>?<br \/>\nWas werden <strong>die erwarteten OEE-Parameter sein<\/strong>?<\/p>\n<p><strong>Bei der Befragung von Qualit\u00e4ts- und Produktionsmanagern<\/strong> stellen wir fest, dass die gr\u00f6\u00dften Herausforderungen sind:<\/p>\n<p><strong>L\u00f6sungen zu haben, die sowohl flexibel als auch schnell sind<br \/>\n<\/strong>Pr\u00fcfung au\u00dferhalb des Messraums unter <strong>Beibehaltung der Datenr\u00fcckverfolgbarkeit und Kontrolle<\/strong><br \/>\nBringen Sie den Bedienern bei, <strong>keine Fehler<\/strong> bei hoher Variabilit\u00e4t der Chargen zu haben<br \/>\nSt\u00e4ndige \u00dcberwachung und <strong>rechtzeitiges korrigieren<\/strong>.<\/p>\n<p>Angesichts dieses Szenarios hat VICIVISION die M\u00f6glichkeit geschaffen, um Ihnen das richtige Messger\u00e4t zur Verf\u00fcgung zu stellen:<\/p>\n<ol>\n<li><strong>Wechselt das Werkst\u00fcck mit Hilfe eines Barcodes<\/strong> ohne Umr\u00fcsten<\/li>\n<li><strong>Misst in wenigen Sekunden<\/strong><\/li>\n<li><strong>Arbeitet in der Werkstatt<\/strong><\/li>\n<li><strong>Bedient Werkzeugmaschinen<\/strong><\/li>\n<li><strong>Liefert Daten an das Messlabor<\/strong><\/li>\n<li>Empf\u00e4ngt Anweisungen vom MES und <strong>sammelt Daten<\/strong> f\u00fcr das Statistiksystem<\/li>\n<\/ol>\n<p>Mehr als 2000 Unternehmen setzen es bereits ein<span style=\"font-size: 16px;\">.<\/span><\/p>\n<p>&nbsp;<\/p>\n<p>Wollen Sie mehr wissen?<\/p>\n<p>F\u00fcllen Sie das Formular aus und erhalten Sie folgendes:<\/p>\n<ul>\n<li>Informationen \u00fcber die Techno-Messmaschinen und spezifische Anwendungen, die f\u00fcr den Automobilsektor entwickelt wurden<\/li>\n<li>Jede Woche eine Praxis-Beispiel.<\/li>\n<\/ul>\n<p>[\/vc_column_text][\/vc_column][\/vc_row]<\/p>\n<\/div>","protected":false},"excerpt":{"rendered":"<p>[vc_row][vc_column][vc_column_text] Hier finden Sie ein Verfahren, das Sie vor unangenehmen Fehlern sch\u00fctzen wird. &nbsp; In den n\u00e4chsten drei Jahren wird die Automobilindustrie sich komplett neu aufgestellt haben. Klassische Komponenten wie Nockenwellen, Turbinen, Gleichlaufgelenke, Getriebewellen, Ventile, Kolben, Kurbelwellen werden nicht verschwinden. Die St\u00fcckzahlen werden reduziert, die Leistung erh\u00f6ht und die Modelle werden sich \u00e4ndern. Stellen Sie<\/p>\n<div class=\"more\"><a class=\"more-link btn btn-green ion-ios7-arrow-forward\" href=\"https:\/\/www.vicivision.com\/de\/messen-sie-jeden-turbinentyp\/\">Weiterlesen<\/a><\/div>\n","protected":false},"author":5,"featured_media":0,"parent":0,"menu_order":0,"comment_status":"closed","ping_status":"closed","template":"template-form-handler.php","meta":{"footnotes":""},"class_list":["post-41767","page","type-page","status-publish","hentry"],"acf":[],"_links":{"self":[{"href":"https:\/\/www.vicivision.com\/de\/wp-json\/wp\/v2\/pages\/41767","targetHints":{"allow":["GET"]}}],"collection":[{"href":"https:\/\/www.vicivision.com\/de\/wp-json\/wp\/v2\/pages"}],"about":[{"href":"https:\/\/www.vicivision.com\/de\/wp-json\/wp\/v2\/types\/page"}],"author":[{"embeddable":true,"href":"https:\/\/www.vicivision.com\/de\/wp-json\/wp\/v2\/users\/5"}],"replies":[{"embeddable":true,"href":"https:\/\/www.vicivision.com\/de\/wp-json\/wp\/v2\/comments?post=41767"}],"version-history":[{"count":0,"href":"https:\/\/www.vicivision.com\/de\/wp-json\/wp\/v2\/pages\/41767\/revisions"}],"wp:attachment":[{"href":"https:\/\/www.vicivision.com\/de\/wp-json\/wp\/v2\/media?parent=41767"}],"curies":[{"name":"wp","href":"https:\/\/api.w.org\/{rel}","templated":true}]}}