{"id":41750,"date":"2020-10-05T16:07:37","date_gmt":"2020-10-05T14:07:37","guid":{"rendered":"https:\/\/www.vicivision.com\/pardot-serie-x\/"},"modified":"2021-04-27T15:17:02","modified_gmt":"2021-04-27T13:17:02","slug":"optischen-messmaschinen-vicivision","status":"publish","type":"page","link":"https:\/\/www.vicivision.com\/de\/optischen-messmaschinen-vicivision\/","title":{"rendered":"PARDOT &#8211; Serie X"},"content":{"rendered":"<div class=\"wpb-content-wrapper\"><p>[vc_row gap=&#8220;5&#8243; equal_height=&#8220;yes&#8220; css=&#8220;.vc_custom_1614674010654{margin-bottom: 0px !important;padding-right: 0% !important;padding-left: 0% !important;}&#8220; el_id=&#8220;flayer&#8220;][vc_column][vc_column_text]<\/p>\n<h3><\/h3>\n<h3><strong>Nachfolgend finden Sie drei Tipps mit sofortigem Nutzen, die bereits von vielen Drehereien in der Industrie eingesetzt werden.<br \/>\nIdeal f\u00fcr alle, die Zahnimplantate, Prothetik, Knochenschrauben, Mikromechanik drehen und in der Uhrenherstellung t\u00e4tig sind.<\/strong><\/h3>\n<p>&nbsp;<\/p>\n<ol>\n<li><strong><u>Verdienen Sie Geld mit kleinen Chargen.<\/u><\/strong><\/li>\n<\/ol>\n<p>Wie viele Umr\u00fcstungen f\u00fchren Sie pro Tag in Ihrer Produktion durch?<br \/>\nWie hoch sch\u00e4tzen Sie die Kosten pro Stunde bei einem Maschinenstillstand?<\/p>\n<p>Finden Sie heraus, wie Sie Stillstandzeiten reduzieren k\u00f6nnen.<\/p>\n<p>Erfassen Sie die Werkst\u00fcck-Abmessungen in wenigen Sekunden und \u00fcbertragen Sie diese sofort auf die CNC-Drehmaschine.<\/p>\n<p><strong>Sparen Sie bei jeder Umr\u00fcstung bis zu 40 Minuten<\/strong>.<\/p>\n<ol start=\"2\">\n<li><strong><u>Reduzieren Sie Ausschuss.<\/u><\/strong><\/li>\n<\/ol>\n<p>Wie viel Material verschwenden Sie im Jahr?<br \/>\nWas ist, wenn fehlerhafte Teile an den Kunden geliefert werden?<\/p>\n<p>Nutzen Sie die Vorteile eines <strong>Messsystems direkt neben der Drehmaschine<\/strong>, mit dem Sie <strong>Ausschussteile verhindern k\u00f6nnen<\/strong>.<\/p>\n<ol start=\"3\">\n<li><strong><u>Setzen Sie sich gegen\u00fcber Ihrem Wettbewerb durch.<\/u><\/strong><\/li>\n<\/ol>\n<p>Wie sehr beeinflussen Qualit\u00e4t und Image Ihre Wahl eines Lieferanten?<br \/>\nWie viel kosten Reklamationen? Was ist mit Qualit\u00e4tsaudits?<\/p>\n<p><strong>Die Aufzeichnung Ihrer Qualit\u00e4t ohne Mehrkosten und das Vermeiden von Reklamationen demonstriert Ihre Leistung.<\/strong><\/p>\n<p>&nbsp;<\/p>\n<p>Sie m\u00f6chten wissen, wie Sie das alles in die Praxis umsetzen k\u00f6nnen?<\/p>\n<p><strong>Mit den optischen Messmaschinen von VICIVISION, die speziell f\u00fcr Hersteller von Zahnimplantaten und Mikrokomponenten entwickelt wurden.<\/strong><\/p>\n<p>Das Ger\u00e4t ist einfach zu bedienen und <strong>amortisiert sich in etwa 3 Monaten<\/strong>.<\/p>\n<p>Von da an werden Sie Ihre Marge erh\u00f6hen und mehr Wettbewerbsvorteile haben.<\/p>\n<p>&nbsp;<\/p>\n<p>F\u00fcllen Sie das Formular aus und Sie erhalten folgendes:<\/p>\n<ul>\n<li>Informationen \u00fcber die X-Serie, eine Messmaschine, die speziell f\u00fcr die Dental-, Biomedizin- und Uhrenindustrie entwickelt wurde<\/li>\n<li>W\u00f6chentlich ein Praxis-Beispiel.<\/li>\n<\/ul>\n<p>[\/vc_column_text][\/vc_column][\/vc_row]<\/p>\n<\/div>","protected":false},"excerpt":{"rendered":"<p>[vc_row gap=&#8220;5&#8243; equal_height=&#8220;yes&#8220; css=&#8220;.vc_custom_1614674010654{margin-bottom: 0px !important;padding-right: 0% !important;padding-left: 0% !important;}&#8220; el_id=&#8220;flayer&#8220;][vc_column][vc_column_text] Nachfolgend finden Sie drei Tipps mit sofortigem Nutzen, die bereits von vielen Drehereien in der Industrie eingesetzt werden. Ideal f\u00fcr alle, die Zahnimplantate, Prothetik, Knochenschrauben, Mikromechanik drehen und in der Uhrenherstellung t\u00e4tig sind. &nbsp; Verdienen Sie Geld mit kleinen Chargen. Wie viele Umr\u00fcstungen f\u00fchren<\/p>\n<div class=\"more\"><a class=\"more-link btn btn-green ion-ios7-arrow-forward\" href=\"https:\/\/www.vicivision.com\/de\/optischen-messmaschinen-vicivision\/\">Weiterlesen<\/a><\/div>\n","protected":false},"author":5,"featured_media":0,"parent":0,"menu_order":0,"comment_status":"closed","ping_status":"closed","template":"template-form-handler.php","meta":{"footnotes":""},"class_list":["post-41750","page","type-page","status-publish","hentry"],"acf":[],"_links":{"self":[{"href":"https:\/\/www.vicivision.com\/de\/wp-json\/wp\/v2\/pages\/41750","targetHints":{"allow":["GET"]}}],"collection":[{"href":"https:\/\/www.vicivision.com\/de\/wp-json\/wp\/v2\/pages"}],"about":[{"href":"https:\/\/www.vicivision.com\/de\/wp-json\/wp\/v2\/types\/page"}],"author":[{"embeddable":true,"href":"https:\/\/www.vicivision.com\/de\/wp-json\/wp\/v2\/users\/5"}],"replies":[{"embeddable":true,"href":"https:\/\/www.vicivision.com\/de\/wp-json\/wp\/v2\/comments?post=41750"}],"version-history":[{"count":0,"href":"https:\/\/www.vicivision.com\/de\/wp-json\/wp\/v2\/pages\/41750\/revisions"}],"wp:attachment":[{"href":"https:\/\/www.vicivision.com\/de\/wp-json\/wp\/v2\/media?parent=41750"}],"curies":[{"name":"wp","href":"https:\/\/api.w.org\/{rel}","templated":true}]}}