{"id":41742,"date":"2020-10-05T16:09:16","date_gmt":"2020-10-05T14:09:16","guid":{"rendered":"https:\/\/www.vicivision.com\/pardot-serie-m\/"},"modified":"2021-04-23T09:17:42","modified_gmt":"2021-04-23T07:17:42","slug":"messlosung-speziell-fur-die-lohnfertigung-von-drehteilen","status":"publish","type":"page","link":"https:\/\/www.vicivision.com\/de\/messlosung-speziell-fur-die-lohnfertigung-von-drehteilen\/","title":{"rendered":"PARDOT &#8211; Serie M"},"content":{"rendered":"<div class=\"wpb-content-wrapper\"><p>[vc_row gap=&#8220;5&#8243; equal_height=&#8220;yes&#8220; css=&#8220;.vc_custom_1614673845301{margin-bottom: 0px !important;padding-right: 0% !important;padding-left: 0% !important;}&#8220; el_id=&#8220;flayer&#8220;][vc_column][vc_column_text]<\/p>\n<h3><strong><br \/>\n<\/strong><strong>450 Drehereien in Italien und \u00fcber 3000 weltweit, haben bereits Ma\u00dfnahmen ergriffen, um Ihre Gewinnmarge zu steigern.<br \/>\nDas h\u00f6rt sich nach viel an, aber es sind nur die Ersten, die diese Vorteile erkennen.<\/strong><\/h3>\n<p>&nbsp;<\/p>\n<p><strong>Die Steigerung des Gewinns<\/strong> ist f\u00fcr die meisten Unternehmen h\u00f6chste Priorit\u00e4t.<\/p>\n<p>Es gibt drei M\u00f6glichkeiten, dies zu erreichen:<\/p>\n<p><strong>Mehr zu produzieren,<br \/>\n<\/strong><strong>Den Ausschuss verringern,<br \/>\n<\/strong><strong>Mehr berechnen zu k\u00f6nnen.<\/strong><\/p>\n<p><strong>Sie k\u00f6nnen alle drei Ziele erreichen, ohne in neue CNC-Drehmaschinen oder Schleifmaschinen zu investieren.<\/strong><\/p>\n<p>Wie das geht?<\/p>\n<p>Lassen Sie es uns gemeinsam herausfinden:<\/p>\n<p>Wenn ich <strong>Stillstandzeiten vermeide<\/strong>, produziere ich dann nicht mehr?<br \/>\nWenn ich <strong>Werkzeugparameter korrigiere<\/strong>, <strong>bevor ich Ausschussteile produziere<\/strong>, reduziere ich dann nicht den Ausschuss?<br \/>\nWenn ich <strong>h\u00f6here Qualit\u00e4t biete<\/strong>, kann ich dann nicht mehr berechnen?<\/p>\n<p><strong>Und das alles ohne Wechsel der Produktionsmaschinen.<\/strong><\/p>\n<p>Nutzen Sie die Vorteile einer optischen Wellenmessmaschine f\u00fcr die Produktion.<\/p>\n<p><strong>Die optischen Messmaschinen von VICIVISION<\/strong> erm\u00f6glichen Ihnen:<\/p>\n<p><strong>Eine Effizienzsteigerung von bis zu 37 %<\/strong> durch schnelleren Chargenwechsels<br \/>\nDie Gewissheit einer <strong>100% konformen Charge<\/strong> durch automatische Korrektur der Werkzeugparameter<br \/>\nDie M\u00f6glichkeit der <strong>Qualit\u00e4tsr\u00fcckverfolgung zum<\/strong> Nulltarif.<\/p>\n<p>&nbsp;<\/p>\n<p>Stellen Sie doch zuerst sicher, dass Sie Ihr volles Potenzial aussch\u00f6pfen, bevor Sie in weitere Produktionsmaschinen investieren?<\/p>\n<p>&nbsp;<\/p>\n<p>F\u00fcllen Sie das Formular aus und Sie erhalten?<\/p>\n<ul>\n<li>Informationen \u00fcber die M-Serie, eine Messl\u00f6sung speziell f\u00fcr die Lohnfertigung von Drehteilen<\/li>\n<li>W\u00f6chentlich ein Praxis-Beispiel, wie Sie mehr produzieren, Ausschuss reduzieren und sich flexibler gegen Ihren Wettbewerb durchsetzen k\u00f6nnen.<\/li>\n<\/ul>\n<p>[\/vc_column_text][\/vc_column][\/vc_row]<\/p>\n<\/div>","protected":false},"excerpt":{"rendered":"<p>[vc_row gap=&#8220;5&#8243; equal_height=&#8220;yes&#8220; css=&#8220;.vc_custom_1614673845301{margin-bottom: 0px !important;padding-right: 0% !important;padding-left: 0% !important;}&#8220; el_id=&#8220;flayer&#8220;][vc_column][vc_column_text] 450 Drehereien in Italien und \u00fcber 3000 weltweit, haben bereits Ma\u00dfnahmen ergriffen, um Ihre Gewinnmarge zu steigern. Das h\u00f6rt sich nach viel an, aber es sind nur die Ersten, die diese Vorteile erkennen. &nbsp; Die Steigerung des Gewinns ist f\u00fcr die meisten Unternehmen h\u00f6chste<\/p>\n<div class=\"more\"><a class=\"more-link btn btn-green ion-ios7-arrow-forward\" href=\"https:\/\/www.vicivision.com\/de\/messlosung-speziell-fur-die-lohnfertigung-von-drehteilen\/\">Weiterlesen<\/a><\/div>\n","protected":false},"author":5,"featured_media":0,"parent":0,"menu_order":0,"comment_status":"closed","ping_status":"closed","template":"template-form-handler.php","meta":{"footnotes":""},"class_list":["post-41742","page","type-page","status-publish","hentry"],"acf":[],"_links":{"self":[{"href":"https:\/\/www.vicivision.com\/de\/wp-json\/wp\/v2\/pages\/41742","targetHints":{"allow":["GET"]}}],"collection":[{"href":"https:\/\/www.vicivision.com\/de\/wp-json\/wp\/v2\/pages"}],"about":[{"href":"https:\/\/www.vicivision.com\/de\/wp-json\/wp\/v2\/types\/page"}],"author":[{"embeddable":true,"href":"https:\/\/www.vicivision.com\/de\/wp-json\/wp\/v2\/users\/5"}],"replies":[{"embeddable":true,"href":"https:\/\/www.vicivision.com\/de\/wp-json\/wp\/v2\/comments?post=41742"}],"version-history":[{"count":0,"href":"https:\/\/www.vicivision.com\/de\/wp-json\/wp\/v2\/pages\/41742\/revisions"}],"wp:attachment":[{"href":"https:\/\/www.vicivision.com\/de\/wp-json\/wp\/v2\/media?parent=41742"}],"curies":[{"name":"wp","href":"https:\/\/api.w.org\/{rel}","templated":true}]}}