{"id":41737,"date":"2020-10-05T15:29:38","date_gmt":"2020-10-05T13:29:38","guid":{"rendered":"https:\/\/www.vicivision.com\/pardot-raccordi\/"},"modified":"2022-02-23T11:48:06","modified_gmt":"2022-02-23T10:48:06","slug":"das-einfachste-und-genaueste-system-zum-messen","status":"publish","type":"page","link":"https:\/\/www.vicivision.com\/de\/das-einfachste-und-genaueste-system-zum-messen\/","title":{"rendered":"PARDOT &#8211; Raccordi"},"content":{"rendered":"<div class=\"wpb-content-wrapper\"><p>[vc_row css=&#8220;.vc_custom_1614175379379{padding-right: 0px !important;padding-left: 0px !important;}&#8220;][vc_column][vc_empty_space][vc_column_text]<strong>Genaue und objektive Ergebnisse bei der Messung von Gewinden<\/strong> zu erzielen, ist f\u00fcr die Hersteller oft eine schwierige Aufgabe, die zudem m\u00f6glichst schnell erledigt werden soll.<\/p>\n<p>In Zusammenarbeit mit unseren Kunden haben wir daf\u00fcr <strong>ein spezielles Softwarewerkzeug<\/strong> entwickelt das diese W\u00fcnsche erf\u00fcllt.<\/p>\n<p>Damit k\u00f6nnen zus\u00e4tzlich zu den Standardmerkmalen wie Durchmessern, L\u00e4ngen, Winkeln, Radien und Fasen nahezu alle <strong>spezifischen Gewindeparameter<\/strong> gemessen werden.<\/p>\n<p>Ob <strong>spanend oder umformend hergestellte Gewinde<\/strong> \u2013 mit unserem Softwarewerkzeug f\u00fcr Gewinde werden diese Merkmale <strong>in wenigen Sekunden<\/strong> ermittelt, unabh\u00e4ngig davon, ob es sich um <strong>Schrauben, Bolzen, Gewindefittinge <\/strong>oder sonstige <strong>Drehteile <\/strong>handelt.[\/vc_column_text][\/vc_column][\/vc_row]<\/p>\n<\/div>","protected":false},"excerpt":{"rendered":"<p>[vc_row css=&#8220;.vc_custom_1614175379379{padding-right: 0px !important;padding-left: 0px !important;}&#8220;][vc_column][vc_empty_space][vc_column_text]Genaue und objektive Ergebnisse bei der Messung von Gewinden zu erzielen, ist f\u00fcr die Hersteller oft eine schwierige Aufgabe, die zudem m\u00f6glichst schnell erledigt werden soll. In Zusammenarbeit mit unseren Kunden haben wir daf\u00fcr ein spezielles Softwarewerkzeug entwickelt das diese W\u00fcnsche erf\u00fcllt. Damit k\u00f6nnen zus\u00e4tzlich zu den Standardmerkmalen wie Durchmessern,<\/p>\n<div class=\"more\"><a class=\"more-link btn btn-green ion-ios7-arrow-forward\" href=\"https:\/\/www.vicivision.com\/de\/das-einfachste-und-genaueste-system-zum-messen\/\">Weiterlesen<\/a><\/div>\n","protected":false},"author":5,"featured_media":0,"parent":0,"menu_order":0,"comment_status":"closed","ping_status":"closed","template":"template-form-handler.php","meta":{"footnotes":""},"class_list":["post-41737","page","type-page","status-publish","hentry"],"acf":[],"_links":{"self":[{"href":"https:\/\/www.vicivision.com\/de\/wp-json\/wp\/v2\/pages\/41737","targetHints":{"allow":["GET"]}}],"collection":[{"href":"https:\/\/www.vicivision.com\/de\/wp-json\/wp\/v2\/pages"}],"about":[{"href":"https:\/\/www.vicivision.com\/de\/wp-json\/wp\/v2\/types\/page"}],"author":[{"embeddable":true,"href":"https:\/\/www.vicivision.com\/de\/wp-json\/wp\/v2\/users\/5"}],"replies":[{"embeddable":true,"href":"https:\/\/www.vicivision.com\/de\/wp-json\/wp\/v2\/comments?post=41737"}],"version-history":[{"count":0,"href":"https:\/\/www.vicivision.com\/de\/wp-json\/wp\/v2\/pages\/41737\/revisions"}],"wp:attachment":[{"href":"https:\/\/www.vicivision.com\/de\/wp-json\/wp\/v2\/media?parent=41737"}],"curies":[{"name":"wp","href":"https:\/\/api.w.org\/{rel}","templated":true}]}}