{"id":2549,"date":"2014-11-20T11:18:46","date_gmt":"2014-11-20T10:18:46","guid":{"rendered":"https:\/\/www.vicivision.com\/?page_id=2549"},"modified":"2023-05-23T11:56:06","modified_gmt":"2023-05-23T09:56:06","slug":"kundenbetreuung","status":"publish","type":"page","link":"https:\/\/www.vicivision.com\/de\/kundenbetreuung\/","title":{"rendered":"Kundenbetreuung"},"content":{"rendered":"<div class=\"wpb-content-wrapper\"><p>[vc_row][vc_column][vc_column_text]<\/p>\n<h5><strong>VICIVISION<\/strong> bietet einen umfassenden After-Sales-Service und professionelle Arbeitsausf\u00fchrung in Italien und im Ausland an, mittels telefonischer Unterst\u00fctzung und Direkteingriff an Ort und Stelle.<\/h5>\n<h5>Um die Anlagen in optimalem Zustand f\u00fcr hohe Leistungsst\u00e4rke der Produktion zu erhalten, bietet das technische Personal den Maschinenf\u00fchrern fachkundige Unterst\u00fctzung und laufende\u00a0 Ausbildung (Training) in der Reparatur, bei Ersatzteil-Lieferung und bei Auftr\u00e4gen auf Abruf.<\/h5>\n<h5>Wir gew\u00e4hrleisten unseren Service neben durch Verwendung traditioneller Instrumente, auch durch Telefonservice, der das Testen der Ger\u00e4te und die Diagnose der Fehlermeldung des Betreibers erlaubt, sowie das Aktualisieren der Software.<\/h5>\n<h5>Bitte kontaktieren Sie den Kundendienst und senden eine Anfrage an <a href=\"mailto:info@vicivision.com\">info@vicivision.com<\/a><\/h5>\n<h5>Um unseren Service zu kontaktieren, rufen Sie bitte folgende Nummer an:<\/h5>\n<h5>Bez\u00fcglich optischer Messmaschinen: +49 7062 977 0400<\/h5>\n<h5><span lang=\"DE\">F\u00fcr kundenspezifische L\u00f6sungen (industrielle Automatisierung und Warenkontrolle): +49\u00a07062 977 0400<\/span><\/h5>\n<h5><strong>VICIVISION GmbH: \u00a0<a href=\"http:\/\/www.vicivision.de\">www.vicivision.com<\/a><\/strong><\/h5>\n<h5><strong>VICIVISION GmbH<\/strong><br \/>\nSeestra\u00dfe 5\/1<br \/>\nD-74232 Abstatt<br \/>\nTel. +49 7062 977 0400<br \/>\n<a href=\"mailto:info@vicivision.com\">info@vicivision.com<\/a><\/h5>\n<h5><\/h5>\n<p>[\/vc_column_text][vc_column_text]<\/p>\n<h5><\/h5>\n<p>[\/vc_column_text]<div class=\" ubtn-ctn-center \"><a class=\"ubtn-link ult-adjust-bottom-margin ubtn-center ubtn-small \" href=\"\/de\/kontakte\/\" ><button type=\"button\" id=\"ubtn-9178\"  class=\"ubtn ult-adjust-bottom-margin ult-responsive ubtn-small ubtn-no-hover-bg  none  ubtn-center   tooltip-69f48257b55d5\"  data-hover=\"\" data-border-color=\"\" data-bg=\"#33a564\" data-hover-bg=\"\" data-border-hover=\"\" data-shadow-hover=\"\" data-shadow-click=\"none\" data-shadow=\"\" data-shd-shadow=\"\"  data-ultimate-target='#ubtn-9178'  data-responsive-json-new='{\"font-size\":\"desktop:14px;\",\"line-height\":\"\"}'  style=\"font-weight:normal;border:none;background: #33a564;color: #ffffff;\"><span class=\"ubtn-data ubtn-icon\"><i class=\"none\" style=\"font-size:32px;color:;\"><\/i><\/span><span class=\"ubtn-hover\" style=\"background-color:\"><\/span><span class=\"ubtn-data ubtn-text \" >Kontaktieren Sie uns<\/span><\/button><\/a><\/div>[\/vc_column][\/vc_row][vc_row][vc_column width=&#8220;1\/2&#8243;][\/vc_column][vc_column width=&#8220;1\/2&#8243;][\/vc_column][\/vc_row]<\/p>\n<\/div>","protected":false},"excerpt":{"rendered":"<p>[vc_row][vc_column][vc_column_text] VICIVISION bietet einen umfassenden After-Sales-Service und professionelle Arbeitsausf\u00fchrung in Italien und im Ausland an, mittels telefonischer Unterst\u00fctzung und Direkteingriff an Ort und Stelle. Um die Anlagen in optimalem Zustand f\u00fcr hohe Leistungsst\u00e4rke der Produktion zu erhalten, bietet das technische Personal den Maschinenf\u00fchrern fachkundige Unterst\u00fctzung und laufende\u00a0 Ausbildung (Training) in der Reparatur, bei Ersatzteil-Lieferung und<\/p>\n<div class=\"more\"><a class=\"more-link btn btn-green ion-ios7-arrow-forward\" href=\"https:\/\/www.vicivision.com\/de\/kundenbetreuung\/\">Weiterlesen<\/a><\/div>\n","protected":false},"author":2,"featured_media":0,"parent":0,"menu_order":0,"comment_status":"closed","ping_status":"closed","template":"","meta":{"footnotes":""},"class_list":["post-2549","page","type-page","status-publish","hentry"],"acf":[],"_links":{"self":[{"href":"https:\/\/www.vicivision.com\/de\/wp-json\/wp\/v2\/pages\/2549","targetHints":{"allow":["GET"]}}],"collection":[{"href":"https:\/\/www.vicivision.com\/de\/wp-json\/wp\/v2\/pages"}],"about":[{"href":"https:\/\/www.vicivision.com\/de\/wp-json\/wp\/v2\/types\/page"}],"author":[{"embeddable":true,"href":"https:\/\/www.vicivision.com\/de\/wp-json\/wp\/v2\/users\/2"}],"replies":[{"embeddable":true,"href":"https:\/\/www.vicivision.com\/de\/wp-json\/wp\/v2\/comments?post=2549"}],"version-history":[{"count":0,"href":"https:\/\/www.vicivision.com\/de\/wp-json\/wp\/v2\/pages\/2549\/revisions"}],"wp:attachment":[{"href":"https:\/\/www.vicivision.com\/de\/wp-json\/wp\/v2\/media?parent=2549"}],"curies":[{"name":"wp","href":"https:\/\/api.w.org\/{rel}","templated":true}]}}