{"id":2543,"date":"2014-11-20T11:18:31","date_gmt":"2014-11-20T10:18:31","guid":{"rendered":"https:\/\/www.vicivision.com\/?page_id=2543"},"modified":"2025-07-28T12:11:22","modified_gmt":"2025-07-28T10:11:22","slug":"produkte-2","status":"publish","type":"page","link":"https:\/\/www.vicivision.com\/de\/produkte-2\/","title":{"rendered":"Optische Messger\u00e4te"},"content":{"rendered":"<div class=\"wpb-content-wrapper\"><p>[vc_row el_class=&#8220;bgimage-extended bgimageoptical-measurement bgimageoptical-measurement-img&#8220; css=&#8220;.vc_custom_1600759640785{padding-top: 60px !important;padding-bottom: 60px !important;}&#8220;][vc_column][vc_empty_space height=&#8220;70px&#8220;][vc_column_text]<\/p>\n<h5 style=\"text-align: center;\">VICIVISION \u2013 Optische Messtechnik f\u00fcr viele Geometriemerkmale.<br \/>\nDie optischen Wellenmessger\u00e4te von VICIVISION pr\u00fcfen f\u00fcr Sie auf Knopfdruck Parallelit\u00e4t, Koaxialit\u00e4t, Rundheit, Rundlauf, Zylindrizit\u00e4t und viele andere Merkmale Ihrer rotationssymmetrischen Bauteile.<\/h5>\n<p>[\/vc_column_text]<div class=\" ubtn-ctn-center \"><a class=\"ubtn-link ult-adjust-bottom-margin ubtn-center ubtn-normal \" href=\"http:\/\/www.vicivision.com\/de\/die-optischen-messmaschinen-von-vicivision\/\" ><button type=\"button\" id=\"ubtn-5351\"  class=\"ubtn ult-adjust-bottom-margin ult-responsive ubtn-normal ubtn-no-hover-bg  none  ubtn-center   tooltip-69e7332772a6c\"  data-hover=\"\" data-border-color=\"\" data-bg=\"#33a564\" data-hover-bg=\"\" data-border-hover=\"\" data-shadow-hover=\"\" data-shadow-click=\"none\" data-shadow=\"\" data-shd-shadow=\"\"  data-ultimate-target='#ubtn-5351'  data-responsive-json-new='{\"font-size\":\"\",\"line-height\":\"\"}'  style=\"font-weight:normal;border:none;background: #33a564;color: #ffffff;\"><span class=\"ubtn-hover\" style=\"background-color:\"><\/span><span class=\"ubtn-data ubtn-text \" >KATALOG HERUNTERLADEN<\/span><\/button><\/a><\/div>[vc_empty_space height=&#8220;70px&#8220;][\/vc_column][\/vc_row][vc_row el_class=&#8220;bgimage-extended bgimageoptical-measurement bgimageoptical-measurement-techno&#8220; css=&#8220;.vc_custom_1600759709261{padding-top: 60px !important;padding-bottom: 60px !important;}&#8220;][vc_column][vc_empty_space height=&#8220;70px&#8220;][vc_column_text]<\/p>\n<h2 style=\"text-align: center;\"><strong><a href=\"[[_URL_]]\/de\/macchine-di-misura-ottica-aumento-produttivita-riduzione-scarti\/optische-messsysteme\/\">TECHNO &#8211; BAUREIHE<\/a><\/strong><\/h2>\n<h5 style=\"text-align: center;\"><span style=\"color: #33a564;\">F\u00fcr Wellen bis zu 1250 x 180 mm<\/span><\/h5>\n<p style=\"text-align: center;\">Ein modulares Baukastensystem bietet die passende Maschine f\u00fcr Ihre Produktion.<br \/>\nMaximale Leistung kombiniert in 20 Messbereichen:<br \/>\nVon 40 x 180 mm bis zu 300 x 1250 mm.<\/p>\n<p>[\/vc_column_text][vc_empty_space height=&#8220;70px&#8220;][\/vc_column][\/vc_row][vc_row el_class=&#8220;bgimage-extended bgimageoptical-measurement bgimageoptical-measurement-serie-prima&#8220; css=&#8220;.vc_custom_1659965047033{padding-top: 60px !important;padding-bottom: 60px !important;}&#8220;][vc_column][vc_empty_space height=&#8220;70px&#8220;][vc_column_text]<\/p>\n<h2 style=\"text-align: center;\"><strong><span style=\"color: #33a564;\"><a style=\"color: #33a564;\" href=\"https:\/\/www.vicivision.com\/de\/die-neue-prima-serie-fuer-einfaches-messen-ihrer-drehteile\/\">PRIMA &#8211; BAUREIHE<\/a><\/span><\/strong><\/h2>\n<h5 style=\"text-align: center;\"><span style=\"color: #33a564;\">F\u00fcr Die optische Messmaschine f\u00fcr alle Drehereien<\/span><\/h5>\n<p style=\"text-align: center;\">PRIMA &#8211; \u00fcber 60 bis 140 mm sowie \u00fcber 300 bis 600 mm in der L\u00e4nge.<\/p>\n<p>[\/vc_column_text][vc_empty_space height=&#8220;70px&#8220;][\/vc_column][\/vc_row][vc_row el_class=&#8220;bgimage-extended bgimageoptical-measurement bgimageoptical-measurement-seriex&#8220; css=&#8220;.vc_custom_1600759749443{padding-top: 60px !important;padding-bottom: 60px !important;}&#8220;][vc_column][vc_empty_space height=&#8220;70px&#8220;][vc_column_text]<\/p>\n<h2 style=\"text-align: center;\"><strong><a href=\"[[_URL_]]\/de\/macchine-di-misura-ottica-aumento-produttivita-riduzione-scarti\/maschinen-messgenauigkeit-2-2\/\"><span style=\"color: #33a564;\">X &#8211; BAUREIHE<\/span><\/a><\/strong><\/h2>\n<h5 style=\"text-align: center;\"><span style=\"color: #33a564;\">F\u00fcr Mikrokomponenten<\/span><\/h5>\n<p style=\"text-align: center;\">Eine exklusive L\u00f6sung in der Branche.<br \/>\nSpeziell f\u00fcr mikromechanische Teile, Uhrenteile, dentale und biomedizinische Schrauben.<br \/>\nMaximale Effizienz bei der Messung extrem kleiner und komplexer Elemente.<\/p>\n<p>[\/vc_column_text][vc_empty_space height=&#8220;70px&#8220;][\/vc_column][\/vc_row][vc_row][vc_column][vc_separator][\/vc_column][\/vc_row][vc_row][vc_column width=&#8220;1\/3&#8243;][vc_column_text]<\/p>\n<h2 style=\"text-align: center;\"><strong><a href=\"https:\/\/www.vicivision.com\/de\/taktilen_tastsystem-2\/\"><span style=\"color: #33a564;\">Taktile Kombination<\/span><\/a><\/strong><\/h2>\n<h5 style=\"text-align: center;\"><\/h5>\n<p>[\/vc_column_text][vc_single_image image=&#8220;23192&#8243; img_size=&#8220;medium&#8220; alignment=&#8220;center&#8220; onclick=&#8220;custom_link&#8220; link=&#8220;https:\/\/www.vicivision.com\/de\/taktiler-sensorik-messsystem\/&#8220;][vc_empty_space][vc_column_text]<\/p>\n<p style=\"text-align: center;\">Jetzt erm\u00f6glicht die Kombination von optischen und taktilen Messungen die vollst\u00e4ndige Pr\u00fcfung von komplexen Drehteilen innerhalb eines Messablaufes.<\/p>\n<p>[\/vc_column_text][\/vc_column][vc_column width=&#8220;1\/3&#8243;][vc_column_text]<\/p>\n<h2 style=\"text-align: center;\"><strong><span style=\"color: #33a564;\"><a style=\"color: #33a564;\" href=\"https:\/\/www.vicivision.com\/de\/applications-measuring-machines\/\">Anwendungen\u00a0<\/a><\/span><\/strong><\/h2>\n<p>[\/vc_column_text][vc_empty_space][vc_single_image image=&#8220;12684&#8243; img_size=&#8220;medium&#8220; alignment=&#8220;center&#8220; onclick=&#8220;custom_link&#8220; link=&#8220;\/it\/applicazioni-macchine-di-misura\/&#8220;][vc_empty_space][vc_column_text]<\/p>\n<p style=\"text-align: center;\">L\u00f6sungen f\u00fcr die Qualit\u00e4tskontrolle von spezifischen Anwendungen.<br \/>\nNockenwellen | Kurbelwellen | Zahnmedizinische und biomedizinische Implantate | Turbinen | Ventile.<\/p>\n<p>[\/vc_column_text][vc_empty_space][\/vc_column][vc_column width=&#8220;1\/3&#8243;][vc_column_text]<\/p>\n<h2 style=\"text-align: center;\"><a href=\"https:\/\/www.vicivision.com\/de\/konfokalen-sensor\/\"><strong><span style=\"color: #33a564;\">Das konfokale System<\/span><\/strong><\/a><\/h2>\n<h5 style=\"text-align: center;\"><\/h5>\n<p>[\/vc_column_text][vc_single_image image=&#8220;52902&#8243; img_size=&#8220;medium&#8220; alignment=&#8220;center&#8220; onclick=&#8220;custom_link&#8220; link=&#8220;https:\/\/www.vicivision.com\/de\/konfokalen-sensor\/&#8220;][vc_empty_space][vc_column_text]<\/p>\n<p style=\"text-align: center;\">\u00dcberpr\u00fcfen Sie Keilwellen<br \/>\nmit dem neuen konfokalen System.<br \/>\nInnendurchmesser, Rundlauf und mehr.<\/p>\n<p>[\/vc_column_text][\/vc_column][\/vc_row][vc_row][vc_column][vc_separator][vc_column_text]<\/p>\n<p style=\"text-align: center;\"><span style=\"color: #33a564;\"><strong><br \/>\nTraditionell werden Mikrometer, H\u00f6henmesser, Profilprojektoren, Lehren oder noch komplexere Werkzeuge wie Formtester f\u00fcr die t\u00e4glichen Messaufgaben eingesetzt.<br \/>\nDas Messen von Wellen mit herk\u00f6mmlichen Messmitteln dauert daher oft zwischen 20 bis 40 Minuten.<br \/>\nMit einer VICIVISION Messmaschine k\u00f6nnen die gleichen Ergebnisse in Sekundenschnelle erzielt werden, z.B.:<br \/>\n\u2022 Durchmesser<br \/>\n\u2022 Radien<br \/>\n\u2022 Winkel<br \/>\n\u2022 Abst\u00e4nde zwischen Punkten, Geradheiten oder anderen Merkmalen<br \/>\n\u2022 Gewinde<br \/>\n\u2022 Geometrische Messungen wie Rechtwinkligkeiten, Parallelit\u00e4ten, Symmetrien<br \/>\n\u2022 Rundheit<br \/>\n\u2022 Zylindrizit\u00e4t<br \/>\n\u2022 Koaxialit\u00e4t<br \/>\n\u2022 Rundlauf\/Planlauf<br \/>\n\u2022 DXF Abgleich<br \/>\nS\u00e4mtliche Merkmale k\u00f6nnen vom CNC-Bediener in wenigen Sekunden direkt in der Werkstatt erfasst und dokumentiert werden.<br \/>\nDiese Zeitersparnis f\u00fchrt zu einer erheblichen Kostenreduzierung bei der Qualit\u00e4tspr\u00fcfung und erh\u00f6ht den Wettbewerbsvorteil Ihres Unternehmens.<br \/>\n<\/strong><\/span><\/p>\n<p>[\/vc_column_text][\/vc_column][\/vc_row]<\/p>\n<\/div>","protected":false},"excerpt":{"rendered":"<p>[vc_row el_class=&#8220;bgimage-extended bgimageoptical-measurement bgimageoptical-measurement-img&#8220; css=&#8220;.vc_custom_1600759640785{padding-top: 60px !important;padding-bottom: 60px !important;}&#8220;][vc_column][vc_empty_space height=&#8220;70px&#8220;][vc_column_text] VICIVISION \u2013 Optische Messtechnik f\u00fcr viele Geometriemerkmale. Die optischen Wellenmessger\u00e4te von VICIVISION pr\u00fcfen f\u00fcr Sie auf Knopfdruck Parallelit\u00e4t, Koaxialit\u00e4t, Rundheit, Rundlauf, Zylindrizit\u00e4t und viele andere Merkmale Ihrer rotationssymmetrischen Bauteile. [\/vc_column_text][vc_empty_space height=&#8220;70px&#8220;][\/vc_column][\/vc_row][vc_row el_class=&#8220;bgimage-extended bgimageoptical-measurement bgimageoptical-measurement-techno&#8220; css=&#8220;.vc_custom_1600759709261{padding-top: 60px !important;padding-bottom: 60px !important;}&#8220;][vc_column][vc_empty_space height=&#8220;70px&#8220;][vc_column_text] TECHNO &#8211; BAUREIHE F\u00fcr Wellen<\/p>\n<div class=\"more\"><a class=\"more-link btn btn-green ion-ios7-arrow-forward\" href=\"https:\/\/www.vicivision.com\/de\/produkte-2\/\">Weiterlesen<\/a><\/div>\n","protected":false},"author":2,"featured_media":0,"parent":0,"menu_order":0,"comment_status":"closed","ping_status":"closed","template":"","meta":{"footnotes":""},"class_list":["post-2543","page","type-page","status-publish","hentry"],"acf":[],"_links":{"self":[{"href":"https:\/\/www.vicivision.com\/de\/wp-json\/wp\/v2\/pages\/2543","targetHints":{"allow":["GET"]}}],"collection":[{"href":"https:\/\/www.vicivision.com\/de\/wp-json\/wp\/v2\/pages"}],"about":[{"href":"https:\/\/www.vicivision.com\/de\/wp-json\/wp\/v2\/types\/page"}],"author":[{"embeddable":true,"href":"https:\/\/www.vicivision.com\/de\/wp-json\/wp\/v2\/users\/2"}],"replies":[{"embeddable":true,"href":"https:\/\/www.vicivision.com\/de\/wp-json\/wp\/v2\/comments?post=2543"}],"version-history":[{"count":0,"href":"https:\/\/www.vicivision.com\/de\/wp-json\/wp\/v2\/pages\/2543\/revisions"}],"wp:attachment":[{"href":"https:\/\/www.vicivision.com\/de\/wp-json\/wp\/v2\/media?parent=2543"}],"curies":[{"name":"wp","href":"https:\/\/api.w.org\/{rel}","templated":true}]}}