{"id":2527,"date":"2014-11-20T11:22:29","date_gmt":"2014-11-20T10:22:29","guid":{"rendered":"https:\/\/www.vicivision.com\/?page_id=2527"},"modified":"2026-01-15T09:01:16","modified_gmt":"2026-01-15T08:01:16","slug":"kontakte","status":"publish","type":"page","link":"https:\/\/www.vicivision.com\/de\/kontakte\/","title":{"rendered":"Kontaktformular und Ansprechpartner"},"content":{"rendered":"<div class=\"wpb-content-wrapper\"><p>[vc_row gap=&#8220;20&#8243;][vc_column width=&#8220;2\/3&#8243; el_class=&#8220;form-verde&#8220;][vc_column_text]<\/p>\n<h2><span style=\"color: #339966;\"><strong>WIR SIND GERNE F\u00dcR SIE DA!<\/strong><\/span><\/h2>\n<p>[\/vc_column_text]\n<div class=\"wpcf7 no-js\" id=\"wpcf7-f2772-o1\" lang=\"de-DE\" dir=\"ltr\">\n<div class=\"screen-reader-response\"><p role=\"status\" aria-live=\"polite\" aria-atomic=\"true\"><\/p> <ul><\/ul><\/div>\n<form action=\"\/de\/wp-json\/wp\/v2\/pages\/2527#wpcf7-f2772-o1\" method=\"post\" class=\"wpcf7-form init\" aria-label=\"Kontaktformular\" novalidate=\"novalidate\" data-status=\"init\">\n<div style=\"display: none;\">\n<input type=\"hidden\" name=\"_wpcf7\" value=\"2772\" \/>\n<input type=\"hidden\" name=\"_wpcf7_version\" value=\"5.8.7\" \/>\n<input type=\"hidden\" name=\"_wpcf7_locale\" value=\"de_DE\" \/>\n<input type=\"hidden\" name=\"_wpcf7_unit_tag\" value=\"wpcf7-f2772-o1\" \/>\n<input type=\"hidden\" name=\"_wpcf7_container_post\" value=\"0\" \/>\n<input type=\"hidden\" name=\"_wpcf7_posted_data_hash\" value=\"\" \/>\n<input type=\"hidden\" name=\"_wpcf7_recaptcha_response\" value=\"\" \/>\n<\/div>\n<div class=\"row\">\n\t<div class=\"container formcontatti\">\n\t\t<div class=\"col-md-12 col-xs-12 info\">\n\t\t\t<h4>Kontakte\n\t\t\t<\/h4>\n\t\t<\/div>\n\t\t<div class=\"col-md-6 col-sm-6 col-xs-12\">\n\t\t\t<p><span class=\"wpcf7-form-control-wrap\" data-name=\"nome\"><input size=\"40\" class=\"wpcf7-form-control wpcf7-text wpcf7-validates-as-required\" aria-required=\"true\" aria-invalid=\"false\" placeholder=\"Name und Nachname*\" value=\"\" type=\"text\" name=\"nome\" \/><\/span><br \/>\n<span class=\"wpcf7-form-control-wrap\" data-name=\"telefono\"><input size=\"40\" class=\"wpcf7-form-control wpcf7-text wpcf7-validates-as-required\" aria-required=\"true\" aria-invalid=\"false\" placeholder=\"Telefon*\" value=\"\" type=\"text\" name=\"telefono\" \/><\/span>\n\t\t\t<\/p>\n\t\t<\/div>\n\t\t<div class=\"col-md-6 col-sm-6 col-xs-12\">\n\t\t\t<p><span class=\"wpcf7-form-control-wrap\" data-name=\"email\"><input size=\"40\" class=\"wpcf7-form-control wpcf7-email wpcf7-validates-as-required wpcf7-text wpcf7-validates-as-email\" aria-required=\"true\" aria-invalid=\"false\" placeholder=\"E-mail*\" value=\"\" type=\"email\" name=\"email\" \/><\/span><br \/>\n<span class=\"wpcf7-form-control-wrap\" data-name=\"paese\"><input size=\"40\" class=\"wpcf7-form-control wpcf7-text wpcf7-validates-as-required\" aria-required=\"true\" aria-invalid=\"false\" placeholder=\"Land*\" value=\"\" type=\"text\" name=\"paese\" \/><\/span>\n\t\t\t<\/p>\n\t\t<\/div>\n\t\t<div class=\"col-md-12 col-sm-12 col-xs-12\">\n\t\t\t<p><span class=\"wpcf7-form-control-wrap\" data-name=\"messaggio\"><textarea cols=\"40\" rows=\"10\" class=\"wpcf7-form-control wpcf7-textarea\" aria-invalid=\"false\" placeholder=\"Nachricht\" name=\"messaggio\"><\/textarea><\/span>\n\t\t\t<\/p>\n\t\t<\/div>\n\t\t<div class=\"col-md-8 col-sm-6 col-xs-12 privacy\">\n\t\t\n\t\t\t<p><label><strong> GENEHMIGUNG <\/strong><\/label><br \/>\n<span class=\"wpcf7-form-control-wrap\" data-name=\"accetta\"><span class=\"wpcf7-form-control wpcf7-acceptance\"><span class=\"wpcf7-list-item\"><input type=\"checkbox\" name=\"accetta\" value=\"1\" checked=\"checked\" aria-invalid=\"false\" \/><\/span><\/span><\/span><span class=\"little\">Ich willige ein, dass Vici & C. S.p.A. und VICIVISION GmbH meine E-Mailadresse und meine sonstigen im Kontaktformular eingegebenen personenbezogenen Daten verarbeiten darf, um mit mir per E-Mail, Telefon und auf sonstige Weise in Kontakt zu treten und mir Informationen zu Produkten und Leistungen zu \u00fcbersenden. Diese Einwilligung kann ich jederzeit ohne Angabe von Gr\u00fcnden widerrufen. Im \u00dcbrigen sind mir die Hinweise in der <a href=\"https:\/\/www.vicivision.com\/privacy-policy\/\" class=\"iubenda-nostyle iubenda-embed\" title=\"Privacy Policy\">Datenschutzerkl\u00e4rung <\/a>, zum Kontaktformular bekannt.<\/span>\n\t\t\t<\/p>\n\t\t<\/div>\n\t\t<div class=\"col-md-4 col-sm-6 col-xs-12\">\n\t\t\t<p><input class=\"wpcf7-form-control wpcf7-submit has-spinner btn-green btn\" type=\"submit\" value=\"Absenden\" \/>\n\t\t\t<\/p>\n\t\t<\/div>\n\t<\/div>\n<\/div><div class=\"wpcf7-response-output\" aria-hidden=\"true\"><\/div>\n<\/form>\n<\/div>\n[vc_row_inner][vc_column_inner][\/vc_column_inner][\/vc_row_inner][vc_row_inner][vc_column_inner][\/vc_column_inner][\/vc_row_inner][vc_row_inner][vc_column_inner][\/vc_column_inner][\/vc_row_inner][vc_row_inner][vc_column_inner][\/vc_column_inner][\/vc_row_inner][vc_row_inner][vc_column_inner][\/vc_column_inner][\/vc_row_inner][vc_row_inner][vc_column_inner][\/vc_column_inner][\/vc_row_inner][\/vc_column][vc_column width=&#8220;1\/3&#8243;][vc_empty_space][vc_empty_space][vc_empty_space][vc_column_text]<\/p>\n<h5><strong>VICIVISION GmbH<\/strong><br \/>\nSeestra\u00dfe 5\/1<br \/>\n74232 &#8211; Abstatt<br \/>\nPh. <a href=\"tel:+49 7062 97704 00\">+49 7062 97704 00<\/a><\/h5>\n<h5><strong><br \/>\nVici &amp; C S.p.A.<\/strong><\/h5>\n<h5>Via J. Gutenberg, 5 &#8211; 47822<br \/>\nSantarcangelo di Romagna &#8211; Italy<\/h5>\n<h5>Ph.\u00a0<a href=\"tel:+39 0541-350411\">+39 0541-350411<\/a><br \/>\nFax\u00a00541-623897<br \/>\nMail <a href=\"mailto:sales@vici.it\">sales@vici.it<\/a><\/h5>\n<h5><strong>MTL Service<br \/>\n<\/strong>Ph.\u00a0<a href=\"tel:+39 0541-350402\">+39 0541-350402<\/a><br \/>\nCustom Service<br \/>\nTel.\u00a0<a href=\"tel:+39 0541 350481\">+39 0541 350481<\/a><\/h5>\n<p>[\/vc_column_text][vc_separator][vc_column_text][\/vc_column_text][vc_empty_space][vc_empty_space][\/vc_column][\/vc_row][vc_row][vc_column width=&#8220;1\/3&#8243;][vc_single_image image=&#8220;62526&#8243;][vc_column_text]<strong>Uwe Keller<br \/>\n<\/strong>Gesch\u00e4ftsf\u00fchrer\/Managing Director<br \/>\n<a href=\"mailto:uwe.keller@vicivision.com\">uwe.keller@vicivision.com<\/a>[\/vc_column_text][\/vc_column][vc_column width=&#8220;1\/3&#8243;][\/vc_column][\/vc_row][vc_row][vc_column width=&#8220;1\/3&#8243;][vc_single_image image=&#8220;55276&#8243;][vc_column_text]<strong>Andreas M\u00fcller<br \/>\n<\/strong>Service\u2013 und Anwendungstechniker<br \/>\n<a href=\"mailto:andreas.mueller@vicivision.com\">andreas.mueller@vicivision.com<\/a>[\/vc_column_text][\/vc_column][vc_column width=&#8220;1\/3&#8243;][vc_single_image image=&#8220;55321&#8243;][vc_column_text]<strong>Victoria Silvestri<br \/>\n<\/strong>Auftragsmanagement\/Marketing<br \/>\n<a href=\"mailto:victoria.silvestri@vicivision.com\">victoria.silvestri@vicivision.com<\/a>[\/vc_column_text][\/vc_column][\/vc_row][vc_row][vc_column width=&#8220;1\/3&#8243;][vc_single_image image=&#8220;55285&#8243;][vc_column_text]<strong>Guido Wieland<br \/>\n<\/strong>Service\u2013 und Anwendungstechniker<br \/>\n<a href=\"mailto:guido.wieland@vicivision.com\">guido.wieland@vicivision.com<\/a>[\/vc_column_text][\/vc_column][vc_column width=&#8220;1\/3&#8243;][vc_single_image image=&#8220;59804&#8243;][vc_column_text]<strong>Sina L\u00f6be<br \/>\n<\/strong>Auftragsbearbeitung\/Buchhaltung<br \/>\n<a href=\"mailto:sina.loebe@vicivision.com\">sina.loebe@vicivision.com<\/a>[\/vc_column_text][\/vc_column][vc_column width=&#8220;1\/3&#8243;][\/vc_column][\/vc_row][vc_row][vc_column width=&#8220;1\/2&#8243;][vc_empty_space height=&#8220;40px&#8220;]<div class=\"ult-spacer spacer-69d8cc9c60636\" data-id=\"69d8cc9c60636\" data-height=\"30\" data-height-mobile=\"30\" data-height-tab=\"30\" data-height-tab-portrait=\"\" data-height-mobile-landscape=\"\" style=\"clear:both;display:block;\"><\/div>[vc_column_text]<\/p>\n<h5><strong>VICIVISION<\/strong> hat autorisierte Vertragsh\u00e4ndler in den wichtigsten L\u00e4ndern der Welt.<\/h5>\n<h5>Alle hier aufgef\u00fchrten Vertragsh\u00e4ndler sind geschult und autorisiert, die VICIVISION Produkte zu verkaufen, zu installieren, zu kalibrieren und Serviceleistungen zu erbringen.<\/h5>\n<p>[\/vc_column_text][\/vc_column][vc_column width=&#8220;1\/2&#8243;][vc_empty_space height=&#8220;40px&#8220;][vc_single_image image=&#8220;1587&#8243; img_size=&#8220;full&#8220; alignment=&#8220;center&#8220;][\/vc_column][\/vc_row][vc_row][vc_column]<div class=\"ult-spacer spacer-69d8cc9c6067d\" data-id=\"69d8cc9c6067d\" data-height=\"10\" data-height-mobile=\"10\" data-height-tab=\"10\" data-height-tab-portrait=\"\" data-height-mobile-landscape=\"\" style=\"clear:both;display:block;\"><\/div>[vc_separator][vc_column_text]<\/p>\n<h2 style=\"text-align: left;\"><span style=\"color: #339966;\">Unser Vertriebsnetz<\/span><\/h2>\n<p>[\/vc_column_text][\/vc_column][\/vc_row][vc_row][vc_column width=&#8220;1\/4&#8243;][vc_column_text]<\/p>\n<h4 style=\"text-align: left;\">EUROPE<\/h4>\n<p>[\/vc_column_text][vc_single_image image=&#8220;225&#8243; img_size=&#8220;250&#215;130&#8243;]<div class=\" ubtn-ctn-left \"><a class=\"ubtn-link ult-adjust-bottom-margin ubtn-left ubtn-small \" href=\"\/de\/europe\/\" ><button type=\"button\" id=\"ubtn-3206\"  class=\"ubtn ult-adjust-bottom-margin ult-responsive ubtn-small ubtn-no-hover-bg  none  ubtn-left   tooltip-69d8cc9c606c1\"  data-hover=\"\" data-border-color=\"\" data-bg=\"#33a564\" data-hover-bg=\"\" data-border-hover=\"\" data-shadow-hover=\"\" data-shadow-click=\"none\" data-shadow=\"\" data-shd-shadow=\"\"  data-ultimate-target='#ubtn-3206'  data-responsive-json-new='{\"font-size\":\"\",\"line-height\":\"\"}'  style=\"font-weight:normal;border:none;background: #33a564;color: #ffffff;\"><span class=\"ubtn-hover\" style=\"background-color:\"><\/span><span class=\"ubtn-data ubtn-text \" >Wiederverk\u00e4ufer<\/span><\/button><\/a><\/div>[\/vc_column][vc_column width=&#8220;1\/4&#8243;][vc_column_text]<\/p>\n<h4 style=\"text-align: left;\">AMERIKA<\/h4>\n<p>[\/vc_column_text][vc_single_image image=&#8220;226&#8243; img_size=&#8220;250&#215;130&#8243;]<div class=\" ubtn-ctn-left \"><a class=\"ubtn-link ult-adjust-bottom-margin ubtn-left ubtn-small \" href=\"\/de\/america\/\" ><button type=\"button\" id=\"ubtn-3102\"  class=\"ubtn ult-adjust-bottom-margin ult-responsive ubtn-small ubtn-no-hover-bg  none  ubtn-left   tooltip-69d8cc9c60741\"  data-hover=\"\" data-border-color=\"\" data-bg=\"#33a564\" data-hover-bg=\"\" data-border-hover=\"\" data-shadow-hover=\"\" data-shadow-click=\"none\" data-shadow=\"\" data-shd-shadow=\"\"  data-ultimate-target='#ubtn-3102'  data-responsive-json-new='{\"font-size\":\"\",\"line-height\":\"\"}'  style=\"font-weight:normal;border:none;background: #33a564;color: #ffffff;\"><span class=\"ubtn-hover\" style=\"background-color:\"><\/span><span class=\"ubtn-data ubtn-text \" >Wiederverk\u00e4ufer<\/span><\/button><\/a><\/div>[\/vc_column][vc_column width=&#8220;1\/4&#8243;][vc_column_text]<\/p>\n<h4 style=\"text-align: left;\">ASIA<\/h4>\n<p>[\/vc_column_text][vc_single_image image=&#8220;227&#8243; img_size=&#8220;250&#215;130&#8243;]<div class=\" ubtn-ctn-left \"><a class=\"ubtn-link ult-adjust-bottom-margin ubtn-left ubtn-small \" href=\"\/de\/asia\/\" ><button type=\"button\" id=\"ubtn-1898\"  class=\"ubtn ult-adjust-bottom-margin ult-responsive ubtn-small ubtn-no-hover-bg  none  ubtn-left   tooltip-69d8cc9c607c2\"  data-hover=\"\" data-border-color=\"\" data-bg=\"#33a564\" data-hover-bg=\"\" data-border-hover=\"\" data-shadow-hover=\"\" data-shadow-click=\"none\" data-shadow=\"\" data-shd-shadow=\"\"  data-ultimate-target='#ubtn-1898'  data-responsive-json-new='{\"font-size\":\"\",\"line-height\":\"\"}'  style=\"font-weight:normal;border:none;background: #33a564;color: #ffffff;\"><span class=\"ubtn-hover\" style=\"background-color:\"><\/span><span class=\"ubtn-data ubtn-text \" >Wiederverk\u00e4ufer<\/span><\/button><\/a><\/div>[\/vc_column][vc_column width=&#8220;1\/4&#8243;][vc_column_text]<\/p>\n<h4>REST OF THE WORLD<\/h4>\n<p>[\/vc_column_text][vc_single_image image=&#8220;227&#8243; img_size=&#8220;250&#215;130&#8243;]<div class=\" ubtn-ctn-left \"><a class=\"ubtn-link ult-adjust-bottom-margin ubtn-left ubtn-small \" href=\"\/de\/rest-of-the-world\/\" ><button type=\"button\" id=\"ubtn-5107\"  class=\"ubtn ult-adjust-bottom-margin ult-responsive ubtn-small ubtn-no-hover-bg  none  ubtn-left   tooltip-69d8cc9c60812\"  data-hover=\"\" data-border-color=\"\" data-bg=\"#33a564\" data-hover-bg=\"\" data-border-hover=\"\" data-shadow-hover=\"\" data-shadow-click=\"none\" data-shadow=\"\" data-shd-shadow=\"\"  data-ultimate-target='#ubtn-5107'  data-responsive-json-new='{\"font-size\":\"\",\"line-height\":\"\"}'  style=\"font-weight:normal;border:none;background: #33a564;color: #ffffff;\"><span class=\"ubtn-hover\" style=\"background-color:\"><\/span><span class=\"ubtn-data ubtn-text \" >Wiederverk\u00e4ufer<\/span><\/button><\/a><\/div>[\/vc_column][\/vc_row][vc_row][vc_column]<div class=\"ult-spacer spacer-69d8cc9c60854\" data-id=\"69d8cc9c60854\" data-height=\"10\" data-height-mobile=\"10\" data-height-tab=\"10\" data-height-tab-portrait=\"\" data-height-mobile-landscape=\"\" style=\"clear:both;display:block;\"><\/div>[vc_separator]<div class=\"ult-spacer spacer-69d8cc9c6087c\" data-id=\"69d8cc9c6087c\" data-height=\"10\" data-height-mobile=\"10\" data-height-tab=\"10\" data-height-tab-portrait=\"\" data-height-mobile-landscape=\"\" style=\"clear:both;display:block;\"><\/div>[\/vc_column][\/vc_row][vc_row][vc_column][vc_gmaps link=&#8220;#E-8_JTNDaWZyYW1lJTIwc3JjJTNEJTIyaHR0cHMlM0ElMkYlMkZ3d3cuZ29vZ2xlLmNvbSUyRm1hcHMlMkZlbWJlZCUzRnBiJTNEJTIxMW0xNCUyMTFtOCUyMTFtMyUyMTFkMjg2Ni45NjUyNTkwNjU2MjclMjEyZDEyLjQ2MjE2Mjk5OTk5OTk5OSUyMTNkNDQuMDYzNDI2JTIxM20yJTIxMWkxMDI0JTIxMmk3NjglMjE0ZjEzLjElMjEzbTMlMjExbTIlMjExczB4MTMyY2MwZjJiZjRhOTQyNSUyNTNBMHhjMzU0ZDk1ZjNlMTM3MDRkJTIxMnNWaWNpJTJCJTI1MjYlMkJDLiUyQi0lMkJWaWNpJTJCVmlzaW9uJTIxNWUwJTIxM20yJTIxMXNpdCUyMTJzaXQlMjE0djE0MTc2ODg4NjM2NzclMjIlMjB3aWR0aCUzRCUyMjYwMCUyMiUyMGhlaWdodCUzRCUyMjQ1MCUyMiUyMGZyYW1lYm9yZGVyJTNEJTIyMCUyMiUyMHN0eWxlJTNEJTIyYm9yZGVyJTNBMCUyMiUzRSUzQyUyRmlmcmFtZSUzRQ==&#8220;][\/vc_column][\/vc_row][vc_row][vc_column]<div class=\"ult-spacer spacer-69d8cc9c608aa\" data-id=\"69d8cc9c608aa\" data-height=\"10\" data-height-mobile=\"10\" data-height-tab=\"10\" data-height-tab-portrait=\"\" data-height-mobile-landscape=\"\" style=\"clear:both;display:block;\"><\/div>[vc_separator][\/vc_column][\/vc_row][vc_row][vc_column][vc_column_text]<\/p>\n<h3><span style=\"color: #339966;\">Gastfreundschaft<\/span><\/h3>\n<p>F\u00fcr unsere Besucher, die ein paar Tage in unserer sch\u00f6nen Stadt verbringen m\u00f6chten, stehen Hotels, die mit unserem Unternehmen konventioniert sind, zur Verf\u00fcgung. Die Hotels, die wir f\u00fcr Sie ausgesucht haben, sind alle elegant, reich an Service und gastfreundlich. H\u00f6flichkeit des Personals und Professionalit\u00e4t sind immer gew\u00e4hrleistet.[\/vc_column_text]<div class=\" ubtn-ctn-left \"><a class=\"ubtn-link ult-adjust-bottom-margin ubtn-left ubtn-small \" href=\"\/de\/hospitality-2\/\" title=\"Hospitality\" ><button type=\"button\" id=\"ubtn-3632\"  class=\"ubtn ult-adjust-bottom-margin ult-responsive ubtn-small ubtn-no-hover-bg  none  ubtn-left   tooltip-69d8cc9c608d4\"  data-hover=\"\" data-border-color=\"\" data-bg=\"#33a564\" data-hover-bg=\"\" data-border-hover=\"\" data-shadow-hover=\"\" data-shadow-click=\"none\" data-shadow=\"\" data-shd-shadow=\"\"  data-ultimate-target='#ubtn-3632'  data-responsive-json-new='{\"font-size\":\"\",\"line-height\":\"\"}'  style=\"font-weight:normal;border:none;background: #33a564;color: #ffffff;\"><span class=\"ubtn-hover\" style=\"background-color:\"><\/span><span class=\"ubtn-data ubtn-text \" >Hotels<\/span><\/button><\/a><\/div><div class=\"ult-spacer spacer-69d8cc9c60915\" data-id=\"69d8cc9c60915\" data-height=\"10\" data-height-mobile=\"10\" data-height-tab=\"10\" data-height-tab-portrait=\"\" data-height-mobile-landscape=\"\" style=\"clear:both;display:block;\"><\/div>[vc_separator][\/vc_column][\/vc_row][vc_row][vc_column][vc_empty_space height=&#8220;5px&#8220;][\/vc_column][\/vc_row]<\/p>\n<\/div>","protected":false},"excerpt":{"rendered":"<p>[vc_row gap=&#8220;20&#8243;][vc_column width=&#8220;2\/3&#8243; el_class=&#8220;form-verde&#8220;][vc_column_text] WIR SIND GERNE F\u00dcR SIE DA! [\/vc_column_text][vc_row_inner][vc_column_inner][\/vc_column_inner][\/vc_row_inner][vc_row_inner][vc_column_inner][\/vc_column_inner][\/vc_row_inner][vc_row_inner][vc_column_inner][\/vc_column_inner][\/vc_row_inner][vc_row_inner][vc_column_inner][\/vc_column_inner][\/vc_row_inner][vc_row_inner][vc_column_inner][\/vc_column_inner][\/vc_row_inner][vc_row_inner][vc_column_inner][\/vc_column_inner][\/vc_row_inner][\/vc_column][vc_column width=&#8220;1\/3&#8243;][vc_empty_space][vc_empty_space][vc_empty_space][vc_column_text] VICIVISION GmbH Seestra\u00dfe 5\/1 74232 &#8211; Abstatt Ph. +49 7062 97704 00 Vici &amp; C S.p.A. Via J. Gutenberg, 5 &#8211; 47822 Santarcangelo di Romagna &#8211; Italy Ph.\u00a0+39 0541-350411 Fax\u00a00541-623897 Mail sales@vici.it MTL Service Ph.\u00a0+39 0541-350402 Custom Service Tel.\u00a0+39 0541 350481 [\/vc_column_text][vc_separator][vc_column_text][\/vc_column_text][vc_empty_space][vc_empty_space][\/vc_column][\/vc_row][vc_row][vc_column width=&#8220;1\/3&#8243;][vc_single_image<\/p>\n<div class=\"more\"><a class=\"more-link btn btn-green ion-ios7-arrow-forward\" href=\"https:\/\/www.vicivision.com\/de\/kontakte\/\">Weiterlesen<\/a><\/div>\n","protected":false},"author":2,"featured_media":0,"parent":0,"menu_order":0,"comment_status":"closed","ping_status":"closed","template":"","meta":{"footnotes":""},"class_list":["post-2527","page","type-page","status-publish","hentry"],"acf":[],"_links":{"self":[{"href":"https:\/\/www.vicivision.com\/de\/wp-json\/wp\/v2\/pages\/2527","targetHints":{"allow":["GET"]}}],"collection":[{"href":"https:\/\/www.vicivision.com\/de\/wp-json\/wp\/v2\/pages"}],"about":[{"href":"https:\/\/www.vicivision.com\/de\/wp-json\/wp\/v2\/types\/page"}],"author":[{"embeddable":true,"href":"https:\/\/www.vicivision.com\/de\/wp-json\/wp\/v2\/users\/2"}],"replies":[{"embeddable":true,"href":"https:\/\/www.vicivision.com\/de\/wp-json\/wp\/v2\/comments?post=2527"}],"version-history":[{"count":0,"href":"https:\/\/www.vicivision.com\/de\/wp-json\/wp\/v2\/pages\/2527\/revisions"}],"wp:attachment":[{"href":"https:\/\/www.vicivision.com\/de\/wp-json\/wp\/v2\/media?parent=2527"}],"curies":[{"name":"wp","href":"https:\/\/api.w.org\/{rel}","templated":true}]}}