{"id":2525,"date":"2014-12-10T15:41:06","date_gmt":"2014-12-10T14:41:06","guid":{"rendered":"https:\/\/www.vicivision.com\/?page_id=2525"},"modified":"2025-08-07T12:22:01","modified_gmt":"2025-08-07T10:22:01","slug":"applications-measuring-machines","status":"publish","type":"page","link":"https:\/\/www.vicivision.com\/de\/applications-measuring-machines\/","title":{"rendered":"Anwendungen"},"content":{"rendered":"<div class=\"wpb-content-wrapper\"><p>[vc_row][vc_column][vc_column_text]<\/p>\n<h3>Optische Messsysteme.<br \/>\nSonderwerkzeuge f\u00fcr spezifische Anwendungen.<\/h3>\n<p>[\/vc_column_text][\/vc_column][\/vc_row][vc_row][vc_column width=&#8220;1\/3&#8243;][vc_single_image image=&#8220;55471&#8243; img_size=&#8220;140&#215;200&#8243; alignment=&#8220;center&#8220; onclick=&#8220;custom_link&#8220;][vc_column_text]<\/p>\n<h4 style=\"text-align: center;\">Turbinen<\/h4>\n<p>[\/vc_column_text]<div class=\" ubtn-ctn-center \"><a class=\"ubtn-link ult-adjust-bottom-margin ubtn-center ubtn-mini \" href=\"https:\/\/www.vicivision.com\/wp-content\/uploads\/2025\/08\/FLYER-TURBINES-ENG.pdf\" ><button type=\"button\" id=\"ubtn-7691\"  class=\"ubtn ult-adjust-bottom-margin ult-responsive ubtn-mini ubtn-no-hover-bg  none  ubtn-center   tooltip-69e9dc85dae6c\"  data-hover=\"\" data-border-color=\"\" data-bg=\"#33a564\" data-hover-bg=\"\" data-border-hover=\"\" data-shadow-hover=\"\" data-shadow-click=\"none\" data-shadow=\"\" data-shd-shadow=\"\"  data-ultimate-target='#ubtn-7691'  data-responsive-json-new='{\"font-size\":\"\",\"line-height\":\"\"}'  style=\"font-weight:normal;border:none;background: #33a564;color: #ffffff;\"><span class=\"ubtn-hover\" style=\"background-color:\"><\/span><span class=\"ubtn-data ubtn-text \" >DATEN HERUNTERLADEN | Turbinen<\/span><\/button><\/a><\/div>[\/vc_column][vc_column width=&#8220;1\/3&#8243;][vc_single_image image=&#8220;55444&#8243; img_size=&#8220;140&#215;200&#8243; alignment=&#8220;center&#8220; onclick=&#8220;custom_link&#8220;][vc_column_text]<\/p>\n<h4 style=\"text-align: center;\"><span style=\"color: #000000;\">Zahnimplantate<\/span><\/h4>\n<p>[\/vc_column_text]<div class=\" ubtn-ctn-center \"><a class=\"ubtn-link ult-adjust-bottom-margin ubtn-center ubtn-mini \" href=\"https:\/\/www.vicivision.com\/wp-content\/uploads\/2025\/08\/FLYER-DENTAL-ENG.pdf\" ><button type=\"button\" id=\"ubtn-2780\"  class=\"ubtn ult-adjust-bottom-margin ult-responsive ubtn-mini ubtn-no-hover-bg  none  ubtn-center   tooltip-69e9dc85daf37\"  data-hover=\"\" data-border-color=\"\" data-bg=\"#33a564\" data-hover-bg=\"\" data-border-hover=\"\" data-shadow-hover=\"\" data-shadow-click=\"none\" data-shadow=\"\" data-shd-shadow=\"\"  data-ultimate-target='#ubtn-2780'  data-responsive-json-new='{\"font-size\":\"\",\"line-height\":\"\"}'  style=\"font-weight:normal;border:none;background: #33a564;color: #ffffff;\"><span class=\"ubtn-hover\" style=\"background-color:\"><\/span><span class=\"ubtn-data ubtn-text \" >DATEN HERUNTERLADEN | ZAHNIMPLANTATE<\/span><\/button><\/a><\/div>[vc_empty_space height=&#8220;40px&#8220;][\/vc_column][vc_column width=&#8220;1\/3&#8243;][vc_single_image image=&#8220;55551&#8243; img_size=&#8220;220&#215;200&#8243; alignment=&#8220;center&#8220; onclick=&#8220;custom_link&#8220;][vc_column_text]<\/p>\n<h4 style=\"text-align: center;\"><span style=\"color: #000000;\">Ventile\u00a0<\/span><\/h4>\n<p>[\/vc_column_text]<div class=\" ubtn-ctn-center \"><a class=\"ubtn-link ult-adjust-bottom-margin ubtn-center ubtn-mini \" href=\"https:\/\/www.vicivision.com\/wp-content\/uploads\/2025\/08\/VALVES_ENG.pdf\" ><button type=\"button\" id=\"ubtn-8303\"  class=\"ubtn ult-adjust-bottom-margin ult-responsive ubtn-mini ubtn-no-hover-bg  none  ubtn-center   tooltip-69e9dc85daf94\"  data-hover=\"\" data-border-color=\"\" data-bg=\"#33a564\" data-hover-bg=\"\" data-border-hover=\"\" data-shadow-hover=\"\" data-shadow-click=\"none\" data-shadow=\"\" data-shd-shadow=\"\"  data-ultimate-target='#ubtn-8303'  data-responsive-json-new='{\"font-size\":\"\",\"line-height\":\"\"}'  style=\"font-weight:normal;border:none;background: #33a564;color: #ffffff;\"><span class=\"ubtn-hover\" style=\"background-color:\"><\/span><span class=\"ubtn-data ubtn-text \" >DOWNLOAD DATEN | VENTILE<\/span><\/button><\/a><\/div>[\/vc_column][\/vc_row][vc_row][vc_column width=&#8220;1\/3&#8243;][vc_empty_space height=&#8220;38px&#8220;][vc_single_image image=&#8220;55453&#8243; img_size=&#8220;140&#215;200&#8243; alignment=&#8220;center&#8220; onclick=&#8220;custom_link&#8220;][vc_column_text]<\/p>\n<h4 style=\"text-align: center;\"><span style=\"color: #000000;\">Nockenwellen<\/span><\/h4>\n<p>[\/vc_column_text]<div class=\" ubtn-ctn-center \"><a class=\"ubtn-link ult-adjust-bottom-margin ubtn-center ubtn-mini \" href=\"https:\/\/www.vicivision.com\/wp-content\/uploads\/2025\/08\/FLYER-CAMSHAFTS-ENG.pdf\" ><button type=\"button\" id=\"ubtn-2898\"  class=\"ubtn ult-adjust-bottom-margin ult-responsive ubtn-mini ubtn-no-hover-bg  none  ubtn-center   tooltip-69e9dc85dafe0\"  data-hover=\"\" data-border-color=\"\" data-bg=\"#33a564\" data-hover-bg=\"\" data-border-hover=\"\" data-shadow-hover=\"\" data-shadow-click=\"none\" data-shadow=\"\" data-shd-shadow=\"\"  data-ultimate-target='#ubtn-2898'  data-responsive-json-new='{\"font-size\":\"\",\"line-height\":\"\"}'  style=\"font-weight:normal;border:none;background: #33a564;color: #ffffff;\"><span class=\"ubtn-hover\" style=\"background-color:\"><\/span><span class=\"ubtn-data ubtn-text \" >DATEN HERUNTERLADEN | Nockenwelle<\/span><\/button><\/a><\/div>[\/vc_column][vc_column width=&#8220;1\/3&#8243;][vc_empty_space height=&#8220;38px&#8220;][vc_single_image image=&#8220;55462&#8243; img_size=&#8220;140&#215;200&#8243; alignment=&#8220;center&#8220; onclick=&#8220;custom_link&#8220;][vc_column_text]<\/p>\n<h4 style=\"text-align: center;\">Kurbelwellen<\/h4>\n<p>[\/vc_column_text]<div class=\" ubtn-ctn-center \"><a class=\"ubtn-link ult-adjust-bottom-margin ubtn-center ubtn-mini \" href=\"https:\/\/www.vicivision.com\/wp-content\/uploads\/2025\/08\/FLYER-CRANKSHAFTS-ENG.pdf\" ><button type=\"button\" id=\"ubtn-5559\"  class=\"ubtn ult-adjust-bottom-margin ult-responsive ubtn-mini ubtn-no-hover-bg  none  ubtn-center   tooltip-69e9dc85db03a\"  data-hover=\"\" data-border-color=\"\" data-bg=\"#33a564\" data-hover-bg=\"\" data-border-hover=\"\" data-shadow-hover=\"\" data-shadow-click=\"none\" data-shadow=\"\" data-shd-shadow=\"\"  data-ultimate-target='#ubtn-5559'  data-responsive-json-new='{\"font-size\":\"\",\"line-height\":\"\"}'  style=\"font-weight:normal;border:none;background: #33a564;color: #ffffff;\"><span class=\"ubtn-hover\" style=\"background-color:\"><\/span><span class=\"ubtn-data ubtn-text \" >DATEN HERUNTERLADEN | Kurbelwellen<\/span><\/button><\/a><\/div>[\/vc_column][vc_column width=&#8220;1\/3&#8243;][vc_single_image image=&#8220;22204&#8243; img_size=&#8220;220&#215;205&#8243; alignment=&#8220;center&#8220; onclick=&#8220;custom_link&#8220;][vc_column_text]<\/p>\n<h4 style=\"text-align: center;\">Verschraubungen, gedrehte Gewinde, Schrauben<\/h4>\n<p>[\/vc_column_text]<div class=\" ubtn-ctn-center \"><a class=\"ubtn-link ult-adjust-bottom-margin ubtn-center ubtn-mini \" href=\"https:\/\/www.vicivision.com\/wp-content\/uploads\/2025\/08\/Gewindemessungen_Fittings_DE.pdf\" ><button type=\"button\" id=\"ubtn-8305\"  class=\"ubtn ult-adjust-bottom-margin ult-responsive ubtn-mini ubtn-no-hover-bg  none  ubtn-center   tooltip-69e9dc85db093\"  data-hover=\"\" data-border-color=\"\" data-bg=\"#33a564\" data-hover-bg=\"\" data-border-hover=\"\" data-shadow-hover=\"\" data-shadow-click=\"none\" data-shadow=\"\" data-shd-shadow=\"\"  data-ultimate-target='#ubtn-8305'  data-responsive-json-new='{\"font-size\":\"\",\"line-height\":\"\"}'  style=\"font-weight:normal;border:none;background: #33a564;color: #ffffff;\"><span class=\"ubtn-hover\" style=\"background-color:\"><\/span><span class=\"ubtn-data ubtn-text \" >DATEN HERUNTERLADEN | VERSCHRAUBUNGEN<\/span><\/button><\/a><\/div>[\/vc_column][\/vc_row][vc_row][vc_column][vc_empty_space][vc_separator][vc_empty_space][\/vc_column][\/vc_row][vc_row][vc_column width=&#8220;1\/3&#8243;]<div class=\" ubtn-ctn-left \"><a class=\"ubtn-link ult-adjust-bottom-margin ubtn-left ubtn-block \" href=\"https:\/\/www.vicivision.com\/wp-content\/uploads\/2025\/08\/Touch-Probe_DE.pdf\" ><button type=\"button\" id=\"ubtn-3693\"  class=\"ubtn ult-adjust-bottom-margin ult-responsive ubtn-block ubtn-no-hover-bg  none  ubtn-left   tooltip-69e9dc85db0df ubtn-block\"  data-hover=\"\" data-border-color=\"\" data-bg=\"#e0e0e0\" data-hover-bg=\"\" data-border-hover=\"\" data-shadow-hover=\"\" data-shadow-click=\"none\" data-shadow=\"\" data-shd-shadow=\"\"  data-ultimate-target='#ubtn-3693'  data-responsive-json-new='{\"font-size\":\"\",\"line-height\":\"\"}'  style=\"font-weight:normal;border:none;background: #e0e0e0;color: #000000;\"><span class=\"ubtn-hover\" style=\"background-color:\"><\/span><span class=\"ubtn-data ubtn-text \" >DOWNLOAD TECHNISCHE DATEN MESSTASTER<\/span><\/button><\/a><\/div>[vc_single_image image=&#8220;23188&#8243; img_size=&#8220;600X350&#8243; onclick=&#8220;custom_link&#8220;][\/vc_column][vc_column width=&#8220;1\/3&#8243;]<div class=\" ubtn-ctn-left \"><a class=\"ubtn-link ult-adjust-bottom-margin ubtn-left ubtn-block \" href=\"https:\/\/www.vicivision.com\/wp-content\/uploads\/2025\/08\/Kompensation-von-Werkzeugverschleis_TWC_DE.pdf\" ><button type=\"button\" id=\"ubtn-4235\"  class=\"ubtn ult-adjust-bottom-margin ult-responsive ubtn-block ubtn-no-hover-bg  none  ubtn-left   tooltip-69e9dc85db12b ubtn-block\"  data-hover=\"\" data-border-color=\"\" data-bg=\"#e0e0e0\" data-hover-bg=\"\" data-border-hover=\"\" data-shadow-hover=\"\" data-shadow-click=\"none\" data-shadow=\"\" data-shd-shadow=\"\"  data-ultimate-target='#ubtn-4235'  data-responsive-json-new='{\"font-size\":\"\",\"line-height\":\"\"}'  style=\"font-weight:normal;border:none;background: #e0e0e0;color: #000000;\"><span class=\"ubtn-hover\" style=\"background-color:\"><\/span><span class=\"ubtn-data ubtn-text \" >DOWNLOAD TECHNISCHE DATEN | WERKZEUGVERSCHLEISSKOMPENSATION<\/span><\/button><\/a><\/div>[vc_single_image image=&#8220;8436&#8243; img_size=&#8220;600X350&#8243; onclick=&#8220;custom_link&#8220;][\/vc_column][vc_column width=&#8220;1\/3&#8243;]<div class=\" ubtn-ctn-left \"><a class=\"ubtn-link ult-adjust-bottom-margin ubtn-left ubtn-block \" href=\"https:\/\/www.vicivision.com\/wp-content\/uploads\/2025\/08\/Confocal-Flyer_DE_web.pdf\" ><button type=\"button\" id=\"ubtn-8275\"  class=\"ubtn ult-adjust-bottom-margin ult-responsive ubtn-block ubtn-no-hover-bg  none  ubtn-left   tooltip-69e9dc85db16a ubtn-block\"  data-hover=\"\" data-border-color=\"\" data-bg=\"#e0e0e0\" data-hover-bg=\"\" data-border-hover=\"\" data-shadow-hover=\"\" data-shadow-click=\"none\" data-shadow=\"\" data-shd-shadow=\"\"  data-ultimate-target='#ubtn-8275'  data-responsive-json-new='{\"font-size\":\"\",\"line-height\":\"\"}'  style=\"font-weight:normal;border:none;background: #e0e0e0;color: #000000;\"><span class=\"ubtn-hover\" style=\"background-color:\"><\/span><span class=\"ubtn-data ubtn-text \" >DOWNLOAD TECHNISCHE DATEN KONFOKALEN SYSTEM<\/span><\/button><\/a><\/div>[vc_single_image image=&#8220;52902&#8243; img_size=&#8220;600X350&#8243; onclick=&#8220;custom_link&#8220;][\/vc_column][\/vc_row][vc_row][vc_column width=&#8220;1\/2&#8243;][vc_empty_space height=&#8220;40px&#8220;][vc_separator][vc_column_text]<\/p>\n<h6 style=\"text-align: center;\"><strong>VICIVISION\u00a0 UND ROBOTERINTEGRATION<\/strong><\/h6>\n<h6 style=\"text-align: center;\"><strong>MTL und Roboter UR5.<\/strong><\/h6>\n<p>[\/vc_column_text][vc_video link=&#8220;https:\/\/www.youtube.com\/watch?v=QVHs0BnSeII&#8220;][\/vc_column][vc_column width=&#8220;1\/2&#8243;][vc_empty_space height=&#8220;40px&#8220;][vc_separator][vc_column_text]<\/p>\n<h6 style=\"text-align: center;\"><strong>ROBOTERZELLE ZUR VERMESSUNG VON KUNSTSTOFFFLASCHEN.<\/strong><\/h6>\n<p>[\/vc_column_text][vc_empty_space height=&#8220;15px&#8220;][vc_video link=&#8220;https:\/\/youtu.be\/s00n9RmoCak&#8220;][\/vc_column][\/vc_row][vc_row][vc_column][vc_empty_space][vc_separator][vc_empty_space][\/vc_column][\/vc_row][vc_row][vc_column width=&#8220;1\/2&#8243;][vc_column_text]<\/p>\n<h6 style=\"text-align: center;\"><strong>DIE VERMESSUNG VON ZAHNIMPLANTATEN DIREKT IN DER<br \/>\nPRODUKTION &#8211; ROBOTERINTEGRATION.<\/strong><\/h6>\n<h6 style=\"text-align: center;\"><strong><a href=\"https:\/\/www.vicivision.com\/de\/produkte\/maschinen-messgenauigkeit-2-2\/\">MTL X5<\/a> optische Messmaschine und Roboter.<\/strong><\/h6>\n<p>[\/vc_column_text][vc_video link=&#8220;https:\/\/youtu.be\/h97zH9xBPeM&#8220;][\/vc_column][vc_column width=&#8220;1\/2&#8243;][vc_column_text]<\/p>\n<h6 style=\"text-align: center;\"><strong>QUALIT\u00c4TSKONTROLLE F\u00dcR ELEKTRONIK.<\/strong><\/h6>\n<h6 style=\"text-align: center;\"><strong>MTP 170 Multicheck-Messmaschine und -Roboter.<\/strong><\/h6>\n<p>[\/vc_column_text][vc_empty_space height=&#8220;28px&#8220;][vc_video link=&#8220;https:\/\/youtu.be\/1ZduZdWdrv0&#8243;][\/vc_column][\/vc_row][vc_row][vc_column][vc_empty_space][vc_separator][vc_empty_space][\/vc_column][\/vc_row][vc_row][vc_column width=&#8220;2\/3&#8243;][vc_column_text]<\/p>\n<h2>Automatisch &#8211; schneller &#8211; genauer &#8211; ber\u00fchrungslos<\/h2>\n<p>Die <strong>MTL-Maschine<\/strong>n arbeiten vollautomatisch und ber\u00fchrungslos. Das stehende Werkst\u00fcck wird von einer Seite mit einer LED-Lichtquelle beleuchtet. Von der anderen Seite wird das Schattenbild durch eine telezentrische Optik und eine Zeilenkamera aufgenommen.<\/p>\n<p>Beleuchtung und Kamera werden entlang der Werkst\u00fcckachse verfahren und dabei wird das komplette Bild des Werkst\u00fccks im Rechner gespeichert. Die Bildverarbeitungs-Software berechnet daraus alle Merkmale, z. B. Durchmesser oder L\u00e4ngen.<\/p>\n<p>Zus\u00e4tzlich kann das Werkst\u00fcck noch um die eigene Achse gedreht werden, um Rundl\u00e4ufe oder Positionen von Fl\u00e4chen, Querbohrungen und Nocken zu bestimmen. Der gesamte Messvorgang dauert auch bei vielen Merkmalen nur wenige Sekunden. Filteralgorithmen erm\u00f6glichen das Eliminieren von verschmutzungsbedingten Fehlern. Durch Vergr\u00f6\u00dferung des gespeicherten realen Werkst\u00fcckbildes k\u00f6nnen verbleibende Verschmutzungen erkannt werden.[\/vc_column_text][\/vc_column][vc_column width=&#8220;1\/3&#8243;][vc_empty_space height=&#8220;120px&#8220;][vc_single_image image=&#8220;14972&#8243; img_size=&#8220;full&#8220;][\/vc_column][\/vc_row][vc_row][vc_column][vc_empty_space height=&#8220;52px&#8220;][vc_separator][vc_empty_space height=&#8220;52px&#8220;][\/vc_column][\/vc_row][vc_row][vc_column width=&#8220;1\/2&#8243;][vc_single_image image=&#8220;15317&#8243; img_size=&#8220;full&#8220;][\/vc_column][vc_column width=&#8220;1\/2&#8243;][vc_column_text]<\/p>\n<h3>Statische Messungen<\/h3>\n<p>Durchmesser, L\u00e4ngen, Winkel, Abst\u00e4nde, Radien,\u00a0\u00a0 Schnittpunkte, Kugeldurchmesser<\/p>\n<h3>Form+Lage-Messungen<\/h3>\n<p>Symmetrie, Parallelit\u00e4t, Geradheit, Rechtwinkligkeit,\u00a0\u00a0 Koaxialit\u00e4t, Rundheit, Rundlauf<\/p>\n<h3>Gewindemessungen<\/h3>\n<p>Au\u00dfen-, Flanken-, Kerndurchmesser, Flankenwinkel, Steigung, Pr\u00fcfstiftabstand, Nutzl\u00e4nge<\/p>\n<h3>Dynamische Messungen<\/h3>\n<p>Durchmesser, Zylinderform, Winkelteilung, Schl\u00fcsselweite, Asymmetrie, Winkel zwischen Fl\u00e4chen, Lage von Querbohrungen.[\/vc_column_text][\/vc_column][\/vc_row]<\/p>\n<\/div>","protected":false},"excerpt":{"rendered":"<p>[vc_row][vc_column][vc_column_text] Optische Messsysteme. Sonderwerkzeuge f\u00fcr spezifische Anwendungen. [\/vc_column_text][\/vc_column][\/vc_row][vc_row][vc_column width=&#8220;1\/3&#8243;][vc_single_image image=&#8220;55471&#8243; img_size=&#8220;140&#215;200&#8243; alignment=&#8220;center&#8220; onclick=&#8220;custom_link&#8220;][vc_column_text] Turbinen [\/vc_column_text][\/vc_column][vc_column width=&#8220;1\/3&#8243;][vc_single_image image=&#8220;55444&#8243; img_size=&#8220;140&#215;200&#8243; alignment=&#8220;center&#8220; onclick=&#8220;custom_link&#8220;][vc_column_text] Zahnimplantate [\/vc_column_text][vc_empty_space height=&#8220;40px&#8220;][\/vc_column][vc_column width=&#8220;1\/3&#8243;][vc_single_image image=&#8220;55551&#8243; img_size=&#8220;220&#215;200&#8243; alignment=&#8220;center&#8220; onclick=&#8220;custom_link&#8220;][vc_column_text] Ventile\u00a0 [\/vc_column_text][\/vc_column][\/vc_row][vc_row][vc_column width=&#8220;1\/3&#8243;][vc_empty_space height=&#8220;38px&#8220;][vc_single_image image=&#8220;55453&#8243; img_size=&#8220;140&#215;200&#8243; alignment=&#8220;center&#8220; onclick=&#8220;custom_link&#8220;][vc_column_text] Nockenwellen [\/vc_column_text][\/vc_column][vc_column width=&#8220;1\/3&#8243;][vc_empty_space height=&#8220;38px&#8220;][vc_single_image image=&#8220;55462&#8243; img_size=&#8220;140&#215;200&#8243; alignment=&#8220;center&#8220; onclick=&#8220;custom_link&#8220;][vc_column_text] Kurbelwellen [\/vc_column_text][\/vc_column][vc_column width=&#8220;1\/3&#8243;][vc_single_image image=&#8220;22204&#8243; img_size=&#8220;220&#215;205&#8243; alignment=&#8220;center&#8220; onclick=&#8220;custom_link&#8220;][vc_column_text] Verschraubungen, gedrehte Gewinde, Schrauben<\/p>\n<div class=\"more\"><a class=\"more-link btn btn-green ion-ios7-arrow-forward\" href=\"https:\/\/www.vicivision.com\/de\/applications-measuring-machines\/\">Weiterlesen<\/a><\/div>\n","protected":false},"author":2,"featured_media":0,"parent":0,"menu_order":0,"comment_status":"closed","ping_status":"closed","template":"","meta":{"footnotes":""},"class_list":["post-2525","page","type-page","status-publish","hentry"],"acf":[],"_links":{"self":[{"href":"https:\/\/www.vicivision.com\/de\/wp-json\/wp\/v2\/pages\/2525","targetHints":{"allow":["GET"]}}],"collection":[{"href":"https:\/\/www.vicivision.com\/de\/wp-json\/wp\/v2\/pages"}],"about":[{"href":"https:\/\/www.vicivision.com\/de\/wp-json\/wp\/v2\/types\/page"}],"author":[{"embeddable":true,"href":"https:\/\/www.vicivision.com\/de\/wp-json\/wp\/v2\/users\/2"}],"replies":[{"embeddable":true,"href":"https:\/\/www.vicivision.com\/de\/wp-json\/wp\/v2\/comments?post=2525"}],"version-history":[{"count":0,"href":"https:\/\/www.vicivision.com\/de\/wp-json\/wp\/v2\/pages\/2525\/revisions"}],"wp:attachment":[{"href":"https:\/\/www.vicivision.com\/de\/wp-json\/wp\/v2\/media?parent=2525"}],"curies":[{"name":"wp","href":"https:\/\/api.w.org\/{rel}","templated":true}]}}