{"id":23506,"date":"2017-07-31T11:03:13","date_gmt":"2017-07-31T09:03:13","guid":{"rendered":"https:\/\/www.vicivision.com\/jobs\/"},"modified":"2024-06-14T12:04:13","modified_gmt":"2024-06-14T10:04:13","slug":"jobs-karriere-stellenangebote","status":"publish","type":"page","link":"https:\/\/www.vicivision.com\/de\/jobs-karriere-stellenangebote\/","title":{"rendered":"Jobs &#038; Karriere \u2013 Stellenangebote"},"content":{"rendered":"<div class=\"wpb-content-wrapper\"><p>[vc_row][vc_column][vc_single_image image=&#8220;861&#8243; img_size=&#8220;medium&#8220; alignment=&#8220;center&#8220;][vc_separator color=&#8220;green&#8220; el_width=&#8220;30&#8243;][vc_btn title=&#8220;Offene Stellen&#8220; size=&#8220;lg&#8220; css_animation=&#8220;top-to-bottom&#8220; link=&#8220;url:https%3A%2F%2Fwww.vicivision.com%2Fde%2Fbuerokauffrau-mann-m-w-d-2%2F|title:B%C3%BCrokauffrau%2F-mann%20in%20Teilzeit%20(m%2Fw%2Fd)&#8220;][vc_column_text]<\/p>\n<h5 style=\"text-align: center;\"><span style=\"color: #339966;\"><strong>PASSION<\/strong><\/span><\/h5>\n<h5 style=\"text-align: center;\">Der Wunsch, die Besten zu sein, treibt uns an, sowohl unsere L\u00f6sungen als auch unsere Prozesse st\u00e4ndig zu verbessern, was uns zu neuen Horizonten f\u00fchrt.<br \/>\nWir glauben an das, was wir tun, und die Ergebnisse spiegeln unsere Leidenschaft f\u00fcr Messsysteme wieder.<\/h5>\n<h5 style=\"text-align: center;\"><strong><span style=\"color: #339966;\">VERTRAUEN<\/span><\/strong><\/h5>\n<h5 style=\"text-align: center;\">Wir glauben daran, den Standpunkten anderer zuzuh\u00f6ren, um einen transparenten, urteilsfreien Dialog aufzubauen.<br \/>\nWir helfen jedem Mitarbeiter, das Beste aus sich herauszuholen.<\/h5>\n<h5 style=\"text-align: center;\"><strong><span style=\"color: #339966;\">KUNDENORIENTIERUNG<\/span><\/strong><\/h5>\n<h5 style=\"text-align: center;\">Jeden Tag k\u00fcmmern wir uns um unsere Kunden, Partner und Mitarbeiter.<br \/>\nSie inspirieren uns dazu, daran zu arbeiten, ihre Bed\u00fcrfnisse in neue M\u00f6glichkeiten umzuwandeln.<\/h5>\n<h5 style=\"text-align: center;\"><strong><span style=\"color: #339966;\">EINZIGARTIGKEIT<\/span><\/strong><\/h5>\n<h5 style=\"text-align: center;\">Die Wertsch\u00e4tzung der Menschen pr\u00e4gt unseren Stil und erweitert das Zugeh\u00f6rigkeitsgef\u00fchl.<br \/>\nWir handeln mit Bescheidenheit, Respekt und Ehrgeiz.<\/h5>\n<p>[\/vc_column_text][\/vc_column][\/vc_row][vc_row][vc_column][vc_empty_space][vc_separator color=&#8220;green&#8220; el_width=&#8220;30&#8243;][vc_column_text]<\/p>\n<h3 style=\"text-align: center;\">Ergreifen Sie Ihre Vertriebschance als selbstst\u00e4ndiger SalesProfi \/ Industrievertreter (m\/w\/d)<\/h3>\n<p>[\/vc_column_text]<div class=\" ubtn-ctn-center \"><a class=\"ubtn-link ult-adjust-bottom-margin ubtn-center ubtn-normal \" href=\"https:\/\/www.vicivision.com\/de\/partner-m-w-d-2-2\/\" title=\"Vertriebschance f\u00fcr selbstst\u00e4ndiger SalesProfis \/ Industrievertreter (m\/w\/d)\" ><button type=\"button\" id=\"ubtn-5311\"  class=\"ubtn ult-adjust-bottom-margin ult-responsive ubtn-normal ubtn-no-hover-bg  none  ubtn-center   tooltip-69e6196dcc47a\"  data-hover=\"\" data-border-color=\"\" data-bg=\"#78b24e\" data-hover-bg=\"\" data-border-hover=\"\" data-shadow-hover=\"\" data-shadow-click=\"none\" data-shadow=\"\" data-shd-shadow=\"\"  data-ultimate-target='#ubtn-5311'  data-responsive-json-new='{\"font-size\":\"\",\"line-height\":\"\"}'  style=\"font-weight:normal;border:none;background: #78b24e;color: #ffffff;\"><span class=\"ubtn-hover\" style=\"background-color:\"><\/span><span class=\"ubtn-data ubtn-text \" >Offene Stellen<\/span><\/button><\/a><\/div>[vc_column_text]<\/p>\n<h3 style=\"text-align: center;\">Folgen Sie uns, um \u00fcber die neuesten Stellenangebote auf dem Laufenden zu bleiben!<\/h3>\n<p>[\/vc_column_text]<div class=\" ubtn-ctn-center \"><a class=\"ubtn-link ult-adjust-bottom-margin ubtn-center ubtn-normal \" href=\"https:\/\/www.linkedin.com\/company\/vicivision-gmbh\/?viewAsMember=true\" title=\"LinkedIn\" ><button type=\"button\" id=\"ubtn-7404\"  class=\"ubtn ult-adjust-bottom-margin ult-responsive ubtn-normal ubtn-no-hover-bg  none  ubtn-center   tooltip-69e6196dcc554\"  data-hover=\"\" data-border-color=\"\" data-bg=\"#78b24e\" data-hover-bg=\"\" data-border-hover=\"\" data-shadow-hover=\"\" data-shadow-click=\"none\" data-shadow=\"\" data-shd-shadow=\"\"  data-ultimate-target='#ubtn-7404'  data-responsive-json-new='{\"font-size\":\"\",\"line-height\":\"\"}'  style=\"font-weight:normal;border:none;background: #78b24e;color: #ffffff;\"><span class=\"ubtn-hover\" style=\"background-color:\"><\/span><span class=\"ubtn-data ubtn-text \" >LinkedIn<\/span><\/button><\/a><\/div>[\/vc_column][\/vc_row][vc_row][vc_column][\/vc_column][\/vc_row]<\/p>\n<\/div>","protected":false},"excerpt":{"rendered":"<p>[vc_row][vc_column][vc_single_image image=&#8220;861&#8243; img_size=&#8220;medium&#8220; alignment=&#8220;center&#8220;][vc_separator color=&#8220;green&#8220; el_width=&#8220;30&#8243;][vc_btn title=&#8220;Offene Stellen&#8220; size=&#8220;lg&#8220; css_animation=&#8220;top-to-bottom&#8220; link=&#8220;url:https%3A%2F%2Fwww.vicivision.com%2Fde%2Fbuerokauffrau-mann-m-w-d-2%2F|title:B%C3%BCrokauffrau%2F-mann%20in%20Teilzeit%20(m%2Fw%2Fd)&#8220;][vc_column_text] PASSION Der Wunsch, die Besten zu sein, treibt uns an, sowohl unsere L\u00f6sungen als auch unsere Prozesse st\u00e4ndig zu verbessern, was uns zu neuen Horizonten f\u00fchrt. Wir glauben an das, was wir tun, und die Ergebnisse spiegeln unsere Leidenschaft f\u00fcr Messsysteme wieder. VERTRAUEN Wir<\/p>\n<div class=\"more\"><a class=\"more-link btn btn-green ion-ios7-arrow-forward\" href=\"https:\/\/www.vicivision.com\/de\/jobs-karriere-stellenangebote\/\">Weiterlesen<\/a><\/div>\n","protected":false},"author":2,"featured_media":0,"parent":0,"menu_order":0,"comment_status":"closed","ping_status":"closed","template":"","meta":{"footnotes":""},"class_list":["post-23506","page","type-page","status-publish","hentry"],"acf":[],"_links":{"self":[{"href":"https:\/\/www.vicivision.com\/de\/wp-json\/wp\/v2\/pages\/23506","targetHints":{"allow":["GET"]}}],"collection":[{"href":"https:\/\/www.vicivision.com\/de\/wp-json\/wp\/v2\/pages"}],"about":[{"href":"https:\/\/www.vicivision.com\/de\/wp-json\/wp\/v2\/types\/page"}],"author":[{"embeddable":true,"href":"https:\/\/www.vicivision.com\/de\/wp-json\/wp\/v2\/users\/2"}],"replies":[{"embeddable":true,"href":"https:\/\/www.vicivision.com\/de\/wp-json\/wp\/v2\/comments?post=23506"}],"version-history":[{"count":0,"href":"https:\/\/www.vicivision.com\/de\/wp-json\/wp\/v2\/pages\/23506\/revisions"}],"wp:attachment":[{"href":"https:\/\/www.vicivision.com\/de\/wp-json\/wp\/v2\/media?parent=23506"}],"curies":[{"name":"wp","href":"https:\/\/api.w.org\/{rel}","templated":true}]}}