{"id":11834,"date":"2018-12-14T13:48:16","date_gmt":"2018-12-14T12:48:16","guid":{"rendered":"https:\/\/www.vicivision.com\/?page_id=11834\/"},"modified":"2025-10-22T11:32:51","modified_gmt":"2025-10-22T09:32:51","slug":"unternehmen","status":"publish","type":"page","link":"https:\/\/www.vicivision.com\/de\/unternehmen\/","title":{"rendered":"Unternehmen"},"content":{"rendered":"<div class=\"wpb-content-wrapper\"><p>[vc_row][vc_column][vc_column_text]<\/p>\n<h2 style=\"text-align: center;\"><span style=\"color: #000000;\">VICIVISION entwickelt und fertigt optische Messmaschinen<\/span><\/h2>\n<h2 style=\"text-align: center;\"><span style=\"color: #000000;\">und Automatisierungssysteme.<\/span><\/h2>\n<p>[\/vc_column_text][vc_column_text]VICIVISION steht f\u00fcr Innovation und Pr\u00e4zision im Bereich der optischen Messtechnik. Unsere ber\u00fchrungslosen optischen Wellenmessmaschinen <strong>VICIVISION<\/strong> und digitalen Profilprojektoren <span style=\"color: #000000;\"><strong><a style=\"color: #000000;\" href=\"https:\/\/www.metrios.com\/de\/\">METRIOS<\/a><\/strong><\/span> bieten hochgenaue L\u00f6sungen zur Messung von Au\u00dfenprofilen auf gedrehten und geschliffenen Bauteilen. Diese reichen von komplexen Wellenkomponenten bis hin zu mikromechanischen Teilen und finden Anwendung in anspruchsvollen Industrien wie der Dental- und Uhrenindustrie.<\/p>\n<p>Mit einer Kombination aus fortschrittlicher Technologie und benutzerfreundlichem Design erm\u00f6glichen unsere Messsysteme eine effiziente Integration direkt in Fertigungsprozesse weltweit. Die Messmaschinen von VICIVISION zeichnen sich durch ihre hohe Genauigkeit, Zuverl\u00e4ssigkeit und schnelle Messzeiten aus. Dadurch unterst\u00fctzen wir unsere Kunden dabei, die Qualit\u00e4t ihrer Produktion zu steigern, Ausschuss zu minimieren und gleichzeitig die Rentabilit\u00e4t ihrer Investitionen zu maximieren.<\/p>\n<p>VICIVISION und <strong><a href=\"https:\/\/www.metrios.com\/de\/\">METRIOS<\/a><\/strong> sind stolze Marken der Vici &amp; C. S.p.A. Gruppe, die seit 1977 als f\u00fchrender Hersteller von elektrischen Schaltschr\u00e4nken und Automatisierungssystemen bekannt ist. Mit mehr als 200 Mitarbeitern und einem globalen Netzwerk von 4 Niederlassungen und 40 Fachzentren hat die Gruppe im Jahr 2021 einen Umsatz von \u00fcber 65 Millionen Euro erzielt.[\/vc_column_text][vc_separator][vc_raw_html el_class=&#8220;video100&#8243;]JTNDaWZyYW1lJTIwd2lkdGglM0QlMjI1NjAlMjIlMjBoZWlnaHQlM0QlMjIzMTUlMjIlMjBzcmMlM0QlMjJodHRwcyUzQSUyRiUyRnd3dy55b3V0dWJlLmNvbSUyRmVtYmVkJTJGbDRRTHlGS0I3b0UlM0ZzaSUzRGlxYUFxbkp1MVI2UkJleGMlMjIlMjB0aXRsZSUzRCUyMllvdVR1YmUlMjB2aWRlbyUyMHBsYXllciUyMiUyMGZyYW1lYm9yZGVyJTNEJTIyMCUyMiUyMGFsbG93JTNEJTIyYWNjZWxlcm9tZXRlciUzQiUyMGF1dG9wbGF5JTNCJTIwY2xpcGJvYXJkLXdyaXRlJTNCJTIwZW5jcnlwdGVkLW1lZGlhJTNCJTIwZ3lyb3Njb3BlJTNCJTIwcGljdHVyZS1pbi1waWN0dXJlJTNCJTIwd2ViLXNoYXJlJTIyJTIwcmVmZXJyZXJwb2xpY3klM0QlMjJzdHJpY3Qtb3JpZ2luLXdoZW4tY3Jvc3Mtb3JpZ2luJTIyJTIwYWxsb3dmdWxsc2NyZWVuJTNFJTNDJTJGaWZyYW1lJTNF[\/vc_raw_html][vc_empty_space][\/vc_column][\/vc_row][vc_row][vc_column width=&#8220;1\/2&#8243;][vc_single_image image=&#8220;57163&#8243; img_size=&#8220;450&#215;450&#8243;]<div class=\" ubtn-ctn-center \"><a class=\"ubtn-link ult-adjust-bottom-margin ubtn-center ubtn-normal \" href=\"https:\/\/www.vicivision.com\/de\/produkte-2\/\" ><button type=\"button\" id=\"ubtn-1534\"  class=\"ubtn ult-adjust-bottom-margin ult-responsive ubtn-normal ubtn-no-hover-bg  none  ubtn-center   tooltip-6a06ed86093e8\"  data-hover=\"\" data-border-color=\"\" data-bg=\"#e0e0e0\" data-hover-bg=\"\" data-border-hover=\"\" data-shadow-hover=\"\" data-shadow-click=\"none\" data-shadow=\"\" data-shd-shadow=\"\"  data-ultimate-target='#ubtn-1534'  data-responsive-json-new='{\"font-size\":\"\",\"line-height\":\"\"}'  style=\"font-weight:normal;border:none;background: #e0e0e0;color: #288736;\"><span class=\"ubtn-hover\" style=\"background-color:\"><\/span><span class=\"ubtn-data ubtn-text \" >Entdecken Sie unsere optischen Messmaschinen<\/span><\/button><\/a><\/div>[vc_empty_space height=&#8220;42px&#8220;][\/vc_column][vc_column width=&#8220;1\/2&#8243;][vc_single_image image=&#8220;23233&#8243; img_size=&#8220;450&#215;450&#8243;]<div class=\" ubtn-ctn-center \"><a class=\"ubtn-link ult-adjust-bottom-margin ubtn-center ubtn-normal \" href=\"https:\/\/www.vicivision.com\/de\/applications-measuring-machines\/\" ><button type=\"button\" id=\"ubtn-3101\"  class=\"ubtn ult-adjust-bottom-margin ult-responsive ubtn-normal ubtn-no-hover-bg  none  ubtn-center   tooltip-6a06ed860946d\"  data-hover=\"\" data-border-color=\"\" data-bg=\"#e0e0e0\" data-hover-bg=\"\" data-border-hover=\"\" data-shadow-hover=\"\" data-shadow-click=\"none\" data-shadow=\"\" data-shd-shadow=\"\"  data-ultimate-target='#ubtn-3101'  data-responsive-json-new='{\"font-size\":\"\",\"line-height\":\"\"}'  style=\"font-weight:normal;border:none;background: #e0e0e0;color: #288736;\"><span class=\"ubtn-hover\" style=\"background-color:\"><\/span><span class=\"ubtn-data ubtn-text \" >Entdecken Sie Werkzeuge f\u00fcr spezifische Anwendungen<\/span><\/button><\/a><\/div>[\/vc_column][vc_column][vc_single_image image=&#8220;15127&#8243; img_size=&#8220;medium&#8220; alignment=&#8220;center&#8220;][vc_column_text]<\/p>\n<p style=\"text-align: center;\"><span style=\"color: #000000;\">Seit 1977 bietet das Unternehmen L\u00f6sungen f\u00fcr die Industrie an<\/span><\/p>\n<p>[\/vc_column_text][vc_column_text]Vici ist nicht nur ein international f\u00fchrender Anbieter von Messsystemen, sondern auch ein etablierter Partner in der Herstellung von Schaltschr\u00e4nken, In-Line Anwendungen und Industrieautomation. Angefangen hat alles 1977 mit einem Lohnauftrag \u00fcber die Montage von Leiterplatten. Im Jahr 1989 wurden die Kompetenzen um die Entwicklung und Herstellung automatisierter Inspektionslinien f\u00fcr Komponenten in der Automobilindustrie erweitert.<\/p>\n<p>Im Jahr 1999 stieg die Nachfrage nach Bildverarbeitungssystemen erheblich an und so wurde die Marke VICIVISION geboren.[\/vc_column_text][vc_separator][\/vc_column][\/vc_row][vc_row][vc_column][vc_separator][vc_column_text]<\/p>\n<h2 style=\"text-align: left;\">Unsere St\u00e4rke basiert auf einem internationalen Vertriebsnetz und einem jungen, dynamischen Team<\/h2>\n<p style=\"text-align: left;\"><span style=\"color: #000000;\">Da sich das technische und industrielle Umfeld schnell ver\u00e4ndert, entwickeln wir uns mit ihm weiter, angetrieben von der Leidenschaft unserer Mitarbeiter. Unsere Unternehmenskultur f\u00f6rdert die Kreativit\u00e4t junger Menschen, technische F\u00e4higkeiten und die neuesten technologischen Innovationen, die alle durchweg international ausgerichtet sind.<\/span><\/p>\n<p>[\/vc_column_text][vc_empty_space][vc_column_text]<\/p>\n<h2 style=\"text-align: left;\">Wir messen Wellen und Drehteile<\/h2>\n<p>VICIVISION ist weltweit in Hunderten von Drehereien vertreten und bietet ein breites Spektrum an L\u00f6sungen f\u00fcr die Messung von Wellen und Drehteilen. Alle unsere Messmaschinen sind f\u00fcr den Einsatz in der Fertigung gebaut.<\/p>\n<p>Unsere optischen Messmaschinen erh\u00f6hen die Produktivit\u00e4t von Drehzentren, indem sie die Messtechnik durch einen einfachen und schnellen Prozess in die Produktion einbinden. Die von jeder Charge produzierten Teile werden direkt in der Fertigung gemessen, was die Produktionseinrichtungszeit und die Pr\u00fcfungen w\u00e4hrend des Prozesses erheblich verk\u00fcrzen kann.<\/p>\n<p>VICIVISION-Maschinen sind so ausgelegt, dass sie neben einer CNC-Maschine eingesetzt werden k\u00f6nnen, was Stunden an Inspektionszeit spart und werkzeugverschlei\u00dfbedingte Ausfallzeiten reduziert. Au\u00dferdem wird so eine durchg\u00e4ngige Prozesssicherheit gew\u00e4hrleistet, da die von VICIVISION erfassten Daten zur Kompensation des Werkzeugverschlei\u00dfes verwendet werden.<\/p>\n<p>Der heutige Markt verlangt nach zertifizierten Qualit\u00e4tsprodukten, was die Hersteller dazu zwingt, immer mehr auf neue Anforderungen zu achten und die Investitionen in Messsysteme zu erh\u00f6hen.<\/p>\n<p>Die Produktionskapazit\u00e4t h\u00e4ngt von vielen verschiedenen Faktoren ab, die h\u00e4ufig von den R\u00fcst- und Ausfallzeiten der Maschinen beeinflusst werden. Die Herstellung von Qualit\u00e4tsprodukten zum richtigen Preis ist das Hauptaugenmerk der Unternehmen, um ihren Wettbewerbsvorteil beizubehalten.<\/p>\n<p>VICIVISION wurde konzipiert, um diesem Bedarf gerecht zu werden, indem es Teile mit einem einfachen und effizienten Verfahren pr\u00fcft, was unser Produkt zu einer lohnenden Investition macht.[\/vc_column_text][vc_column_text]<\/p>\n<h5><span style=\"text-decoration: underline;\"><strong><a href=\"https:\/\/www.vicivision.com\/de\/case-study\/\">Erfahrungsbericht eines VICIVSION-Anwenders<\/a><\/strong><\/span><\/h5>\n<p>[\/vc_column_text][vc_empty_space][vc_single_image image=&#8220;57645&#8243; img_size=&#8220;full&#8220;][vc_empty_space][vc_column_text]<\/p>\n<h2 style=\"text-align: left;\">Elektrische Schaltschr\u00e4nke<\/h2>\n<p style=\"text-align: left;\"><span style=\"color: #000000;\">Bei der Lieferung von Schaltschr\u00e4nken und In-Line-Anwendungen waren wir schon immer einen Schritt voraus. Ein \u00fcblicher Service, aber mit au\u00dfergew\u00f6hnlicher Effizienz vom Entwurf bis zur Produktion.<\/span><\/p>\n<p>[\/vc_column_text][vc_column_text]<\/p>\n<h5 style=\"text-align: left;\"><span style=\"text-decoration: underline;\"><strong><a href=\"https:\/\/www.vicivision.com\/de\/vici-schaltschraenke\/\">Hier gelangen Sie zum Schaltschrankbau<\/a><\/strong><\/span><\/h5>\n<p>[\/vc_column_text][vc_single_image image=&#8220;57574&#8243; img_size=&#8220;full&#8220;][vc_empty_space][vc_column_text]<\/p>\n<h2 style=\"text-align: left;\">In-Line-Kontrolle<\/h2>\n<p style=\"text-align: left;\">Unser Sondermaschinenbau entwirft und installiert Roboterzellen und Bildverarbeitungssysteme f\u00fcr die 100%-Kontrolle in der Produktion. Diese messtechnischen In-Line-L\u00f6sungen gew\u00e4hrleisten Genauigkeit und Messwiederholbarkeit in einem kurzen Maschinenzyklus.<\/p>\n<p>[\/vc_column_text][vc_column_text]<\/p>\n<h5><span style=\"text-decoration: underline;\"><strong><a href=\"https:\/\/www.vicivision.com\/de\/applications-measuring-machines\/\">Entdecken Sie mehr \u00fcber unsere Bildverarbeitungssysteme und Roboterzellen<\/a><\/strong><\/span><\/h5>\n<p>[\/vc_column_text][vc_single_image image=&#8220;57565&#8243; img_size=&#8220;full&#8220;][vc_empty_space][vc_column_text]<\/p>\n<h5 style=\"text-align: center;\"><span style=\"text-decoration: underline;\"><strong><a href=\"https:\/\/www.vicivision.com\/wp-content\/uploads\/2024\/06\/Code-of-Ethics_-Vici_rev01.pdf\" target=\"_blank\" rel=\"noopener\">Our code of ethics<\/a><\/strong><\/span><\/h5>\n<p>[\/vc_column_text][vc_column_text]<\/p>\n<h5 style=\"text-align: center;\"><span style=\"text-decoration: underline;\"><strong><a href=\"https:\/\/www.vicivision.com\/wp-content\/uploads\/2019\/01\/M-QSA-rev04_Politica-Aziendale.pdf\">Our company policy<\/a><\/strong><\/span><\/h5>\n<p>[\/vc_column_text][vc_column_text]<\/p>\n<h5 style=\"text-align: center;\"><a href=\"https:\/\/www.vicivision.com\/wp-content\/uploads\/2024\/03\/2024-02-29-Allgemeine-Liefer-und-Zahlungsbedingungen_VICIVISION-1.pdf\" target=\"_blank\" rel=\"noopener\"><span style=\"text-decoration: underline;\"><strong>General terms of delivery and payment\u00a0<\/strong><\/span><\/a><\/h5>\n<p>[\/vc_column_text][vc_column_text]<\/p>\n<h5 style=\"text-align: center;\"><span style=\"text-decoration: underline;\"><strong><a href=\"https:\/\/www.vicivision.com\/wp-content\/uploads\/2024\/01\/Sustainability-Report_compressed.pdf\">Sustainability brochure<\/a><\/strong><\/span><\/h5>\n<p>[\/vc_column_text][vc_empty_space][\/vc_column][\/vc_row][vc_row][vc_column width=&#8220;1\/4&#8243;]<div class=\" ubtn-ctn-center \"><a class=\"ubtn-link ult-adjust-bottom-margin ubtn-center ubtn-normal \" href=\"http:\/\/www.vicivision.com\/wp-content\/uploads\/2021\/02\/ISO-45001_Vici-1.pdf\" ><button type=\"button\" id=\"ubtn-7858\"  class=\"ubtn ult-adjust-bottom-margin ult-responsive ubtn-normal ubtn-no-hover-bg  none  ubtn-center   tooltip-6a06ed86094a3\"  data-hover=\"\" data-border-color=\"\" data-bg=\"#e0e0e0\" data-hover-bg=\"\" data-border-hover=\"\" data-shadow-hover=\"\" data-shadow-click=\"none\" data-shadow=\"\" data-shd-shadow=\"\"  data-ultimate-target='#ubtn-7858'  data-responsive-json-new='{\"font-size\":\"\",\"line-height\":\"\"}'  style=\"font-weight:normal;border:none;background: #e0e0e0;color: #288736;\"><span class=\"ubtn-hover\" style=\"background-color:\"><\/span><span class=\"ubtn-data ubtn-text \" >ISO 45001<\/span><\/button><\/a><\/div>[\/vc_column][vc_column width=&#8220;1\/4&#8243;]<div class=\" ubtn-ctn-center \"><a class=\"ubtn-link ult-adjust-bottom-margin ubtn-center ubtn-normal \" href=\"http:\/\/www.vicivision.com\/wp-content\/uploads\/2021\/02\/ISO-9001_Vici-1.pdf\" ><button type=\"button\" id=\"ubtn-1844\"  class=\"ubtn ult-adjust-bottom-margin ult-responsive ubtn-normal ubtn-no-hover-bg  none  ubtn-center   tooltip-6a06ed86094d9\"  data-hover=\"\" data-border-color=\"\" data-bg=\"#e0e0e0\" data-hover-bg=\"\" data-border-hover=\"\" data-shadow-hover=\"\" data-shadow-click=\"none\" data-shadow=\"\" data-shd-shadow=\"\"  data-ultimate-target='#ubtn-1844'  data-responsive-json-new='{\"font-size\":\"\",\"line-height\":\"\"}'  style=\"font-weight:normal;border:none;background: #e0e0e0;color: #288736;\"><span class=\"ubtn-hover\" style=\"background-color:\"><\/span><span class=\"ubtn-data ubtn-text \" >ISO 9001<\/span><\/button><\/a><\/div>[vc_empty_space][\/vc_column][vc_column width=&#8220;1\/4&#8243;]<div class=\" ubtn-ctn-center \"><a class=\"ubtn-link ult-adjust-bottom-margin ubtn-center ubtn-normal \" href=\"https:\/\/www.vicivision.com\/wp-content\/uploads\/2025\/07\/ISO_14001_Vici_ENG_2028.pdf\" ><button type=\"button\" id=\"ubtn-5321\"  class=\"ubtn ult-adjust-bottom-margin ult-responsive ubtn-normal ubtn-no-hover-bg  none  ubtn-center   tooltip-6a06ed8609511\"  data-hover=\"\" data-border-color=\"\" data-bg=\"#e0e0e0\" data-hover-bg=\"\" data-border-hover=\"\" data-shadow-hover=\"\" data-shadow-click=\"none\" data-shadow=\"\" data-shd-shadow=\"\"  data-ultimate-target='#ubtn-5321'  data-responsive-json-new='{\"font-size\":\"\",\"line-height\":\"\"}'  style=\"font-weight:normal;border:none;background: #e0e0e0;color: #288736;\"><span class=\"ubtn-hover\" style=\"background-color:\"><\/span><span class=\"ubtn-data ubtn-text \" >ISO 14001<\/span><\/button><\/a><\/div>[\/vc_column][vc_column width=&#8220;1\/4&#8243;]<div class=\" ubtn-ctn-center \"><a class=\"ubtn-link ult-adjust-bottom-margin ubtn-center ubtn-normal \" href=\"https:\/\/www.vicivision.com\/wp-content\/uploads\/2025\/10\/Tisax_Sede.pdf\" ><button type=\"button\" id=\"ubtn-2404\"  class=\"ubtn ult-adjust-bottom-margin ult-responsive ubtn-normal ubtn-no-hover-bg  none  ubtn-center   tooltip-6a06ed8609538\"  data-hover=\"\" data-border-color=\"\" data-bg=\"#e0e0e0\" data-hover-bg=\"\" data-border-hover=\"\" data-shadow-hover=\"\" data-shadow-click=\"none\" data-shadow=\"\" data-shd-shadow=\"\"  data-ultimate-target='#ubtn-2404'  data-responsive-json-new='{\"font-size\":\"\",\"line-height\":\"\"}'  style=\"font-weight:normal;border:none;background: #e0e0e0;color: #288736;\"><span class=\"ubtn-hover\" style=\"background-color:\"><\/span><span class=\"ubtn-data ubtn-text \" >TISAX<\/span><\/button><\/a><\/div>[\/vc_column][\/vc_row][vc_row][vc_column width=&#8220;1\/4&#8243;][vc_single_image image=&#8220;59006&#8243; img_size=&#8220;medium&#8220; alignment=&#8220;center&#8220;][\/vc_column][vc_column width=&#8220;1\/4&#8243;][vc_single_image image=&#8220;6121&#8243; img_size=&#8220;medium&#8220; alignment=&#8220;center&#8220; onclick=&#8220;custom_link&#8220; img_link_target=&#8220;_blank&#8220; link=&#8220;http:\/\/www.crit-research.it\/nfa\/vici-c\/&#8220;][\/vc_column][vc_column width=&#8220;1\/4&#8243;][vc_single_image image=&#8220;25420&#8243; img_size=&#8220;medium&#8220;][\/vc_column][vc_column width=&#8220;1\/4&#8243;][vc_single_image image=&#8220;6124&#8243; img_size=&#8220;medium&#8220; alignment=&#8220;center&#8220;][\/vc_column][\/vc_row][vc_row][vc_column][vc_empty_space][vc_single_image image=&#8220;860&#8243; img_size=&#8220;medium&#8220; alignment=&#8220;center&#8220; css_animation=&#8220;top-to-bottom&#8220;][vc_column_text css_animation=&#8220;top-to-bottom&#8220;]<\/p>\n<h5 style=\"text-align: center;\">Increase productivity, improve efficiency.<\/h5>\n<p>[\/vc_column_text][\/vc_column][vc_column][vc_separator]\n<div class=\"wpcf7 no-js\" id=\"wpcf7-f2286-o1\" lang=\"en-US\" dir=\"ltr\">\n<div class=\"screen-reader-response\"><p role=\"status\" aria-live=\"polite\" aria-atomic=\"true\"><\/p> <ul><\/ul><\/div>\n<form action=\"\/de\/wp-json\/wp\/v2\/pages\/11834#wpcf7-f2286-o1\" method=\"post\" class=\"wpcf7-form init\" aria-label=\"Contact form\" novalidate=\"novalidate\" data-status=\"init\">\n<div style=\"display: none;\">\n<input type=\"hidden\" name=\"_wpcf7\" value=\"2286\" \/>\n<input type=\"hidden\" name=\"_wpcf7_version\" value=\"5.8.7\" \/>\n<input type=\"hidden\" name=\"_wpcf7_locale\" value=\"en_US\" \/>\n<input type=\"hidden\" name=\"_wpcf7_unit_tag\" value=\"wpcf7-f2286-o1\" \/>\n<input type=\"hidden\" name=\"_wpcf7_container_post\" value=\"0\" \/>\n<input type=\"hidden\" name=\"_wpcf7_posted_data_hash\" value=\"\" \/>\n<input type=\"hidden\" name=\"_wpcf7_recaptcha_response\" value=\"\" \/>\n<\/div>\n<div class=\"row\">\n\t<div class=\"container formcontatti\">\n\t\t<div class=\"col-md-12 col-xs-12 info\">\n\t\t\t<h4>Contact me\n\t\t\t<\/h4>\n\t\t<\/div>\n\t\t<div class=\"col-md-6 col-sm-6 col-xs-12\">\n\t\t\t<p><span class=\"wpcf7-form-control-wrap\" data-name=\"nome\"><input size=\"40\" class=\"wpcf7-form-control wpcf7-text wpcf7-validates-as-required\" aria-required=\"true\" aria-invalid=\"false\" placeholder=\"Name and Surname*\" value=\"\" type=\"text\" name=\"nome\" \/><\/span><br \/>\n<span class=\"wpcf7-form-control-wrap\" data-name=\"telefono\"><input size=\"40\" class=\"wpcf7-form-control wpcf7-text\" aria-invalid=\"false\" placeholder=\"Telephone*\" value=\"\" type=\"text\" name=\"telefono\" \/><\/span>\n\t\t\t<\/p>\n\t\t<\/div>\n\t\t<div class=\"col-md-6 col-sm-6 col-xs-12\">\n\t\t\t<p><span class=\"wpcf7-form-control-wrap\" data-name=\"email\"><input size=\"40\" class=\"wpcf7-form-control wpcf7-email wpcf7-validates-as-required wpcf7-text wpcf7-validates-as-email\" aria-required=\"true\" aria-invalid=\"false\" placeholder=\"Email*\" value=\"\" type=\"email\" name=\"email\" \/><\/span><br \/>\n<span class=\"wpcf7-form-control-wrap\" data-name=\"paese\"><input size=\"40\" class=\"wpcf7-form-control wpcf7-text\" aria-invalid=\"false\" placeholder=\"Country\" value=\"\" type=\"text\" name=\"paese\" \/><\/span>\n\t\t\t<\/p>\n\t\t<\/div>\n\t\t<div class=\"col-md-12 col-sm-12 col-xs-12\">\n\t\t\t<p><span class=\"wpcf7-form-control-wrap\" data-name=\"messaggio\"><textarea cols=\"40\" rows=\"10\" class=\"wpcf7-form-control wpcf7-textarea\" aria-invalid=\"false\" placeholder=\"Message\" name=\"messaggio\"><\/textarea><\/span>\n\t\t\t<\/p>\n\t\t<\/div>\n\t\t<div class=\"col-md-8 col-sm-6 col-xs-12 privacy\">\n\t\t\t<p><label><strong>AUTHORIZATION<\/strong><\/label><br \/>\n<span class=\"wpcf7-form-control-wrap\" data-name=\"accetta\"><span class=\"wpcf7-form-control wpcf7-acceptance\"><span class=\"wpcf7-list-item\"><input type=\"checkbox\" name=\"accetta\" value=\"1\" checked=\"checked\" aria-invalid=\"false\" \/><\/span><\/span><\/span><span class=\"little\">By filling in and sending this module, I hereby authorise the processing of the personal data I provide, for the purpose indicated in point a) above, in the manner and within the limits indicated by the <a href=\"https:\/\/www.vicivision.com\/privacy-policy\/\" class=\"iubenda-nostyle iubenda-embed\" title=\"Privacy Policy\">information contained here<\/a><\/span>\n\t\t\t<\/p>\n\t\t<\/div>\n\t\t<div class=\"col-md-4 col-sm-6 col-xs-12\">\n\t\t\t<p><input class=\"wpcf7-form-control wpcf7-submit has-spinner btn-green btn\" type=\"submit\" value=\"SUBMIT\" \/>\n\t\t\t<\/p>\n\t\t<\/div>\n\t<\/div>\n<\/div><div class=\"wpcf7-response-output\" aria-hidden=\"true\"><\/div>\n<\/form>\n<\/div>\n[\/vc_column][\/vc_row][vc_row][vc_column][\/vc_column][\/vc_row]<\/p>\n<\/div>","protected":false},"excerpt":{"rendered":"<p>[vc_row][vc_column][vc_column_text] VICIVISION entwickelt und fertigt optische Messmaschinen und Automatisierungssysteme. [\/vc_column_text][vc_column_text]VICIVISION steht f\u00fcr Innovation und Pr\u00e4zision im Bereich der optischen Messtechnik. Unsere ber\u00fchrungslosen optischen Wellenmessmaschinen VICIVISION und digitalen Profilprojektoren METRIOS bieten hochgenaue L\u00f6sungen zur Messung von Au\u00dfenprofilen auf gedrehten und geschliffenen Bauteilen. Diese reichen von komplexen Wellenkomponenten bis hin zu mikromechanischen Teilen und finden Anwendung in<\/p>\n<div class=\"more\"><a class=\"more-link btn btn-green ion-ios7-arrow-forward\" href=\"https:\/\/www.vicivision.com\/de\/unternehmen\/\">Weiterlesen<\/a><\/div>\n","protected":false},"author":2,"featured_media":0,"parent":0,"menu_order":0,"comment_status":"closed","ping_status":"closed","template":"","meta":{"footnotes":""},"class_list":["post-11834","page","type-page","status-publish","hentry"],"acf":[],"_links":{"self":[{"href":"https:\/\/www.vicivision.com\/de\/wp-json\/wp\/v2\/pages\/11834","targetHints":{"allow":["GET"]}}],"collection":[{"href":"https:\/\/www.vicivision.com\/de\/wp-json\/wp\/v2\/pages"}],"about":[{"href":"https:\/\/www.vicivision.com\/de\/wp-json\/wp\/v2\/types\/page"}],"author":[{"embeddable":true,"href":"https:\/\/www.vicivision.com\/de\/wp-json\/wp\/v2\/users\/2"}],"replies":[{"embeddable":true,"href":"https:\/\/www.vicivision.com\/de\/wp-json\/wp\/v2\/comments?post=11834"}],"version-history":[{"count":0,"href":"https:\/\/www.vicivision.com\/de\/wp-json\/wp\/v2\/pages\/11834\/revisions"}],"wp:attachment":[{"href":"https:\/\/www.vicivision.com\/de\/wp-json\/wp\/v2\/media?parent=11834"}],"curies":[{"name":"wp","href":"https:\/\/api.w.org\/{rel}","templated":true}]}}