{"id":11081,"date":"2015-12-03T09:13:03","date_gmt":"2015-12-03T08:13:03","guid":{"rendered":"https:\/\/www.vicivision.com\/video\/"},"modified":"2026-01-27T11:20:09","modified_gmt":"2026-01-27T10:20:09","slug":"videos-of-vici-vision-optical-measuring-machines","status":"publish","type":"page","link":"https:\/\/www.vicivision.com\/de\/videos-of-vici-vision-optical-measuring-machines\/","title":{"rendered":"Videos"},"content":{"rendered":"<div class=\"wpb-content-wrapper\"><p>[vc_row][vc_column][vc_video link=&#8220;https:\/\/www.youtube.com\/watch?v=apExMZuA94Q&#8220;][vc_column_text]<\/p>\n<h4 style=\"text-align: center;\">Automatisierte Gesamtl\u00f6sung mit ULMER-Integration<br \/>\nVollautomatisierte Inline-Qualit\u00e4tskontrolle mit VICIVISION und ULMER-Integration f\u00fcr pr\u00e4zise, effiziente und produktive Serienfertigung.<\/h4>\n<p>[\/vc_column_text][\/vc_column][\/vc_row][vc_row][vc_column][vc_video link=&#8220;https:\/\/www.youtube.com\/watch?v=oGN8ZrtiL3M&#8220;][vc_column_text]<\/p>\n<h4 style=\"text-align: center;\">VICIVISION X5 Flow<br \/>\nPr\u00e4zision auf neuem Niveau in der dentalen Qualit\u00e4tskontrolle<\/h4>\n<p>[\/vc_column_text][\/vc_column][\/vc_row][vc_row][vc_column][vc_video link=&#8220;https:\/\/youtu.be\/l4QLyFKB7oE&#8220;][vc_column_text]<\/p>\n<h4 style=\"text-align: center;\">VICI&amp;C- Beyond the Name<br \/>\nA story shaped by people, ideas and ambition<\/h4>\n<p>[\/vc_column_text][\/vc_column][\/vc_row][vc_row][vc_column][vc_video link=&#8220;https:\/\/youtu.be\/iPApIQSeK4M&#8220; align=&#8220;center&#8220;][vc_column_text]<\/p>\n<div class=\"wpb_text_column wpb_content_element \">\n<div class=\"wpb_wrapper\">\n<h4 style=\"text-align: center;\">VICIVISION &amp; KONFOKALSENSOR<br \/>\nF\u00fcr Getriebe- und Keilwellen<\/h4>\n<\/div>\n<\/div>\n<p>[\/vc_column_text][vc_empty_space height=&#8220;42px&#8220;][vc_video link=&#8220;https:\/\/youtu.be\/Pb2FyqWdbvU&#8220; align=&#8220;center&#8220;][vc_column_text]<\/p>\n<div class=\"wpb_text_column wpb_content_element \">\n<div class=\"wpb_wrapper\">\n<h4 style=\"text-align: center;\">Die neue Reihe der optischen Messmaschinen von VICIVISION.<br \/>\nTECHNO SERIE | X SERIE | PRIMA SERIE<\/h4>\n<\/div>\n<\/div>\n<p>[\/vc_column_text][vc_empty_space height=&#8220;42px&#8220;][vc_video link=&#8220;https:\/\/youtu.be\/ymHdkUmGX4k&#8220; align=&#8220;center&#8220;][vc_column_text]<\/p>\n<div class=\"wpb_text_column wpb_content_element \">\n<div class=\"wpb_wrapper\">\n<h4 style=\"text-align: center;\">\u00a010\u00a0Jahre VICIVISION\u00a0Deutschland<\/h4>\n<\/div>\n<\/div>\n<p>[\/vc_column_text][vc_column_text]<\/p>\n<p style=\"text-align: center;\">Wer ist VICIVISION Deutschland? Hier zu sehen beim Ansto\u00dfen auf 10 Jahre Erfolgsgeschichte. Die VICIVISION GmbH im baden-w\u00fcrttembergischen Abstatt (Kreis Heilbronn) supportet alle Kunden in Deutschland und \u00d6sterreich.<\/p>\n<p style=\"text-align: center;\">Das Team der VICIVISION GmbH sowie Kolleginnen und Kollegen der italienischen Muttergesellschaft Vici &amp; C. S.p.A. feiern gemeinsam das zehnj\u00e4hrige Bestehen der deutschen Tochterfirma.<\/p>\n<p style=\"text-align: center;\">Der Name VICIVISION steht weltweit f\u00fcr erstklassige optische Messtechnik f\u00fcr rotationssymmetrische Bauteile.<\/p>\n<p>[\/vc_column_text][vc_empty_space height=&#8220;42px&#8220;][\/vc_column][\/vc_row][vc_row][vc_column][vc_video link=&#8220;https:\/\/youtu.be\/Yoyxtw_HbII&#8220; align=&#8220;center&#8220;][vc_column_text]<\/p>\n<div class=\"wpb_text_column wpb_content_element \">\n<div class=\"wpb_wrapper\">\n<h4 style=\"text-align: center;\">Unschlagbare Leistungsf\u00e4higkeit durch die Kombination von optischer und taktiler Sensorik<\/h4>\n<\/div>\n<\/div>\n<p>[\/vc_column_text][vc_empty_space][\/vc_column][\/vc_row][vc_row][vc_column][vc_video link=&#8220;https:\/\/youtu.be\/DzSQCCBoEHY&#8220; align=&#8220;center&#8220;][vc_column_text]<\/p>\n<div class=\"wpb_text_column wpb_content_element \">\n<div class=\"wpb_wrapper\">\n<h4 style=\"text-align: center;\">Die Vermessung von Motorwellen: Wie bietet man Qualit\u00e4t und Effizienz in der Automobilindustrie<\/h4>\n<\/div>\n<\/div>\n<p>[\/vc_column_text][vc_empty_space][\/vc_column][\/vc_row][vc_row][vc_column][vc_video link=&#8220;https:\/\/youtu.be\/bspKtUyEsI8?si=stcwGt_180lhbXxD&#8220; align=&#8220;center&#8220;][vc_column_text]<\/p>\n<div class=\"wpb_text_column wpb_content_element \">\n<div class=\"wpb_wrapper\">\n<h4 style=\"text-align: center;\">Sie sind Hersteller von Gewindebauteilen? Finden Sie heraus, wie Sie Gewinde an Drehteilen und Schrauben in wenigen Sekunden messen k\u00f6nnen<\/h4>\n<\/div>\n<\/div>\n<p>[\/vc_column_text][vc_empty_space][\/vc_column][\/vc_row][vc_row][vc_column width=&#8220;1\/2&#8243;][vc_video link=&#8220;https:\/\/youtu.be\/k4hB9CpoX9Q?si=Y3ZcN9JONmprF0IU&#8220; align=&#8220;center&#8220;][vc_column_text]<\/p>\n<div id=\"title\" class=\"style-scope ytd-watch-metadata\">\n<h4 class=\"style-scope ytd-watch-metadata\" style=\"text-align: center;\">Unschlagbare Pr\u00e4zision: Optische &amp; taktile Messtechnik kombiniert | VICIVISION Innovation<\/h4>\n<\/div>\n<div id=\"top-row\" class=\"style-scope ytd-watch-metadata\">\n<div id=\"owner\" class=\"item style-scope ytd-watch-metadata\"><\/div>\n<\/div>\n<p>[\/vc_column_text][vc_empty_space][\/vc_column][vc_column width=&#8220;1\/2&#8243;][vc_video link=&#8220;https:\/\/youtu.be\/5vQQcohOUu8?si=MVK8eSAL93ufbmI0&#8243; align=&#8220;center&#8220;][vc_column_text]<\/p>\n<div id=\"title\" class=\"style-scope ytd-watch-metadata\">\n<h4 class=\"style-scope ytd-watch-metadata\" style=\"text-align: center;\">Motorwellen vermessen: Qualit\u00e4t &amp; Effizienz in der Automobilindustrie | VICIVISION<\/h4>\n<\/div>\n<div id=\"top-row\" class=\"style-scope ytd-watch-metadata\">\n<h4 id=\"owner\" class=\"item style-scope ytd-watch-metadata\" style=\"text-align: center;\"><\/h4>\n<\/div>\n<p>[\/vc_column_text][vc_empty_space][\/vc_column][\/vc_row][vc_row][vc_column][vc_video link=&#8220;https:\/\/youtu.be\/1ZduZdWdrv0&#8243; align=&#8220;center&#8220;][vc_column_text]<\/p>\n<div class=\"wpb_text_column wpb_content_element \">\n<div class=\"wpb_wrapper\">\n<h4 style=\"text-align: center;\">VICIVISION &amp; Robot &#8211; Integration to increase production<\/h4>\n<\/div>\n<\/div>\n<p>[\/vc_column_text][vc_empty_space][\/vc_column][\/vc_row][vc_row][vc_column width=&#8220;1\/2&#8243;][vc_video link=&#8220;https:\/\/youtu.be\/CK8oGhpSXyE&#8220; align=&#8220;center&#8220;][vc_column_text]<\/p>\n<h4 class=\"title style-scope ytd-video-primary-info-renderer\" style=\"text-align: center;\">5 SOLID REASONS TO CHOOSE AN OPTICAL MACHINE | <strong>Reason1: Cut production costs<\/strong><\/h4>\n<p>[\/vc_column_text][vc_empty_space][\/vc_column][vc_column width=&#8220;1\/2&#8243;][vc_video link=&#8220;https:\/\/youtu.be\/IDS0XznX1eQ&#8220; align=&#8220;center&#8220;][vc_column_text]<\/p>\n<h4 class=\"title style-scope ytd-video-primary-info-renderer\" style=\"text-align: center;\">5 SOLID REASONS TO CHOOSE AN OPTICAL MACHINE | <strong>Reason2: Speed make a difference<\/strong><\/h4>\n<p>[\/vc_column_text][vc_empty_space][\/vc_column][\/vc_row][vc_row][vc_column width=&#8220;1\/2&#8243;][vc_video link=&#8220;https:\/\/youtu.be\/uig3kfWbMIs&#8220; align=&#8220;center&#8220;][vc_column_text]<\/p>\n<h4 class=\"title style-scope ytd-video-primary-info-renderer\" style=\"text-align: center;\">5 SOLID REASONS TO CHOOSE AN OPTICAL MACHINE | <strong>Reason3: To meet highly specific requirements<\/strong><\/h4>\n<p>[\/vc_column_text][vc_empty_space][\/vc_column][vc_column width=&#8220;1\/2&#8243;][vc_video link=&#8220;https:\/\/youtu.be\/MnXzb8d6kUY&#8220; align=&#8220;center&#8220;][vc_column_text]<\/p>\n<h4 class=\"title style-scope ytd-video-primary-info-renderer\" style=\"text-align: center;\">5 SOLID REASONS TO CHOOSE AN OPTICAL MACHINE | <strong>Reason4: It ensures accuracy and repeatability<\/strong><\/h4>\n<p>[\/vc_column_text][vc_empty_space][\/vc_column][\/vc_row][vc_row][vc_column][vc_video link=&#8220;https:\/\/youtu.be\/ezvt_BcKjIk&#8220; align=&#8220;center&#8220;][vc_column_text]<\/p>\n<h4 class=\"title style-scope ytd-video-primary-info-renderer\" style=\"text-align: center;\">VICIVISION machines-Performance event at Carfulan Group.<\/h4>\n<p>[\/vc_column_text][vc_empty_space][\/vc_column][\/vc_row][vc_row][vc_column][vc_video link=&#8220;https:\/\/youtu.be\/hfqnnN80b0Y&#8220;][vc_column_text]<\/p>\n<h4 style=\"text-align: center;\">VICIVISION OPEN HOUSE &#8211; HANDS ON MACHINES February.2018<\/h4>\n<p>[\/vc_column_text][vc_empty_space height=&#8220;18 pt&#8220;][\/vc_column][\/vc_row][vc_row][vc_column][vc_empty_space][\/vc_column][\/vc_row][vc_row][vc_column width=&#8220;1\/2&#8243;][vc_video link=&#8220;https:\/\/youtu.be\/WYWSo05vDJ4&#8243;][vc_column_text]<\/p>\n<h4 class=\"yt watch-title-container\" style=\"text-align: center;\"><span id=\"eow-title\" class=\"watch-title \" dir=\"ltr\" title=\"OGP's Vici Vision MTL X5, As Seen on Quality Digest Live TechCorner, September 28, 2012\">MTL X5, As Seen on Quality Digest Live TechCorner 2012 &#8211; by OGP<\/span><\/h4>\n<p>[\/vc_column_text][\/vc_column][vc_column width=&#8220;1\/2&#8243;][vc_video link=&#8220;https:\/\/youtu.be\/WndjQ4u5xVI&#8220;][vc_column_text]<\/p>\n<h4 class=\"yt watch-title-container\" style=\"text-align: center;\"><span id=\"eow-title\" class=\"watch-title \" dir=\"ltr\" title=\"OGP's Vici Vision MTL X5, As Seen on Quality Digest Live TechCorner, September 28, 2012\">MTL X5. For dental implantology and biomedical technology.<\/span><\/h4>\n<p>[\/vc_column_text][\/vc_column][\/vc_row][vc_row][vc_column][vc_empty_space][\/vc_column][\/vc_row][vc_row][vc_column][vc_video link=&#8220;https:\/\/www.youtube.com\/watch?v=QVHs0BnSeII&#8220;][vc_column_text]<\/p>\n<h4 style=\"text-align: center;\">MTL 500 Ergon + robot<\/h4>\n<p>[\/vc_column_text][vc_empty_space][\/vc_column][\/vc_row]<\/p>\n<\/div>","protected":false},"excerpt":{"rendered":"<p>[vc_row][vc_column][vc_video link=&#8220;https:\/\/www.youtube.com\/watch?v=apExMZuA94Q&#8220;][vc_column_text] Automatisierte Gesamtl\u00f6sung mit ULMER-Integration Vollautomatisierte Inline-Qualit\u00e4tskontrolle mit VICIVISION und ULMER-Integration f\u00fcr pr\u00e4zise, effiziente und produktive Serienfertigung. [\/vc_column_text][\/vc_column][\/vc_row][vc_row][vc_column][vc_video link=&#8220;https:\/\/www.youtube.com\/watch?v=oGN8ZrtiL3M&#8220;][vc_column_text] VICIVISION X5 Flow Pr\u00e4zision auf neuem Niveau in der dentalen Qualit\u00e4tskontrolle [\/vc_column_text][\/vc_column][\/vc_row][vc_row][vc_column][vc_video link=&#8220;https:\/\/youtu.be\/l4QLyFKB7oE&#8220;][vc_column_text] VICI&amp;C- Beyond the Name A story shaped by people, ideas and ambition [\/vc_column_text][\/vc_column][\/vc_row][vc_row][vc_column][vc_video link=&#8220;https:\/\/youtu.be\/iPApIQSeK4M&#8220; align=&#8220;center&#8220;][vc_column_text] VICIVISION &amp; KONFOKALSENSOR F\u00fcr Getriebe- und Keilwellen<\/p>\n<div class=\"more\"><a class=\"more-link btn btn-green ion-ios7-arrow-forward\" href=\"https:\/\/www.vicivision.com\/de\/videos-of-vici-vision-optical-measuring-machines\/\">Weiterlesen<\/a><\/div>\n","protected":false},"author":2,"featured_media":0,"parent":0,"menu_order":0,"comment_status":"closed","ping_status":"closed","template":"","meta":{"footnotes":""},"class_list":["post-11081","page","type-page","status-publish","hentry"],"acf":[],"_links":{"self":[{"href":"https:\/\/www.vicivision.com\/de\/wp-json\/wp\/v2\/pages\/11081","targetHints":{"allow":["GET"]}}],"collection":[{"href":"https:\/\/www.vicivision.com\/de\/wp-json\/wp\/v2\/pages"}],"about":[{"href":"https:\/\/www.vicivision.com\/de\/wp-json\/wp\/v2\/types\/page"}],"author":[{"embeddable":true,"href":"https:\/\/www.vicivision.com\/de\/wp-json\/wp\/v2\/users\/2"}],"replies":[{"embeddable":true,"href":"https:\/\/www.vicivision.com\/de\/wp-json\/wp\/v2\/comments?post=11081"}],"version-history":[{"count":0,"href":"https:\/\/www.vicivision.com\/de\/wp-json\/wp\/v2\/pages\/11081\/revisions"}],"wp:attachment":[{"href":"https:\/\/www.vicivision.com\/de\/wp-json\/wp\/v2\/media?parent=11081"}],"curies":[{"name":"wp","href":"https:\/\/api.w.org\/{rel}","templated":true}]}}