{"id":42521,"date":"2021-01-21T12:13:07","date_gmt":"2021-01-21T11:13:07","guid":{"rendered":"https:\/\/www.vicivision.com\/pardot-twc_cz\/"},"modified":"2021-04-01T09:50:23","modified_gmt":"2021-04-01T07:50:23","slug":"automatizovany-proces-pro-opravu-nastroje","status":"publish","type":"page","link":"https:\/\/www.vicivision.com\/cs\/automatizovany-proces-pro-opravu-nastroje\/","title":{"rendered":"PARDOT &#8211; twc_ENG"},"content":{"rendered":"<div class=\"wpb-content-wrapper\"><p>[vc_row gap=&#8220;5&#8243; equal_height=&#8220;yes&#8220; css=&#8220;.vc_custom_1614674564198{margin-bottom: 0px !important;padding-right: 0% !important;padding-left: 0% !important;}&#8220; el_id=&#8220;flayer&#8220;][vc_column][vc_column_text]<\/p>\n<h3><strong>\u00a0<\/strong><\/h3>\n<h3>BU\u00b4DTE AKTU\u00c1LN\u00cd V PR\u016eB\u011aHU ZM\u011aNY V\u00ddROBN\u00cdCH PROCES\u016e VE V\u011aKU PR\u016eMYSLU 4.0.<\/h3>\n<p>&nbsp;<\/p>\n<p>P\u0159i <strong>rozhovorech s mana\u017eery kvality a v\u00fdroby<\/strong> zjist\u00edme, \u017ee nejv\u011bt\u0161\u00edmi v\u00fdzvami jsou:<\/p>\n<p>M\u00edt <strong>\u0159e\u0161en\u00ed, kter\u00e1 jsou flexibiln\u00ed a rychl\u00e1<br \/>\n<\/strong>Inspekce mimo metrologickou m\u00edstnost p\u0159i <strong>zachov\u00e1n\u00ed sledovatelnosti a kontroly dat<br \/>\n<\/strong>\u0160kolit oper\u00e1tory, aby vykazovali <strong>nulov\u00e9 vady<\/strong> s vysokou variabilitou v\u00fdkresov\u00fdch d\u00edl\u016f<br \/>\nNeust\u00e1le sledujte a <strong>prov\u00e1d\u011bjte korekce v\u010das<\/strong>.<\/p>\n<p>Software <strong>TWC \u010dte soubory CSV<\/strong>, zpracov\u00e1v\u00e1 je, vypo\u010d\u00edt\u00e1v\u00e1 posuny a pot\u00e9 je zp\u0159\u00edstup\u0148uje <strong>PLC<\/strong> prost\u0159ednictv\u00edm <strong>p\u0159ipojen\u00ed Profinet nebo Profibus<\/strong>, aby implementoval <strong>automatickou kompenzaci<\/strong>.[\/vc_column_text][\/vc_column][\/vc_row]<\/p>\n<\/div>","protected":false},"excerpt":{"rendered":"<p>[vc_row gap=&#8220;5&#8243; equal_height=&#8220;yes&#8220; css=&#8220;.vc_custom_1614674564198{margin-bottom: 0px !important;padding-right: 0% !important;padding-left: 0% !important;}&#8220; el_id=&#8220;flayer&#8220;][vc_column][vc_column_text] \u00a0 BU\u00b4DTE AKTU\u00c1LN\u00cd V PR\u016eB\u011aHU ZM\u011aNY V\u00ddROBN\u00cdCH PROCES\u016e VE V\u011aKU PR\u016eMYSLU 4.0. &nbsp; P\u0159i rozhovorech s mana\u017eery kvality a v\u00fdroby zjist\u00edme, \u017ee nejv\u011bt\u0161\u00edmi v\u00fdzvami jsou: M\u00edt \u0159e\u0161en\u00ed, kter\u00e1 jsou flexibiln\u00ed a rychl\u00e1 Inspekce mimo metrologickou m\u00edstnost p\u0159i zachov\u00e1n\u00ed sledovatelnosti a kontroly dat \u0160kolit oper\u00e1tory,<\/p>\n<div class=\"more\"><a class=\"more-link btn btn-green ion-ios7-arrow-forward\" href=\"https:\/\/www.vicivision.com\/cs\/automatizovany-proces-pro-opravu-nastroje\/\">Read more<\/a><\/div>\n","protected":false},"author":2,"featured_media":0,"parent":0,"menu_order":0,"comment_status":"closed","ping_status":"closed","template":"template-form-handler.php","meta":{"footnotes":""},"class_list":["post-42521","page","type-page","status-publish","hentry"],"acf":[],"_links":{"self":[{"href":"https:\/\/www.vicivision.com\/cs\/wp-json\/wp\/v2\/pages\/42521","targetHints":{"allow":["GET"]}}],"collection":[{"href":"https:\/\/www.vicivision.com\/cs\/wp-json\/wp\/v2\/pages"}],"about":[{"href":"https:\/\/www.vicivision.com\/cs\/wp-json\/wp\/v2\/types\/page"}],"author":[{"embeddable":true,"href":"https:\/\/www.vicivision.com\/cs\/wp-json\/wp\/v2\/users\/2"}],"replies":[{"embeddable":true,"href":"https:\/\/www.vicivision.com\/cs\/wp-json\/wp\/v2\/comments?post=42521"}],"version-history":[{"count":0,"href":"https:\/\/www.vicivision.com\/cs\/wp-json\/wp\/v2\/pages\/42521\/revisions"}],"wp:attachment":[{"href":"https:\/\/www.vicivision.com\/cs\/wp-json\/wp\/v2\/media?parent=42521"}],"curies":[{"name":"wp","href":"https:\/\/api.w.org\/{rel}","templated":true}]}}