{"id":41755,"date":"2020-10-05T15:31:56","date_gmt":"2020-10-05T13:31:56","guid":{"rendered":"https:\/\/www.vicivision.com\/pardot-touch-probe\/"},"modified":"2021-04-01T09:49:50","modified_gmt":"2021-04-01T07:49:50","slug":"system-mereni-dotykove-sondy","status":"publish","type":"page","link":"https:\/\/www.vicivision.com\/cs\/system-mereni-dotykove-sondy\/","title":{"rendered":"PARDOT &#8211; Touch Probe"},"content":{"rendered":"<div class=\"wpb-content-wrapper\"><p>[vc_row gap=&#8220;5&#8243; equal_height=&#8220;yes&#8220; css=&#8220;.vc_custom_1614175210718{margin-bottom: 0px !important;padding-right: 0% !important;padding-left: 0% !important;}&#8220; el_id=&#8220;flayer&#8220;][vc_column][vc_empty_space][vc_column_text]<\/p>\n<div class=\"wpb_text_column wpb_content_element \">\n<div class=\"wpb_wrapper\">\n<h3><strong>JEDEN M\u011a\u0158IC\u00cd SYST\u00c9M, MNOHO MO\u017dNOST\u00cd<\/strong><strong>.<\/strong><\/h3>\n<p>&nbsp;<\/p>\n<\/div>\n<\/div>\n<div class=\"wpb_text_column wpb_content_element \">\n<div class=\"wpb_wrapper\">\n<p>VICIVISION poskytuje zcela novou m\u011b\u0159ic\u00ed funkci pro h\u0159\u00eddele, kombinuj\u00edc\u00ed specifickou metodu optick\u00e9ho know-how s <strong>taktiln\u00edm m\u011b\u0159ic\u00edm syst\u00e9mem<\/strong> \u2013 <strong>dotekov\u00e1 sonda<\/strong>.<\/p>\n<p><strong>Optick\u00fd m\u011b\u0159\u00edc\u00ed syst\u00e9m<\/strong>, vyroben\u00fd z telecentrick\u00e9 \u010do\u010dky, sv\u011bteln\u00e9ho zdroje, rota\u010dn\u00edho syst\u00e9mu a senzor\u016f, poskytuje po l\u00e9ta \u0161irok\u00e9 spektrum mo\u017enost\u00ed m\u011b\u0159en\u00ed stovk\u00e1m v\u00fdrobc\u016f h\u0159\u00eddel\u00ed.<\/p>\n<p>Dne\u0161n\u00ed syst\u00e9my <strong>kombinuj\u00edc\u00ed optick\u00fdch a taktiln\u00edch<\/strong> funkc\u00ed umo\u017e\u0148uj\u00ed \u00fapln\u00e9 pokryt\u00ed m\u011b\u0159ic\u00edch \u00faloh pro soustru\u017een\u00e9 sou\u010d\u00e1sti v jedin\u00e9m cyklu.<\/p>\n<p>Nep\u0159ekonateln\u00fd syst\u00e9m v pom\u011bru ceny a m\u011b\u0159ic\u00edho v\u00fdkonu je nov\u011b mo\u017eno osadit <strong>skenovac\u00ed sondou Renishaw<\/strong> p\u0159ipevn\u011bnou na horn\u00ed \u010d\u00e1sti sv\u011bteln\u00e9ho zdroje. <strong>Sonda je zam\u011bniteln\u00e1<\/strong> a pokr\u00fdv\u00e1 cel\u00fd rozsah m\u011b\u0159ic\u00ed d\u00e9lky stroje.<\/p>\n<p>Zat\u00edmco <strong>optick\u00fd<\/strong> m\u011b\u0159ic\u00ed syst\u00e9m rychle poskytne statick\u00e1, geometrick\u00e1 a z\u00e1vitov\u00e1 data m\u011b\u0159en\u00ed, m\u011b\u0159en\u00ed tvaru, matic, je dom\u011b\u0159ov\u00e1n <strong>dotykov\u00fdm<\/strong> syst\u00e9mem, v\u0161echny ty, kter\u00e9 nejsou opticky viditeln\u00e9.<\/p>\n<p>Optick\u00e1 a dotykov\u00e1 metoda umo\u017e\u0148uje koncov\u00fdm u\u017eivatel\u016fm m\u011b\u0159it:<\/p>\n<p><b>Axi\u00e1ln\u00ed a celkov\u00e9 axi\u00e1ln\u00ed h\u00e1zen\u00ed<br \/>\n<\/b><b>D\u00e9lky s detekc\u00ed bodu pod \u00farovn\u00ed hrany<br \/>\n<\/b><b>Perodr\u00e1\u017eka<br \/>\n<\/b><b>Hloubka dr\u00e1\u017eky<br \/>\n<\/b><b>\u0160\u00ed\u0159ka dr\u00e1\u017eky<br \/>\n<\/b><b>D\u00e9lka dr\u00e1\u017eky<\/b><\/p>\n<\/div>\n<\/div>\n<p>[\/vc_column_text][\/vc_column][\/vc_row]<\/p>\n<\/div>","protected":false},"excerpt":{"rendered":"<p>[vc_row gap=&#8220;5&#8243; equal_height=&#8220;yes&#8220; css=&#8220;.vc_custom_1614175210718{margin-bottom: 0px !important;padding-right: 0% !important;padding-left: 0% !important;}&#8220; el_id=&#8220;flayer&#8220;][vc_column][vc_empty_space][vc_column_text] JEDEN M\u011a\u0158IC\u00cd SYST\u00c9M, MNOHO MO\u017dNOST\u00cd. &nbsp; VICIVISION poskytuje zcela novou m\u011b\u0159ic\u00ed funkci pro h\u0159\u00eddele, kombinuj\u00edc\u00ed specifickou metodu optick\u00e9ho know-how s taktiln\u00edm m\u011b\u0159ic\u00edm syst\u00e9mem \u2013 dotekov\u00e1 sonda. Optick\u00fd m\u011b\u0159\u00edc\u00ed syst\u00e9m, vyroben\u00fd z telecentrick\u00e9 \u010do\u010dky, sv\u011bteln\u00e9ho zdroje, rota\u010dn\u00edho syst\u00e9mu a senzor\u016f, poskytuje po l\u00e9ta \u0161irok\u00e9 spektrum<\/p>\n<div class=\"more\"><a class=\"more-link btn btn-green ion-ios7-arrow-forward\" href=\"https:\/\/www.vicivision.com\/cs\/system-mereni-dotykove-sondy\/\">Read more<\/a><\/div>\n","protected":false},"author":5,"featured_media":0,"parent":0,"menu_order":0,"comment_status":"closed","ping_status":"closed","template":"template-form-handler.php","meta":{"footnotes":""},"class_list":["post-41755","page","type-page","status-publish","hentry"],"acf":[],"_links":{"self":[{"href":"https:\/\/www.vicivision.com\/cs\/wp-json\/wp\/v2\/pages\/41755","targetHints":{"allow":["GET"]}}],"collection":[{"href":"https:\/\/www.vicivision.com\/cs\/wp-json\/wp\/v2\/pages"}],"about":[{"href":"https:\/\/www.vicivision.com\/cs\/wp-json\/wp\/v2\/types\/page"}],"author":[{"embeddable":true,"href":"https:\/\/www.vicivision.com\/cs\/wp-json\/wp\/v2\/users\/5"}],"replies":[{"embeddable":true,"href":"https:\/\/www.vicivision.com\/cs\/wp-json\/wp\/v2\/comments?post=41755"}],"version-history":[{"count":0,"href":"https:\/\/www.vicivision.com\/cs\/wp-json\/wp\/v2\/pages\/41755\/revisions"}],"wp:attachment":[{"href":"https:\/\/www.vicivision.com\/cs\/wp-json\/wp\/v2\/media?parent=41755"}],"curies":[{"name":"wp","href":"https:\/\/api.w.org\/{rel}","templated":true}]}}