{"id":41735,"date":"2020-10-05T15:29:38","date_gmt":"2020-10-05T13:29:38","guid":{"rendered":"https:\/\/www.vicivision.com\/pardot-raccordi\/"},"modified":"2021-04-01T09:48:42","modified_gmt":"2021-04-01T07:48:42","slug":"automaticke-merici-systemy","status":"publish","type":"page","link":"https:\/\/www.vicivision.com\/cs\/automaticke-merici-systemy\/","title":{"rendered":"PARDOT &#8211; Raccordi"},"content":{"rendered":"<div class=\"wpb-content-wrapper\"><p>[vc_row css=&#8220;.vc_custom_1614175379379{padding-right: 0px !important;padding-left: 0px !important;}&#8220;][vc_column][vc_empty_space][vc_column_text]<\/p>\n<h3><strong>JAK JE M\u011a\u0158\u00cdTE ZA P\u00c1R SEKUND.<\/strong><br \/>\nJeden specifick\u00fd softwarov\u00fd n\u00e1stroj pro m\u011b\u0159en\u00ed z\u00e1vitov\u00fdch prvk\u016f, tvarovek, \u0161roub\u016f a trn\u016f.<\/h3>\n<p>&nbsp;<\/p>\n<p>Pro v\u00fdrobce je \u010dasto obt\u00ed\u017en\u00e9 p\u0159esn\u011b a objektivn\u011b z\u00edskat v\u00fdsledky p\u0159i m\u011b\u0159en\u00ed <strong>soustru\u017een\u00fdch z\u00e1vit\u016f<\/strong>, \u010di specifick\u00fdch rozm\u011br\u016f na <strong>fitinz\u00edch<\/strong> a <strong>v\u00e1lcovan\u00fdch z\u00e1vitech<\/strong>.<\/p>\n<p>V \u00fazk\u00e9 spolupr\u00e1ci s na\u0161imi klienty, abychom porozum\u011bli jejich pot\u0159eb\u00e1m, jsme vyvinuli <strong>konkr\u00e9tn\u00ed softwarov\u00e9 n\u00e1stroje<\/strong> pro m\u011b\u0159en\u00ed <strong>armatur<\/strong>.<\/p>\n<p>Krom\u011b standardn\u00edch m\u011b\u0159en\u00ed (tj. Pr\u016fm\u011br, d\u00e9lka, \u00fahel, polom\u011br a zkosen\u00ed) lze z\u00edskat specifick\u00e9 rozm\u011bry z\u00e1vitov\u00fdch d\u00edl\u016f.<\/p>\n<p>Jedin\u00fd softwarov\u00fd n\u00e1stroj dok\u00e1\u017ee b\u011bhem n\u011bkolika sekund automaticky zm\u011b\u0159it tvarovky a soustru\u017een\u00e9 z\u00e1vity, jako\u017e i <strong>\u0161rouby<\/strong> nebo <strong>trny<\/strong>.[\/vc_column_text][\/vc_column][\/vc_row]<\/p>\n<\/div>","protected":false},"excerpt":{"rendered":"<p>[vc_row css=&#8220;.vc_custom_1614175379379{padding-right: 0px !important;padding-left: 0px !important;}&#8220;][vc_column][vc_empty_space][vc_column_text] JAK JE M\u011a\u0158\u00cdTE ZA P\u00c1R SEKUND. Jeden specifick\u00fd softwarov\u00fd n\u00e1stroj pro m\u011b\u0159en\u00ed z\u00e1vitov\u00fdch prvk\u016f, tvarovek, \u0161roub\u016f a trn\u016f. &nbsp; Pro v\u00fdrobce je \u010dasto obt\u00ed\u017en\u00e9 p\u0159esn\u011b a objektivn\u011b z\u00edskat v\u00fdsledky p\u0159i m\u011b\u0159en\u00ed soustru\u017een\u00fdch z\u00e1vit\u016f, \u010di specifick\u00fdch rozm\u011br\u016f na fitinz\u00edch a v\u00e1lcovan\u00fdch z\u00e1vitech. V \u00fazk\u00e9 spolupr\u00e1ci s na\u0161imi klienty, abychom porozum\u011bli<\/p>\n<div class=\"more\"><a class=\"more-link btn btn-green ion-ios7-arrow-forward\" href=\"https:\/\/www.vicivision.com\/cs\/automaticke-merici-systemy\/\">Read more<\/a><\/div>\n","protected":false},"author":5,"featured_media":0,"parent":0,"menu_order":0,"comment_status":"closed","ping_status":"closed","template":"template-form-handler.php","meta":{"footnotes":""},"class_list":["post-41735","page","type-page","status-publish","hentry"],"acf":[],"_links":{"self":[{"href":"https:\/\/www.vicivision.com\/cs\/wp-json\/wp\/v2\/pages\/41735","targetHints":{"allow":["GET"]}}],"collection":[{"href":"https:\/\/www.vicivision.com\/cs\/wp-json\/wp\/v2\/pages"}],"about":[{"href":"https:\/\/www.vicivision.com\/cs\/wp-json\/wp\/v2\/types\/page"}],"author":[{"embeddable":true,"href":"https:\/\/www.vicivision.com\/cs\/wp-json\/wp\/v2\/users\/5"}],"replies":[{"embeddable":true,"href":"https:\/\/www.vicivision.com\/cs\/wp-json\/wp\/v2\/comments?post=41735"}],"version-history":[{"count":0,"href":"https:\/\/www.vicivision.com\/cs\/wp-json\/wp\/v2\/pages\/41735\/revisions"}],"wp:attachment":[{"href":"https:\/\/www.vicivision.com\/cs\/wp-json\/wp\/v2\/media?parent=41735"}],"curies":[{"name":"wp","href":"https:\/\/api.w.org\/{rel}","templated":true}]}}