{"id":41718,"date":"2020-10-01T11:25:09","date_gmt":"2020-10-01T09:25:09","guid":{"rendered":"https:\/\/www.vicivision.com\/pardot-flyer-techno\/"},"modified":"2021-04-01T09:47:45","modified_gmt":"2021-04-01T07:47:45","slug":"vicivision-opticka-merici-zarizeni","status":"publish","type":"page","link":"https:\/\/www.vicivision.com\/cs\/vicivision-opticka-merici-zarizeni\/","title":{"rendered":"PARDOT &#8211; Flyer Techno"},"content":{"rendered":"<div class=\"wpb-content-wrapper\"><p>[vc_row gap=&#8220;5&#8243; equal_height=&#8220;yes&#8220; css=&#8220;.vc_custom_1614673617668{margin-bottom: 0px !important;padding-right: 0% !important;padding-left: 0% !important;}&#8220; el_id=&#8220;flayer&#8220;][vc_column][vc_column_text]<\/p>\n<h3><strong><br \/>\nTADY JE METODA, KTER\u00c1 V\u00c1S OCHR\u00c1N\u00cd P\u0158ED NEP\u0158\u00cdJEMN\u00ddMI CHYBAMI.<\/strong><\/h3>\n<p>&nbsp;<\/p>\n<p>V p\u0159\u00ed\u0161t\u00edch 3 letech bude nab\u00eddka automobil\u016f zcela obnovena.<\/p>\n<p><strong>Klasick\u00e9 komponenty jako va\u010dkov\u00e9 h\u0159\u00eddele, turb\u00edny, klouby s konstantn\u00ed rychlost\u00ed, p\u0159evodov\u00e9 h\u0159\u00eddele, ventily, p\u00edsty, klikov\u00e9 h\u0159\u00eddele nezmiz\u00ed.<\/strong><\/p>\n<p><strong>Sn\u00ed\u017e\u00ed se objem<\/strong>, zvy\u0161uje se v\u00fdkon a <strong>m\u011bn\u00ed se modelov\u00e9 \u0159ady<\/strong>.<\/p>\n<p>P\u0159edstavte si n\u011bkoho, kdo klepe na dve\u0159e a \u0159\u00edk\u00e1: &#8222;Mus\u00ed to fungovat jako ten star\u00fd d\u00edl, mus\u00ed v\u0161ak st\u00e1t m\u00e9n\u011b, m\u00edt v\u00edce v\u00fdkonu, vydr\u017eet d\u00e9le a velmi rychle se dostat na maxim\u00e1ln\u00ed rychlost. Jo, zapomn\u011bl jsem: mus\u00edme z\u016fstat flexibiln\u00ed, proto\u017ee objemy jsou n\u00edzk\u00e9 a vice r\u016fzn\u00fdch d\u00edl\u016f mus\u00ed b\u00fdt vyrobeno stejn\u00fdm strojem&#8220;.<\/p>\n<p>Jak <strong>zajist\u00edte kvalitu<\/strong> za t\u011bchto podm\u00ednek?<br \/>\nJak <strong>udr\u017e\u00edte n\u00e1klady pod kontrolou sn\u00ed\u017een\u00edm objem\u016f<\/strong>?<br \/>\nJak\u00e9 budou <strong>o\u010dek\u00e1van\u00e9 parametry kontroly<\/strong>?<\/p>\n<p>P\u0159i <strong>rozhovorech s mana\u017eery kvality<\/strong> a v\u00fdroby zjist\u00edme, \u017ee nejv\u011bt\u0161\u00edmi v\u00fdzvami jsou:<\/p>\n<p>M\u00edt k dispozici <strong>\u0159e\u0161en\u00ed, kter\u00e1 jsou flexibiln\u00ed a rychl\u00e1<br \/>\n<\/strong>Inspekce mimo metrologickou m\u00edstnost p\u0159i <strong>zachov\u00e1n\u00ed sledovatelnosti a kontroly dat<br \/>\n<\/strong>Pro\u0161kolen\u00ed oper\u00e1tor\u016f, aby m\u011bli nulov\u00e9 vady s vysokou variabilitou v\u00fdkresov\u00fdch zm\u011bn<br \/>\nNeust\u00e1le sledovat d\u00edly a <strong>prov\u00e1d\u011bt korekce v\u010das<\/strong>.<\/p>\n<p>Tv\u00e1\u0159\u00ed v tv\u00e1\u0159 tomuto sc\u00e9n\u00e1\u0159i spole\u010dnost VICIVISION zavedla metodu, kter\u00e1 v\u00e1m poskytne spr\u00e1vn\u00fd m\u011b\u0159ic\u00ed p\u0159\u00edstroj:<\/p>\n<ol>\n<li><strong>Zm\u011bna sou\u010d\u00e1sti pomoc\u00ed \u010d\u00e1rov\u00e9ho k\u00f3du<\/strong> bez dal\u0161\u00ed pot\u0159eby na n\u00e1stroje\/n\u00e1\u0159ad\u00ed<\/li>\n<li><strong>Zm\u011b\u0159en\u00ed b\u011bhem n\u011bkolika sekund<\/strong><\/li>\n<li><strong>Pracuje p\u0159\u00edmo ve v\u00fdrob\u011b<\/strong><\/li>\n<li><strong>Zp\u011btn\u011b kontroluje obr\u00e1b\u011bc\u00ed stroje<\/strong><\/li>\n<li><strong>Dod\u00e1v\u00e1 data do metrologick\u00e9 laborato\u0159e<\/strong><\/li>\n<li>P\u0159ij\u00edm\u00e1 pokyny od znalostn\u00edho pracovn\u00edka a <strong>shroma\u017e\u010fuje data<\/strong> pro statistick\u00fd syst\u00e9m<\/li>\n<\/ol>\n<p>Syt\u00e9m pou\u017e\u00edv\u00e1 ji\u017e v\u00edce ne\u017e 2000 spole\u010dnost\u00ed.<\/p>\n<p>&nbsp;<\/p>\n<p>Chcete v\u011bd\u011bt v\u00edce?<\/p>\n<p>Vyplnit formul\u00e1\u0159 a obdr\u017e\u00edte:<\/p>\n<ul>\n<li>Informace o technick\u00e9m kontroln\u00edm za\u0159\u00edzen\u00ed a specifick\u00fdch aplikac\u00edch vyvinut\u00fdch pro automobilov\u00fd pr\u016fmysl<\/li>\n<li>Jeden osv\u011bd\u010den\u00fd postup t\u00fddn\u011b.<\/li>\n<\/ul>\n<p>[\/vc_column_text][\/vc_column][\/vc_row]<\/p>\n<\/div>","protected":false},"excerpt":{"rendered":"<p>[vc_row gap=&#8220;5&#8243; equal_height=&#8220;yes&#8220; css=&#8220;.vc_custom_1614673617668{margin-bottom: 0px !important;padding-right: 0% !important;padding-left: 0% !important;}&#8220; el_id=&#8220;flayer&#8220;][vc_column][vc_column_text] TADY JE METODA, KTER\u00c1 V\u00c1S OCHR\u00c1N\u00cd P\u0158ED NEP\u0158\u00cdJEMN\u00ddMI CHYBAMI. &nbsp; V p\u0159\u00ed\u0161t\u00edch 3 letech bude nab\u00eddka automobil\u016f zcela obnovena. Klasick\u00e9 komponenty jako va\u010dkov\u00e9 h\u0159\u00eddele, turb\u00edny, klouby s konstantn\u00ed rychlost\u00ed, p\u0159evodov\u00e9 h\u0159\u00eddele, ventily, p\u00edsty, klikov\u00e9 h\u0159\u00eddele nezmiz\u00ed. Sn\u00ed\u017e\u00ed se objem, zvy\u0161uje se v\u00fdkon a m\u011bn\u00ed<\/p>\n<div class=\"more\"><a class=\"more-link btn btn-green ion-ios7-arrow-forward\" href=\"https:\/\/www.vicivision.com\/cs\/vicivision-opticka-merici-zarizeni\/\">Read more<\/a><\/div>\n","protected":false},"author":5,"featured_media":0,"parent":0,"menu_order":0,"comment_status":"closed","ping_status":"closed","template":"template-form-handler.php","meta":{"footnotes":""},"class_list":["post-41718","page","type-page","status-publish","hentry"],"acf":[],"_links":{"self":[{"href":"https:\/\/www.vicivision.com\/cs\/wp-json\/wp\/v2\/pages\/41718","targetHints":{"allow":["GET"]}}],"collection":[{"href":"https:\/\/www.vicivision.com\/cs\/wp-json\/wp\/v2\/pages"}],"about":[{"href":"https:\/\/www.vicivision.com\/cs\/wp-json\/wp\/v2\/types\/page"}],"author":[{"embeddable":true,"href":"https:\/\/www.vicivision.com\/cs\/wp-json\/wp\/v2\/users\/5"}],"replies":[{"embeddable":true,"href":"https:\/\/www.vicivision.com\/cs\/wp-json\/wp\/v2\/comments?post=41718"}],"version-history":[{"count":0,"href":"https:\/\/www.vicivision.com\/cs\/wp-json\/wp\/v2\/pages\/41718\/revisions"}],"wp:attachment":[{"href":"https:\/\/www.vicivision.com\/cs\/wp-json\/wp\/v2\/media?parent=41718"}],"curies":[{"name":"wp","href":"https:\/\/api.w.org\/{rel}","templated":true}]}}