{"id":41711,"date":"2020-10-05T11:53:23","date_gmt":"2020-10-05T09:53:23","guid":{"rendered":"https:\/\/www.vicivision.com\/pardot-dentale\/"},"modified":"2021-04-01T09:47:28","modified_gmt":"2021-04-01T07:47:28","slug":"opatreni-zubni-implantaty-a-mikro-dily","status":"publish","type":"page","link":"https:\/\/www.vicivision.com\/cs\/opatreni-zubni-implantaty-a-mikro-dily\/","title":{"rendered":"PARDOT &#8211; Dentale"},"content":{"rendered":"<div class=\"wpb-content-wrapper\"><p>[vc_row gap=&#8220;5&#8243; equal_height=&#8220;yes&#8220; css=&#8220;.vc_custom_1614673584603{margin-bottom: 0px !important;padding-right: 0% !important;padding-left: 0% !important;}&#8220; el_id=&#8220;flayer&#8220;][vc_column][vc_column_text]<\/p>\n<h3><\/h3>\n<h3><strong>N\u00cd\u017dE NAJDETE T\u0158I TIPY S OKAM\u017dITOU MO\u017dNOST\u00cd VYU\u017dIT\u00cd, MNOHO SOUSTRU\u017d\u00cdC\u00cdCH FIREM U\u017d T\u011aCHTO TIP\u016e VYU\u017d\u00cdV\u00c1.<br \/>\n<\/strong><strong>IDE\u00c1LN\u00cd VYU\u017dIT\u00cd JE PRO TY, KTE\u0158\u00cd OBR\u00c1B\u011aJ\u00cd ZUBN\u00cd IMPLANT\u00c1TY, PROTETICK\u00c9 A KOSTN\u00cd \u0160ROUBY, MIKROMECHANIKU A HODIN\u00c1\u0158SK\u00c9 KOMPONENTY.<\/strong><\/h3>\n<p>&nbsp;<\/p>\n<ol>\n<li><strong><u>Vyd\u011bl\u00e1vejte pen\u00edze na mal\u00fdch d\u00e1vk\u00e1ch.<\/u><\/strong><\/li>\n<\/ol>\n<p>Kolik zm\u011bn denn\u011b d\u011bl\u00e1te ve sv\u00e9 v\u00fdrob\u011b?<br \/>\nNa kolik odhadujete hodinov\u00e9 n\u00e1klady na prostoje soustruhu?<\/p>\n<p>Zjist\u011bte, jak sn\u00ed\u017eit prostoje.<\/p>\n<p>Zjist\u011bte rozm\u011bry d\u00edl\u016f za n\u011bkolik sekund a okam\u017eit\u011b je p\u0159eneste do CNC soustruhu.<\/p>\n<p><strong>U\u0161et\u0159ete a\u017e 40 minut p\u0159i ka\u017ed\u00e9m p\u0159echodu na jinou d\u00e1vku<\/strong>.<\/p>\n<ol start=\"2\">\n<li><strong><u>Odstra\u0148te v\u00fdrobn\u00ed zmetky.<\/u><\/strong><\/li>\n<\/ol>\n<p>Kolik materi\u00e1lu za rok vyhod\u00edte?<br \/>\nA co kdy\u017e se zmetkov\u00fd d\u00edl dostane k z\u00e1kazn\u00edkovi?<\/p>\n<p>Vyu\u017eijte <strong>m\u011b\u0159ic\u00ed syst\u00e9m postaven\u00fd vedle soustruhu<\/strong>, kter\u00fd v\u00e1m umo\u017en\u00ed <strong>zabr\u00e1nit vzniku zmetk\u016f<\/strong>.<\/p>\n<ol start=\"3\">\n<li><strong><u>Porazte konkurenci.<\/u><\/strong><\/li>\n<\/ol>\n<p>Jak moc ovliv\u0148uje kvalita a pov\u011bst v\u00e1\u0161 v\u00fdb\u011br dodavatele?<br \/>\nKolik stoj\u00ed n\u011bjak reklamace? A co audity kvality?<\/p>\n<p>Sledujte kvalitu bez n\u00e1klad\u016f, vyhn\u011bte se reklamac\u00edm, p\u0159edve\u010fte sv\u016fj pln\u00fd v\u00fdkon.<\/p>\n<p>&nbsp;<\/p>\n<p>Chcete v\u011bd\u011bt, jak to v\u0161echno uplatnit v praxi?<\/p>\n<p>S <strong>optick\u00fdm m\u011b\u0159ic\u00edm p\u0159\u00edstrojem VICIVISION<\/strong> navr\u017een\u00fdm pro v\u00fdrobce <strong>zubn\u00edch implant\u00e1t\u016f<\/strong> a<strong> mikro komponent\u016f<\/strong>.<\/p>\n<p>Bude to snadn\u00e9 a <strong>investice se vr\u00e1t\u00ed asi za 3 m\u011bs\u00edce<\/strong>.<\/p>\n<p>Od tohoto momentu pak zv\u00fd\u0161\u00edte svoji mar\u017ei a poraz\u00edte konkurenci.<\/p>\n<p>&nbsp;<\/p>\n<p>Vypl\u0148te formul\u00e1\u0159. A Obdr\u017e\u00edte:<\/p>\n<ul>\n<li>Informace o \u0159ad\u011b X, m\u011b\u0159ic\u00edm za\u0159\u00edzen\u00ed speci\u00e1ln\u011b navr\u017een\u00e9m pro zubn\u00ed, biomedic\u00ednsk\u00fd a hodin\u00e1\u0159sk\u00fd pr\u016fmysl<\/li>\n<li>Jeden osv\u011bd\u010den\u00fd TIP\/postup t\u00fddn\u011b.<\/li>\n<\/ul>\n<p>[\/vc_column_text][\/vc_column][\/vc_row]<\/p>\n<\/div>","protected":false},"excerpt":{"rendered":"<p>[vc_row gap=&#8220;5&#8243; equal_height=&#8220;yes&#8220; css=&#8220;.vc_custom_1614673584603{margin-bottom: 0px !important;padding-right: 0% !important;padding-left: 0% !important;}&#8220; el_id=&#8220;flayer&#8220;][vc_column][vc_column_text] N\u00cd\u017dE NAJDETE T\u0158I TIPY S OKAM\u017dITOU MO\u017dNOST\u00cd VYU\u017dIT\u00cd, MNOHO SOUSTRU\u017d\u00cdC\u00cdCH FIREM U\u017d T\u011aCHTO TIP\u016e VYU\u017d\u00cdV\u00c1. IDE\u00c1LN\u00cd VYU\u017dIT\u00cd JE PRO TY, KTE\u0158\u00cd OBR\u00c1B\u011aJ\u00cd ZUBN\u00cd IMPLANT\u00c1TY, PROTETICK\u00c9 A KOSTN\u00cd \u0160ROUBY, MIKROMECHANIKU A HODIN\u00c1\u0158SK\u00c9 KOMPONENTY. &nbsp; Vyd\u011bl\u00e1vejte pen\u00edze na mal\u00fdch d\u00e1vk\u00e1ch. Kolik zm\u011bn denn\u011b d\u011bl\u00e1te ve sv\u00e9<\/p>\n<div class=\"more\"><a class=\"more-link btn btn-green ion-ios7-arrow-forward\" href=\"https:\/\/www.vicivision.com\/cs\/opatreni-zubni-implantaty-a-mikro-dily\/\">Read more<\/a><\/div>\n","protected":false},"author":5,"featured_media":0,"parent":0,"menu_order":0,"comment_status":"closed","ping_status":"closed","template":"template-form-handler.php","meta":{"footnotes":""},"class_list":["post-41711","page","type-page","status-publish","hentry"],"acf":[],"_links":{"self":[{"href":"https:\/\/www.vicivision.com\/cs\/wp-json\/wp\/v2\/pages\/41711","targetHints":{"allow":["GET"]}}],"collection":[{"href":"https:\/\/www.vicivision.com\/cs\/wp-json\/wp\/v2\/pages"}],"about":[{"href":"https:\/\/www.vicivision.com\/cs\/wp-json\/wp\/v2\/types\/page"}],"author":[{"embeddable":true,"href":"https:\/\/www.vicivision.com\/cs\/wp-json\/wp\/v2\/users\/5"}],"replies":[{"embeddable":true,"href":"https:\/\/www.vicivision.com\/cs\/wp-json\/wp\/v2\/comments?post=41711"}],"version-history":[{"count":0,"href":"https:\/\/www.vicivision.com\/cs\/wp-json\/wp\/v2\/pages\/41711\/revisions"}],"wp:attachment":[{"href":"https:\/\/www.vicivision.com\/cs\/wp-json\/wp\/v2\/media?parent=41711"}],"curies":[{"name":"wp","href":"https:\/\/api.w.org\/{rel}","templated":true}]}}