{"id":38861,"date":"2015-12-03T09:13:03","date_gmt":"2015-12-03T08:13:03","guid":{"rendered":"https:\/\/www.vicivision.com\/videos\/"},"modified":"2025-07-10T09:54:36","modified_gmt":"2025-07-10T07:54:36","slug":"videos","status":"publish","type":"page","link":"https:\/\/www.vicivision.com\/cs\/videos\/","title":{"rendered":"Videos"},"content":{"rendered":"<div class=\"wpb-content-wrapper\"><p>[vc_row][vc_column][vc_video link=&#8220;https:\/\/youtu.be\/l4QLyFKB7oE&#8220;][vc_column_text]<\/p>\n<h4 style=\"text-align: center;\">VICI&amp;C- Beyond the Name<br \/>\nA story shaped by people, ideas and ambition<\/h4>\n<p>[\/vc_column_text][\/vc_column][\/vc_row][vc_row][vc_column][vc_video link=&#8220;https:\/\/youtu.be\/Pb2FyqWdbvU&#8220;][vc_column_text]<\/p>\n<h4 class=\"title style-scope ytd-video-primary-info-renderer\" style=\"text-align: center;\">The new VICIVISION optical measuring machine range.<br \/>\nTECHNO SERIES| X SERIES | PRIMA SERIES<\/h4>\n<p>[\/vc_column_text][vc_empty_space][vc_video link=&#8220;https:\/\/youtu.be\/1ZduZdWdrv0&#8243; align=&#8220;center&#8220;][vc_column_text]<\/p>\n<h4 class=\"title style-scope ytd-video-primary-info-renderer\" style=\"text-align: center;\">VICIVISION &amp; Robot \u2013 Integrace pro zv\u00fd\u0161en\u00ed produkce<\/h4>\n<p>[\/vc_column_text][vc_empty_space][\/vc_column][\/vc_row][vc_row][vc_column width=&#8220;1\/2&#8243;][vc_video link=&#8220;https:\/\/youtu.be\/CK8oGhpSXyE&#8220; align=&#8220;center&#8220;][vc_column_text]<\/p>\n<h4 class=\"title style-scope ytd-video-primary-info-renderer\" style=\"text-align: center;\">5 SOLID REASONS TO CHOOSE AN OPTICAL MACHINE | <strong>Reason1: Cut production costs<\/strong><\/h4>\n<p>[\/vc_column_text][vc_empty_space][\/vc_column][vc_column width=&#8220;1\/2&#8243;][vc_video link=&#8220;https:\/\/youtu.be\/IDS0XznX1eQ&#8220; align=&#8220;center&#8220;][vc_column_text]<\/p>\n<h4 class=\"title style-scope ytd-video-primary-info-renderer\" style=\"text-align: center;\">5 SOLID REASONS TO CHOOSE AN OPTICAL MACHINE | <strong>Reason2: Speed make a difference<\/strong><\/h4>\n<p>[\/vc_column_text][vc_empty_space][\/vc_column][\/vc_row][vc_row][vc_column width=&#8220;1\/2&#8243;][vc_video link=&#8220;https:\/\/youtu.be\/uig3kfWbMIs&#8220; align=&#8220;center&#8220;][vc_column_text]<\/p>\n<h4 class=\"title style-scope ytd-video-primary-info-renderer\" style=\"text-align: center;\">5 SOLID REASONS TO CHOOSE AN OPTICAL MACHINE | <strong>Reason3: To meet highly specific requirements<\/strong><\/h4>\n<p>[\/vc_column_text][vc_empty_space][\/vc_column][vc_column width=&#8220;1\/2&#8243;][vc_video link=&#8220;https:\/\/youtu.be\/MnXzb8d6kUY&#8220; align=&#8220;center&#8220;][vc_column_text]<\/p>\n<h4 class=\"title style-scope ytd-video-primary-info-renderer\" style=\"text-align: center;\">5 SOLID REASONS TO CHOOSE AN OPTICAL MACHINE | <strong>Reason4: It ensures accuracy and repeatability<\/strong><\/h4>\n<p>[\/vc_column_text][vc_empty_space][\/vc_column][\/vc_row][vc_row][vc_column][vc_video link=&#8220;https:\/\/youtu.be\/DzSQCCBoEHY&#8220; align=&#8220;center&#8220;][vc_column_text]<\/p>\n<h4 class=\"title style-scope ytd-video-primary-info-renderer\" style=\"text-align: center;\">D\u016eVOD, PRO\u010c BYSTE M\u011aLI ZVOLIT AUTOMATICK\u00dd M\u011a\u0158IC\u00cd SYST\u00c9M | VICIVISION<\/h4>\n<p>[\/vc_column_text][vc_empty_space][\/vc_column][\/vc_row][vc_row][vc_column][vc_video link=&#8220;https:\/\/youtu.be\/ezvt_BcKjIk&#8220; align=&#8220;center&#8220;][vc_column_text]<\/p>\n<h4 class=\"title style-scope ytd-video-primary-info-renderer\" style=\"text-align: center;\">VICIVISION machines-Performance event at Carfulan Group.<\/h4>\n<p>[\/vc_column_text][vc_empty_space][\/vc_column][\/vc_row][vc_row][vc_column][vc_video link=&#8220;https:\/\/youtu.be\/hfqnnN80b0Y&#8220;][vc_column_text]<\/p>\n<h4 style=\"text-align: center;\">VICIVISION OPEN HOUSE &#8211; HANDS ON MACHINES February.2018<\/h4>\n<p>[\/vc_column_text][vc_empty_space height=&#8220;18 pt&#8220;][\/vc_column][\/vc_row][vc_row][vc_column][vc_empty_space][\/vc_column][\/vc_row][vc_row][vc_column width=&#8220;1\/2&#8243;][vc_video link=&#8220;https:\/\/www.youtube.com\/watch?v=WYWSo05vDJ4&#8243;][vc_column_text]<\/p>\n<h4 class=\"yt watch-title-container\" style=\"text-align: center;\"><span id=\"eow-title\" class=\"watch-title \" dir=\"ltr\" title=\"OGP's Vici Vision MTL X5, As Seen on Quality Digest Live TechCorner, September 28, 2012\">MTL X5, As Seen on Quality Digest Live TechCorner 2012 &#8211; by OGP<\/span><\/h4>\n<p>[\/vc_column_text][\/vc_column][vc_column width=&#8220;1\/2&#8243;][vc_video link=&#8220;https:\/\/youtu.be\/WndjQ4u5xVI&#8220;][vc_column_text]<\/p>\n<h4 class=\"yt watch-title-container\" style=\"text-align: center;\"><span id=\"eow-title\" class=\"watch-title \" dir=\"ltr\" title=\"OGP's Vici Vision MTL X5, As Seen on Quality Digest Live TechCorner, September 28, 2012\">MTL X5. For dental implantology and biomedical technology.<\/span><\/h4>\n<p>[\/vc_column_text][\/vc_column][\/vc_row][vc_row][vc_column][vc_empty_space][\/vc_column][\/vc_row][vc_row][vc_column][vc_video link=&#8220;https:\/\/www.youtube.com\/watch?v=QVHs0BnSeII&#8220;][vc_column_text]<\/p>\n<h4 style=\"text-align: center;\">MTL 500 Ergon + robot<\/h4>\n<p>[\/vc_column_text][vc_empty_space][\/vc_column][\/vc_row][vc_row][vc_column][vc_video link=&#8220;https:\/\/youtu.be\/ps2ha6Vpy6k&#8220;][vc_column_text]<\/p>\n<h4 style=\"text-align: center;\">How to measure camshafts with MTL X-STREAM<\/h4>\n<p>[\/vc_column_text][\/vc_column][\/vc_row]<\/p>\n<\/div>","protected":false},"excerpt":{"rendered":"<p>[vc_row][vc_column][vc_video link=&#8220;https:\/\/youtu.be\/l4QLyFKB7oE&#8220;][vc_column_text] VICI&amp;C- Beyond the Name A story shaped by people, ideas and ambition [\/vc_column_text][\/vc_column][\/vc_row][vc_row][vc_column][vc_video link=&#8220;https:\/\/youtu.be\/Pb2FyqWdbvU&#8220;][vc_column_text] The new VICIVISION optical measuring machine range. TECHNO SERIES| X SERIES | PRIMA SERIES [\/vc_column_text][vc_empty_space][vc_video link=&#8220;https:\/\/youtu.be\/1ZduZdWdrv0&#8243; align=&#8220;center&#8220;][vc_column_text] VICIVISION &amp; Robot \u2013 Integrace pro zv\u00fd\u0161en\u00ed produkce [\/vc_column_text][vc_empty_space][\/vc_column][\/vc_row][vc_row][vc_column width=&#8220;1\/2&#8243;][vc_video link=&#8220;https:\/\/youtu.be\/CK8oGhpSXyE&#8220; align=&#8220;center&#8220;][vc_column_text] 5 SOLID REASONS TO CHOOSE AN OPTICAL MACHINE | Reason1:<\/p>\n<div class=\"more\"><a class=\"more-link btn btn-green ion-ios7-arrow-forward\" href=\"https:\/\/www.vicivision.com\/cs\/videos\/\">Read more<\/a><\/div>\n","protected":false},"author":2,"featured_media":0,"parent":0,"menu_order":0,"comment_status":"closed","ping_status":"closed","template":"","meta":{"footnotes":""},"class_list":["post-38861","page","type-page","status-publish","hentry"],"acf":[],"_links":{"self":[{"href":"https:\/\/www.vicivision.com\/cs\/wp-json\/wp\/v2\/pages\/38861","targetHints":{"allow":["GET"]}}],"collection":[{"href":"https:\/\/www.vicivision.com\/cs\/wp-json\/wp\/v2\/pages"}],"about":[{"href":"https:\/\/www.vicivision.com\/cs\/wp-json\/wp\/v2\/types\/page"}],"author":[{"embeddable":true,"href":"https:\/\/www.vicivision.com\/cs\/wp-json\/wp\/v2\/users\/2"}],"replies":[{"embeddable":true,"href":"https:\/\/www.vicivision.com\/cs\/wp-json\/wp\/v2\/comments?post=38861"}],"version-history":[{"count":0,"href":"https:\/\/www.vicivision.com\/cs\/wp-json\/wp\/v2\/pages\/38861\/revisions"}],"wp:attachment":[{"href":"https:\/\/www.vicivision.com\/cs\/wp-json\/wp\/v2\/media?parent=38861"}],"curies":[{"name":"wp","href":"https:\/\/api.w.org\/{rel}","templated":true}]}}