{"id":34679,"date":"2020-03-12T16:46:06","date_gmt":"2020-03-12T15:46:06","guid":{"rendered":"https:\/\/www.vicivision.com\/mereni-klikove-hridele-za-mene-nez-minutu-primo-na-dilne\/"},"modified":"2021-02-24T16:10:58","modified_gmt":"2021-02-24T15:10:58","slug":"mereni-klikove-hridele-za-mene-nez-minutu-primo-na-dilne","status":"publish","type":"page","link":"https:\/\/www.vicivision.com\/cs\/mereni-klikove-hridele-za-mene-nez-minutu-primo-na-dilne\/","title":{"rendered":"M\u011a\u0158EN\u00cd KLIKOV\u00c9 H\u0158\u00cdDELE ZA M\u00c9N\u011a NE\u017d MINUTU, P\u0158\u00cdMO NA D\u00cdLN\u011a"},"content":{"rendered":"<div class=\"wpb-content-wrapper\"><p>[vc_row][vc_column][vc_column_text]<strong>Automobilov\u00fd pr\u016fmysl<\/strong> v sou\u010dasn\u00e9 dob\u011b proch\u00e1z\u00ed transformac\u00ed, kter\u00e1 se vyzna\u010duje progresivn\u00edm posunem sm\u011brem k elektrick\u00fdm vozidl\u016fm.<\/p>\n<p>V tomto neust\u00e1le se vyv\u00edjej\u00edc\u00edm odv\u011btv\u00ed \u0161t\u00edhl\u00e9 v\u00fdroby, \u0161ar\u017e\u00ed o n\u00edzk\u00fdch po\u010dtech a sn\u00ed\u017een\u00fdch z\u00e1sob <strong>hledaj\u00ed v\u00fdrobci flexibiln\u00ed \u0159e\u0161en\u00ed<\/strong>, kter\u00e1 udr\u017euj\u00ed krok se zv\u00fd\u0161enou variabilitou produkt\u016f.<\/p>\n<p>Velk\u00e9 v\u00fdrobn\u00ed cykly ustupuj\u00ed variabilit\u011b a <strong>mal\u00e9 flexibiln\u00ed v\u00fdrobn\u00ed bu\u0148ky<\/strong> jsou \u010dasto vyb\u00edr\u00e1ny m\u00edsto robustn\u00edch v\u00fdrobn\u00edch linek.<\/p>\n<p><strong>M\u011b\u0159ic\u00ed n\u00e1stroje<\/strong> se \u0159\u00edd\u00ed stejn\u00fdmi pravidly: <strong>flexibiln\u00ed, p\u0159izp\u016fsobiv\u00e1 a univerz\u00e1ln\u00ed<\/strong>. Jsou navr\u017eeny tak, aby podporovaly v\u00fdrobn\u00ed procesy, tak\u017ee se p\u0159irozen\u011b mus\u00ed nach\u00e1zet <strong>ve v\u00fdrobn\u00edm prost\u0159ed\u00ed<\/strong>.<\/p>\n<p>Ve v\u00fdrobn\u00edm prost\u0159ed\u00ed m\u016f\u017ee b\u00fdt ru\u010dn\u00ed m\u011b\u0159en\u00ed a <strong>kontaktn\u00ed m\u011b\u0159en\u00ed<\/strong>: drah\u00e9, pomal\u00e9 a n\u00e1ro\u010dn\u00e9 na \u00fadr\u017ebu. Krom\u011b toho, p\u0159i zach\u00e1zen\u00ed s velk\u00fdmi objemy, jsou typick\u00e9 m\u011b\u0159idla vystaveny opot\u0159eben\u00ed nebo po\u0161kozen\u00ed. To plat\u00ed i pro vysoce specifick\u00e9 stroje pro kontrolu klikov\u00e9ho h\u0159\u00eddele.<\/p>\n<p>Opot\u0159eben\u00ed a po\u0161kozen\u00ed n\u00e1stroj\u016f na v\u00fdrobn\u00ed d\u00edln\u011b vy\u017eaduje \u00fadr\u017ebu a prostoje, co\u017e, pokud nen\u00ed pravideln\u00e9, by mohlo ohrozit ziskovost zak\u00e1zky.<\/p>\n<p><strong>P\u0159esn\u00e9 a objektivn\u00ed v\u00fdsledky jsou nezbytn\u00e9! Proto spole\u010dnost VICIVISION vyvinula specifick\u00fd softwarov\u00fd n\u00e1stroj ur\u010den\u00fd pro m\u011b\u0159en\u00ed klikov\u00e9ho h\u0159\u00eddele p\u0159\u00edmo ve v\u00fdrobn\u00edm prost\u0159ed\u00ed.<\/strong>[\/vc_column_text][\/vc_column][\/vc_row][vc_row][vc_column][vc_empty_space height=&#8220;20px&#8220;][\/vc_column][\/vc_row][vc_row][vc_column width=&#8220;1\/2&#8243; css=&#8220;.vc_custom_1556543776441{padding-top: 30px !important;}&#8220;][vc_single_image image=&#8220;34803&#8243; img_size=&#8220;400&#215;600&#8243; alignment=&#8220;center&#8220;][\/vc_column][vc_column width=&#8220;1\/2&#8243;][vc_empty_space height=&#8220;92px&#8220;][vc_empty_space height=&#8220;92px&#8220;][vc_column_text]<\/p>\n<p style=\"text-align: center;\"><strong>St\u00e1hn\u011bte si technick\u00e9 \u00fadaje <em>M\u011a\u0158EN\u00cd KLIKOV\u00ddCH H\u0158\u00cdDEL\u00cd<\/em><\/strong><\/p>\n<p>[\/vc_column_text]<div class=\" ubtn-ctn-center \"><a class=\"ubtn-link ult-adjust-bottom-margin ubtn-center ubtn-normal \" href=\"http:\/\/www.vicivision.com\/cs\/pardot-alberi-a-gomito\/\" ><button type=\"button\" id=\"ubtn-8725\"  class=\"ubtn ult-adjust-bottom-margin ult-responsive ubtn-normal ubtn-no-hover-bg  none  ubtn-center   tooltip-69e281ee47bd2\"  data-hover=\"\" data-border-color=\"\" data-bg=\"#e0e0e0\" data-hover-bg=\"\" data-border-hover=\"\" data-shadow-hover=\"\" data-shadow-click=\"none\" data-shadow=\"\" data-shd-shadow=\"\"  data-ultimate-target='#ubtn-8725'  data-responsive-json-new='{\"font-size\":\"\",\"line-height\":\"\"}'  style=\"font-weight:normal;border:none;background: #e0e0e0;color: #000000;\"><span class=\"ubtn-hover\" style=\"background-color:\"><\/span><span class=\"ubtn-data ubtn-text \" >STA\u017dEN\u00cd ZDARMA<\/span><\/button><\/a><\/div>[\/vc_column][\/vc_row][vc_row][vc_column][vc_column_text]<\/p>\n<h2 style=\"text-align: center;\">Jak\u00fd je ide\u00e1ln\u00ed model VICIVISION pro m\u011b\u0159en\u00ed klikov\u00fdch h\u0159\u00eddel\u00ed?<\/h2>\n<h4 style=\"text-align: center;\">Doporu\u010dujeme, abyste se pod\u00edvali na \u0159adu\u00a0<strong><a href=\"[[_URL_]]\/cs\/optical-measuring-machines-for-turned-parts\/dimentional-measuring\/\">TECHNO\u00a0<\/a><\/strong>.<\/h4>\n<p>[\/vc_column_text]<div class=\" ubtn-ctn-center \"><a class=\"ubtn-link ult-adjust-bottom-margin ubtn-center ubtn-normal \" href=\"http:\/\/www.vicivision.com\/cs\/optical-measuring-machines-for-turned-parts\/dimentional-measuring\/\" ><button type=\"button\" id=\"ubtn-4263\"  class=\"ubtn ult-adjust-bottom-margin ult-responsive ubtn-normal ubtn-no-hover-bg  none  ubtn-center   tooltip-69e281ee47c8c\"  data-hover=\"\" data-border-color=\"\" data-bg=\"#e0e0e0\" data-hover-bg=\"\" data-border-hover=\"\" data-shadow-hover=\"\" data-shadow-click=\"none\" data-shadow=\"\" data-shd-shadow=\"\"  data-ultimate-target='#ubtn-4263'  data-responsive-json-new='{\"font-size\":\"\",\"line-height\":\"\"}'  style=\"font-weight:normal;border:none;background: #e0e0e0;color: #000000;\"><span class=\"ubtn-hover\" style=\"background-color:\"><\/span><span class=\"ubtn-data ubtn-text \" >OBJEVTE \u0158ADU TECHNO<\/span><\/button><\/a><\/div>[\/vc_column][\/vc_row]<\/p>\n<\/div>","protected":false},"excerpt":{"rendered":"<p>[vc_row][vc_column][vc_column_text]Automobilov\u00fd pr\u016fmysl v sou\u010dasn\u00e9 dob\u011b proch\u00e1z\u00ed transformac\u00ed, kter\u00e1 se vyzna\u010duje progresivn\u00edm posunem sm\u011brem k elektrick\u00fdm vozidl\u016fm. V tomto neust\u00e1le se vyv\u00edjej\u00edc\u00edm odv\u011btv\u00ed \u0161t\u00edhl\u00e9 v\u00fdroby, \u0161ar\u017e\u00ed o n\u00edzk\u00fdch po\u010dtech a sn\u00ed\u017een\u00fdch z\u00e1sob hledaj\u00ed v\u00fdrobci flexibiln\u00ed \u0159e\u0161en\u00ed, kter\u00e1 udr\u017euj\u00ed krok se zv\u00fd\u0161enou variabilitou produkt\u016f. Velk\u00e9 v\u00fdrobn\u00ed cykly ustupuj\u00ed variabilit\u011b a mal\u00e9 flexibiln\u00ed v\u00fdrobn\u00ed bu\u0148ky jsou \u010dasto vyb\u00edr\u00e1ny<\/p>\n<div class=\"more\"><a class=\"more-link btn btn-green ion-ios7-arrow-forward\" href=\"https:\/\/www.vicivision.com\/cs\/mereni-klikove-hridele-za-mene-nez-minutu-primo-na-dilne\/\">Read more<\/a><\/div>\n","protected":false},"author":2,"featured_media":39144,"parent":0,"menu_order":0,"comment_status":"closed","ping_status":"closed","template":"","meta":{"footnotes":""},"class_list":["post-34679","page","type-page","status-publish","has-post-thumbnail","hentry"],"acf":[],"_links":{"self":[{"href":"https:\/\/www.vicivision.com\/cs\/wp-json\/wp\/v2\/pages\/34679","targetHints":{"allow":["GET"]}}],"collection":[{"href":"https:\/\/www.vicivision.com\/cs\/wp-json\/wp\/v2\/pages"}],"about":[{"href":"https:\/\/www.vicivision.com\/cs\/wp-json\/wp\/v2\/types\/page"}],"author":[{"embeddable":true,"href":"https:\/\/www.vicivision.com\/cs\/wp-json\/wp\/v2\/users\/2"}],"replies":[{"embeddable":true,"href":"https:\/\/www.vicivision.com\/cs\/wp-json\/wp\/v2\/comments?post=34679"}],"version-history":[{"count":0,"href":"https:\/\/www.vicivision.com\/cs\/wp-json\/wp\/v2\/pages\/34679\/revisions"}],"wp:featuredmedia":[{"embeddable":true,"href":"https:\/\/www.vicivision.com\/cs\/wp-json\/wp\/v2\/media\/39144"}],"wp:attachment":[{"href":"https:\/\/www.vicivision.com\/cs\/wp-json\/wp\/v2\/media?parent=34679"}],"curies":[{"name":"wp","href":"https:\/\/api.w.org\/{rel}","templated":true}]}}