{"id":26166,"date":"2017-05-23T14:33:07","date_gmt":"2017-05-23T12:33:07","guid":{"rendered":"https:\/\/www.vicivision.com\/optical-measuring-machines-for-turned-parts\/dimentional-measuring\/"},"modified":"2025-08-07T16:03:31","modified_gmt":"2025-08-07T14:03:31","slug":"dimentional-measuring","status":"publish","type":"page","link":"https:\/\/www.vicivision.com\/cs\/opticka-mereni-2\/dimentional-measuring\/","title":{"rendered":"\u0158ada Techno"},"content":{"rendered":"<div class=\"wpb-content-wrapper\"><p>[vc_row parallax_content=&#8220;off&#8220; fadeout_row=&#8220;off&#8220;][vc_column width=&#8220;1\/2&#8243;][vc_empty_space height=&#8220;20px&#8220;][vc_column_text]<\/p>\n<h1 style=\"text-align: left;\">\u0158ada Techno<\/h1>\n<h2>Vyberte si na m\u00edru model z 20ti dostupn\u00fdch.<\/h2>\n<p style=\"text-align: left;\">Tato \u0159ada m\u011b\u0159ic\u00edch stroj\u016f je navr\u017eena tak, aby se p\u0159izp\u016fsobila sou\u010dasn\u00fdm a budouc\u00edm po\u017eadavk\u016fm v\u00fdroby. Objevte \u0161irokou \u0161k\u00e1lu nab\u00edzen\u00fdch rozsah\u016f m\u011b\u0159en\u00ed. Modul\u00e1rn\u00ed \u0159ada \u0159ady Techno m\u016f\u017ee poskytnout nejvhodn\u011bj\u0161\u00ed stroj pro va\u0161i v\u00fdrobu. Od 40 do 180 mm v pr\u016fm\u011bru a od 300 do 2000 mm na d\u00e9lku. VICIVISION nab\u00edz\u00ed evoluci profilov\u00e9ho projektoru v kompaktn\u00ed a rychl\u00fd optick\u00fd m\u011b\u0159ic\u00ed syst\u00e9m s mo\u017enost\u00ed provozu p\u0159\u00edmo v prost\u0159ed\u00ed v\u00fdroby.<\/p>\n<p>[\/vc_column_text]<div class=\" ubtn-ctn-left btn btn-green\"><a class=\"ubtn-link ult-adjust-bottom-margin ubtn-left ubtn-normal btn btn-green\" href=\"https:\/\/www.vicivision.com\/cs\/opticke-kontrolni-zarizeni\/\" target=\"_blank\" rel=\"noopener\" ><button type=\"button\" id=\"ubtn-8024\"  class=\"ubtn ult-adjust-bottom-margin ult-responsive ubtn-normal ubtn-no-hover-bg  none  ubtn-left   tooltip-69e12bba370ae\"  data-hover=\"\" data-border-color=\"\" data-bg=\"#e0e0e0\" data-hover-bg=\"\" data-border-hover=\"\" data-shadow-hover=\"\" data-shadow-click=\"none\" data-shadow=\"\" data-shd-shadow=\"\"  data-ultimate-target='#ubtn-8024'  data-responsive-json-new='{\"font-size\":\"\",\"line-height\":\"\"}'  style=\"font-weight:normal;border:none;background: #e0e0e0;color: #ffffff;\"><span class=\"ubtn-hover\" style=\"background-color:\"><\/span><span class=\"ubtn-data ubtn-text \" >ST\u00c1HNOUT TECHNICK\u00c9 \u00daDAJE<\/span><\/button><\/a><\/div>[vc_column_text]<\/p>\n<h3 style=\"text-align: left;\">St\u00e1hn\u011bte si zdarma pr\u016fvodce M\u011b\u0159en\u00ed z\u00e1vit\u016f<\/h3>\n<p style=\"text-align: left;\">Pro v\u00fdrobce je \u010dasto obt\u00ed\u017en\u00e9 z\u00edskat p\u0159esn\u00e9 a objektivn\u00ed v\u00fdsledky p\u0159i m\u011b\u0159en\u00ed z\u00e1vit\u016f. N\u011bkdy je obt\u00ed\u017en\u00e9 zm\u011b\u0159it fittingy a v\u00e1lcovan\u00e9 z\u00e1vity s r\u016fzn\u00fdmi rozm\u011bry z\u00e1vit\u016f a je nezbytn\u00e9 m\u00edt obs\u00e1hl\u00e9 sady kontroln\u00edch z\u00e1vitov\u00fdch krou\u017ek\u016f. S n\u00e1strojem VICIVISION Thread Tool m\u016f\u017ee jedin\u00e1 softwarov\u00e1 funkce b\u011bhem n\u011bkolika sekund automaticky m\u011b\u0159it fittingy a soustru\u017een\u00e9 z\u00e1vity, jako\u017eto i \u0161rouby a trny.<\/p>\n<p>[\/vc_column_text]<div class=\" ubtn-ctn-left btn btn-green\"><a class=\"ubtn-link ult-adjust-bottom-margin ubtn-left ubtn-normal btn btn-green\" href=\"https:\/\/www.vicivision.com\/wp-content\/uploads\/2025\/08\/Measuring-fittings_ENG.pdf\" target=\"_blank\" rel=\"noopener\" ><button type=\"button\" id=\"ubtn-7017\"  class=\"ubtn ult-adjust-bottom-margin ult-responsive ubtn-normal ubtn-no-hover-bg  none  ubtn-left   tooltip-69e12bba37184\"  data-hover=\"\" data-border-color=\"\" data-bg=\"#e0e0e0\" data-hover-bg=\"\" data-border-hover=\"\" data-shadow-hover=\"\" data-shadow-click=\"none\" data-shadow=\"\" data-shd-shadow=\"\"  data-ultimate-target='#ubtn-7017'  data-responsive-json-new='{\"font-size\":\"\",\"line-height\":\"\"}'  style=\"font-weight:normal;border:none;background: #e0e0e0;color: #ffffff;\"><span class=\"ubtn-hover\" style=\"background-color:\"><\/span><span class=\"ubtn-data ubtn-text \" >ST\u00c1HN\u011aTE SI N\u00c1VOD K Z\u00c1VIT\u016eM<\/span><\/button><\/a><\/div>[\/vc_column][vc_column width=&#8220;1\/2&#8243;][vc_single_image image=&#8220;8397&#8243; img_size=&#8220;full&#8220; alignment=&#8220;center&#8220;][\/vc_column][\/vc_row][vc_row parallax_content=&#8220;off&#8220; fadeout_row=&#8220;off&#8220;][vc_column width=&#8220;1\/2&#8243;][vc_single_image image=&#8220;23188&#8243; img_size=&#8220;550&#215;320&#8243;][\/vc_column][vc_column width=&#8220;1\/2&#8243;][vc_column_text]<\/p>\n<h3 class=\"entry-title\"><a href=\"https:\/\/www.vicivision.com\/cs\/system-mereni-dotykove-sondy\/\">Bezkonkuren\u010dn\u00ed v\u00fdkon kombinace optick\u00e9 a dotykov\u00e9 metody<\/a><\/h3>\n<p>VICIVISION poskytuje zcela novou m\u011b\u0159ic\u00ed funkci pro h\u0159\u00eddele kombinuj\u00edc\u00ed specifickou metodu optick\u00e9ho know-how s m\u011b\u0159ic\u00edm syst\u00e9mem Touch Probe.[\/vc_column_text]<div class=\" ubtn-ctn-left btn btn-green\"><a class=\"ubtn-link ult-adjust-bottom-margin ubtn-left ubtn-normal btn btn-green\" href=\"https:\/\/www.vicivision.com\/wp-content\/uploads\/2025\/08\/Touch-Probe_cz_web.pdf\" target=\"_blank\" rel=\"noopener\" ><button type=\"button\" id=\"ubtn-4673\"  class=\"ubtn ult-adjust-bottom-margin ult-responsive ubtn-normal ubtn-no-hover-bg  none  ubtn-left   tooltip-69e12bba371da\"  data-hover=\"\" data-border-color=\"\" data-bg=\"#e0e0e0\" data-hover-bg=\"\" data-border-hover=\"\" data-shadow-hover=\"\" data-shadow-click=\"none\" data-shadow=\"\" data-shd-shadow=\"\"  data-ultimate-target='#ubtn-4673'  data-responsive-json-new='{\"font-size\":\"\",\"line-height\":\"\"}'  style=\"font-weight:normal;border:none;background: #e0e0e0;color: #ffffff;\"><span class=\"ubtn-hover\" style=\"background-color:\"><\/span><span class=\"ubtn-data ubtn-text \" >ST\u00c1HNOUT TECHNICK\u00c9 \u00daDAJE<\/span><\/button><\/a><\/div>[\/vc_column][\/vc_row][vc_row parallax_content=&#8220;off&#8220; fadeout_row=&#8220;off&#8220;][vc_column width=&#8220;1\/2&#8243;][vc_column_text]<\/p>\n<h3 class=\"entry-title\" style=\"text-align: left;\"><a href=\"https:\/\/www.vicivision.com\/cs\/zpetne-klikove-hridele\/\">Ide\u00e1ln\u00ed pro m\u011b\u0159en\u00ed klikov\u00fdch h\u0159\u00eddel\u00ed<\/a><\/h3>\n<p>V\u00fdrobci hledaj\u00ed flexibiln\u00ed \u0159e\u0161en\u00ed, aby udr\u017eeli krok se zv\u00fd\u0161enou variabilitou produkt\u016f. Flexibiln\u00ed, p\u0159izp\u016fsobiv\u00fd a v\u0161estrann\u00fd.<br \/>\nSpole\u010dnost VICIVISION vyvinula specifick\u00fd softwarov\u00fd n\u00e1stroj ur\u010den\u00fd k m\u011b\u0159en\u00ed klikov\u00fdch h\u0159\u00eddel\u00ed p\u0159\u00edmo ve v\u00fdrobn\u00edm prost\u0159ed\u00ed.[\/vc_column_text]<div class=\" ubtn-ctn-left btn btn-green\"><a class=\"ubtn-link ult-adjust-bottom-margin ubtn-left ubtn-normal btn btn-green\" href=\"https:\/\/www.vicivision.com\/wp-content\/uploads\/2025\/08\/crankshafts_CZ.pdf\" target=\"_blank\" rel=\"noopener\" ><button type=\"button\" id=\"ubtn-4483\"  class=\"ubtn ult-adjust-bottom-margin ult-responsive ubtn-normal ubtn-no-hover-bg  none  ubtn-left   tooltip-69e12bba37230\"  data-hover=\"\" data-border-color=\"\" data-bg=\"#e0e0e0\" data-hover-bg=\"\" data-border-hover=\"\" data-shadow-hover=\"\" data-shadow-click=\"none\" data-shadow=\"\" data-shd-shadow=\"\"  data-ultimate-target='#ubtn-4483'  data-responsive-json-new='{\"font-size\":\"\",\"line-height\":\"\"}'  style=\"font-weight:normal;border:none;background: #e0e0e0;color: #ffffff;\"><span class=\"ubtn-hover\" style=\"background-color:\"><\/span><span class=\"ubtn-data ubtn-text \" >ST\u00c1HNOUT TECHNICK\u00c9 \u00daDAJE<\/span><\/button><\/a><\/div>[\/vc_column][vc_column width=&#8220;1\/2&#8243;][vc_single_image image=&#8220;39208&#8243; img_size=&#8220;large&#8220;][\/vc_column][\/vc_row][vc_row parallax_content=&#8220;off&#8220; fadeout_row=&#8220;off&#8220;][vc_column width=&#8220;2\/3&#8243;][vc_column_text]<\/p>\n<h3>Zvy\u0161te svou produkci.<\/h3>\n<p>VICIVISION p\u0159in\u00e1\u0161\u00ed kontroln\u00ed za\u0159\u00edzen\u00ed na m\u00edsto, kter\u00e9 nab\u00edz\u00ed nejv\u011bt\u0161\u00ed v\u00fdhodu: p\u0159\u00edmo ve v\u00fdrob\u011b. Ka\u017edou sou\u010d\u00e1st vyrobenou na CNC soustruhu lze m\u011b\u0159it ve v\u00fdrobn\u00edm prost\u0159ed\u00ed. Co\u017e znamen\u00e1 vy\u0161\u0161\u00ed produktivitu i u men\u0161\u00edch s\u00e9ri\u00ed: v\u00fdm\u011bna d\u00e1vky je rychl\u00e1 a efektivn\u00ed.[\/vc_column_text][\/vc_column][vc_column width=&#8220;1\/3&#8243;][vc_single_image image=&#8220;39246&#8243; img_size=&#8220;full&#8220;][\/vc_column][\/vc_row][vc_row][vc_column width=&#8220;1\/2&#8243;][vc_single_image image=&#8220;8437&#8243; img_size=&#8220;large&#8220;][\/vc_column][vc_column width=&#8220;1\/2&#8243;][vc_empty_space height=&#8220;30px&#8220;][vc_column_text]<\/p>\n<h3>M\u011b\u0159en\u00ed soustru\u017een\u00e9 sou\u010d\u00e1sti, budoucnost soustru\u017een\u00ed.<\/h3>\n<p>Automobilov\u00fd pr\u016fmysl, leteck\u00fd pr\u016fmysl, stavebnictv\u00ed, elektro a deriv\u00e1ty techto odv\u011btv\u00ed, l\u00e9ka\u0159stv\u00ed, ropa a plyn, jsou jen n\u011bkolika p\u0159edn\u00edmi odv\u011btv\u00edmi p\u0159itahuj\u00edc\u00ed zahrani\u010dn\u00ed investice. P\u0159\u00edle\u017eitosti a v\u00fdzvy jsou na ka\u017ed\u00e9m rohu: rostouc\u00ed popt\u00e1vka, st\u00e1le vy\u0161\u0161\u00ed po\u017eadavky br\u00e1ny jako &#8222;standart&#8220;, zm\u011bny sm\u011brem k digit\u00e1ln\u00edm, dokumentovan\u00fdm a v\u010dasn\u00fdm dod\u00e1vk\u00e1m, konkuren\u010dn\u00ed tlak. Aby se v\u00fdrobn\u00ed podniky mohly v tomto obchodn\u00edm prost\u0159ed\u00ed pohybovat, je t\u0159eba si uv\u011bdomit, \u017ee \u010das a v\u00fdstupy kontroly ovliv\u0148uj\u00ed v\u00fdsledn\u00e9 v\u00fdrobn\u00ed n\u00e1klady.<\/p>\n<h3>Jeden m\u011b\u0159ic\u00ed syst\u00e9m schopen obslou\u017eti v\u00edce CNC soustruh\u016f.<\/h3>\n<p>Jedin\u00fd m\u011b\u0159ic\u00ed syst\u00e9m m\u016f\u017ee pracovat vedle v\u00edce obr\u00e1b\u011bc\u00edch center a zahrnuj\u00edc\u00edch v\u00edce ne\u017e jednoho oper\u00e1tora.<br \/>\nVyrobte v\u00edce se stejn\u00fdm po\u010dtem CNC soustruh\u016f.<br \/>\nProdukovat v\u00edce znamen\u00e1 zv\u00fd\u0161it efektivitu. Znamen\u00e1 to vyu\u017e\u00edt sv\u016fj potenci\u00e1l naplno.<br \/>\nSvou produktivitu m\u016f\u017eete zv\u00fd\u0161it bez dal\u0161\u00edch investic:<br \/>\nstroj zahrnuje funkci profilprojektor\u016f, optick\u00fdch kompar\u00e1tor\u016f, kalibr\u016f, z\u00e1vitov\u00fdch krou\u017ek\u016f, v\u00fd\u0161kom\u011bru a dal\u0161\u00edho metrologick\u00e9ho vybaven\u00ed.[\/vc_column_text][\/vc_column][\/vc_row][vc_row parallax_content=&#8220;off&#8220; fadeout_row=&#8220;off&#8220;][vc_column width=&#8220;1\/2&#8243;][vc_single_image image=&#8220;8436&#8243; img_size=&#8220;large&#8220;][\/vc_column][vc_column width=&#8220;1\/2&#8243;][vc_column_text]<\/p>\n<h3>Udr\u017eov\u00e1n\u00ed v\u00fdroby v mez\u00edch toleranc\u00ed.<\/h3>\n<p>Sn\u00ed\u017een\u00ed prostoj\u016f v\u00fdrobn\u00edho stroje d\u00edky okam\u017eit\u00e9 kontrole bez nutnosti oper\u00e1tora opou\u0161t\u011bt pracovn\u00ed stanici.<br \/>\ns VICI lze implementovat preventivn\u00ed akce d\u00edky indikovac\u00edch graf\u016f, trend\u016f m\u011b\u0159en\u00ed, abyste dos\u00e1hli v\u00fdznamn\u00e9ho sn\u00ed\u017een\u00ed po\u010dtu zmetk\u016f.<br \/>\nOper\u00e1tor m\u016f\u017ee vid\u011bt, kter\u00e9 hodnoty se brzy stanou mimo toleranci, a analyzovat je v pr\u016fb\u011bhu \u010dasu. Bude schopen proces v\u00fdroby korigovat d\u0159\u00edve, ne\u017e to dos\u00e1hne hranice toleranci, \u010di ji p\u0159ekro\u010d\u00ed, co\u017e p\u0159i nutnosti pozdn\u00edho z\u00e1sahu zp\u016fsob\u00ed prostoje v\u00fdrobn\u00edho stroje.<br \/>\nC\u00edlem optick\u00e9ho m\u011b\u0159en\u00ed nen\u00ed jen m\u011b\u0159en\u00ed, ale tak\u00e9 udr\u017een\u00ed v\u00fdrobn\u00edch d\u00edl\u016f v toleranci, zabr\u00e1n\u011bn\u00ed prostoj\u016fm v\u00fdrobn\u00edch stroj\u016f.<\/p>\n<h3>VICIVISION\u00a0Tool-loop.<\/h3>\n<p>Existuje mo\u017enost nastaviteln\u00e9ho rozhran\u00ed mezi syst\u00e9my VICIVISION a v\u00fdrobn\u00ed stanic\u00ed. Pomoc\u00ed kter\u00e9 lze se automaticky zas\u00edlat korek\u010dn\u00ed data obr\u00e1b\u011bc\u00edho n\u00e1stroje. Tato funkce eliminuje lidskou chybu a zrychluje nastaven\u00ed parametr\u016f n\u00e1stroje. Ka\u017ed\u00e1 vyroben\u00e1 sou\u010d\u00e1st je tedy vyrobena v toleranci a p\u0159ipravena k expedici.<\/p>\n<h3>Optick\u00e9 m\u011b\u0159ic\u00ed za\u0159\u00edzen\u00ed, kter\u00e9 zvy\u0161uje produktivitu.<\/h3>\n<p>Oper\u00e1to\u0159i v\u00fdroby jsou b\u011bhem inspekce nez\u00e1vislej\u0161\u00ed. Nastaven\u00ed ofsetu obrb\u011bc\u00edho n\u00e1stroje lze upravit d\u0159\u00edve, ne\u017e se sou\u010d\u00e1sti dostanou mimo toleranci, aby se sn\u00ed\u017eilo mno\u017estv\u00ed vytv\u00e1\u0159en\u00e9ho odpadu.[\/vc_column_text]<div class=\" ubtn-ctn-left btn btn-green\"><a class=\"ubtn-link ult-adjust-bottom-margin ubtn-left ubtn-normal btn btn-green\" href=\"https:\/\/www.vicivision.com\/wp-content\/uploads\/2025\/08\/Tool-Wear-Compensation_VICIVISION_ENG.pdf\" target=\"_blank\" rel=\"noopener\" ><button type=\"button\" id=\"ubtn-9091\"  class=\"ubtn ult-adjust-bottom-margin ult-responsive ubtn-normal ubtn-no-hover-bg  none  ubtn-left   tooltip-69e12bba37272\"  data-hover=\"\" data-border-color=\"\" data-bg=\"#e0e0e0\" data-hover-bg=\"\" data-border-hover=\"\" data-shadow-hover=\"\" data-shadow-click=\"none\" data-shadow=\"\" data-shd-shadow=\"\"  data-ultimate-target='#ubtn-9091'  data-responsive-json-new='{\"font-size\":\"\",\"line-height\":\"\"}'  style=\"font-weight:normal;border:none;background: #e0e0e0;color: #ffffff;\"><span class=\"ubtn-hover\" style=\"background-color:\"><\/span><span class=\"ubtn-data ubtn-text \" >ST\u00c1HNOUT TECHNICK\u00c9 \u00daDAJE<\/span><\/button><\/a><\/div>[\/vc_column][\/vc_row][vc_row parallax_content=&#8220;parallax_content_value&#8220; parallax_content_sense=&#8220;10&#8243; fadeout_row=&#8220;fadeout_row_value&#8220; fadeout_start_effect=&#8220;50&#8243;][vc_column width=&#8220;1\/3&#8243;][vc_single_image image=&#8220;57774&#8243; img_size=&#8220;medium&#8220; alignment=&#8220;center&#8220;][vc_column_text]<\/p>\n<h4 style=\"text-align: center;\">\u0160pi\u010dkov\u00fd software<\/h4>\n<p style=\"text-align: center;\">Zcela nov\u00e1 verze MTL 8.10 je navr\u017eena tak, aby zlep\u0161ila f\u00e1zi kontroly a d\u00e1le roz\u0161\u00ed\u0159ila po\u010det mo\u017en\u00fdch m\u011b\u0159en\u00ed. Zahrnuje specifick\u00e9 n\u00e1stroje pro statick\u00e1 a dynamick\u00e1 m\u011b\u0159en\u00ed a speci\u00e1ln\u00ed n\u00e1stroje pro matice, z\u00e1vity, va\u010dkov\u00e9 h\u0159\u00eddele, turb\u00edny atd.<\/p>\n<p>[\/vc_column_text][\/vc_column][vc_column width=&#8220;1\/3&#8243;][vc_single_image image=&#8220;57765&#8243; img_size=&#8220;medium&#8220; alignment=&#8220;center&#8220;][vc_column_text]<\/p>\n<h4 style=\"text-align: center;\">Pokro\u010dil\u00e9 funkce softwaru<\/h4>\n<p style=\"text-align: center;\">Nov\u00e9 automatick\u00e9 funkce pom\u00e1haj\u00edc\u00ed oper\u00e1torovi k m\u011b\u0159en\u00ed: automatick\u00e9 programov\u00e1n\u00ed, automatick\u00e9 na\u010d\u00edt\u00e1n\u00ed programu sou\u010d\u00e1sti, programov\u00e1n\u00ed s asistenc\u00ed krok za krokem, srovn\u00e1n\u00ed DXF.<\/p>\n<p>[\/vc_column_text][\/vc_column][vc_column width=&#8220;1\/3&#8243;][vc_single_image image=&#8220;57783&#8243; img_size=&#8220;medium&#8220; alignment=&#8220;center&#8220;][vc_column_text]<\/p>\n<h4 style=\"text-align: center;\">M\u011b\u0159ic\u00ed reporty<\/h4>\n<p style=\"text-align: center;\">Tento software umo\u017e\u0148uje oper\u00e1torovi tisknout nebo exportovat \u00fapln\u00e9 a vlastn\u00ed reporty o m\u011b\u0159en\u00ed ve form\u00e1tu PDF. V\u00fdsledky m\u011b\u0159en\u00ed na histogramech k okam\u017eit\u00e9 konzultaci.<\/p>\n<p>[\/vc_column_text][\/vc_column][\/vc_row]<\/p>\n<\/div>","protected":false},"excerpt":{"rendered":"<p>[vc_row parallax_content=&#8220;off&#8220; fadeout_row=&#8220;off&#8220;][vc_column width=&#8220;1\/2&#8243;][vc_empty_space height=&#8220;20px&#8220;][vc_column_text] \u0158ada Techno Vyberte si na m\u00edru model z 20ti dostupn\u00fdch. Tato \u0159ada m\u011b\u0159ic\u00edch stroj\u016f je navr\u017eena tak, aby se p\u0159izp\u016fsobila sou\u010dasn\u00fdm a budouc\u00edm po\u017eadavk\u016fm v\u00fdroby. Objevte \u0161irokou \u0161k\u00e1lu nab\u00edzen\u00fdch rozsah\u016f m\u011b\u0159en\u00ed. Modul\u00e1rn\u00ed \u0159ada \u0159ady Techno m\u016f\u017ee poskytnout nejvhodn\u011bj\u0161\u00ed stroj pro va\u0161i v\u00fdrobu. Od 40 do 180 mm v pr\u016fm\u011bru a<\/p>\n<div class=\"more\"><a class=\"more-link btn btn-green ion-ios7-arrow-forward\" href=\"https:\/\/www.vicivision.com\/cs\/opticka-mereni-2\/dimentional-measuring\/\">Read more<\/a><\/div>\n","protected":false},"author":2,"featured_media":0,"parent":25838,"menu_order":0,"comment_status":"closed","ping_status":"closed","template":"page-singolo-prodotto.php","meta":{"footnotes":""},"class_list":["post-26166","page","type-page","status-publish","hentry"],"acf":[],"_links":{"self":[{"href":"https:\/\/www.vicivision.com\/cs\/wp-json\/wp\/v2\/pages\/26166","targetHints":{"allow":["GET"]}}],"collection":[{"href":"https:\/\/www.vicivision.com\/cs\/wp-json\/wp\/v2\/pages"}],"about":[{"href":"https:\/\/www.vicivision.com\/cs\/wp-json\/wp\/v2\/types\/page"}],"author":[{"embeddable":true,"href":"https:\/\/www.vicivision.com\/cs\/wp-json\/wp\/v2\/users\/2"}],"replies":[{"embeddable":true,"href":"https:\/\/www.vicivision.com\/cs\/wp-json\/wp\/v2\/comments?post=26166"}],"version-history":[{"count":0,"href":"https:\/\/www.vicivision.com\/cs\/wp-json\/wp\/v2\/pages\/26166\/revisions"}],"up":[{"embeddable":true,"href":"https:\/\/www.vicivision.com\/cs\/wp-json\/wp\/v2\/pages\/25838"}],"wp:attachment":[{"href":"https:\/\/www.vicivision.com\/cs\/wp-json\/wp\/v2\/media?parent=26166"}],"curies":[{"name":"wp","href":"https:\/\/api.w.org\/{rel}","templated":true}]}}