{"id":25843,"date":"2014-11-20T11:22:29","date_gmt":"2014-11-20T10:22:29","guid":{"rendered":"https:\/\/www.vicivision.com\/vicivision-contacts\/"},"modified":"2023-11-29T22:43:21","modified_gmt":"2023-11-29T21:43:21","slug":"vicivision-contacts","status":"publish","type":"page","link":"https:\/\/www.vicivision.com\/cs\/vicivision-contacts\/","title":{"rendered":"Kontakty"},"content":{"rendered":"<div class=\"wpb-content-wrapper\"><p>[vc_row gap=&#8220;20&#8243;][vc_column width=&#8220;2\/3&#8243; el_class=&#8220;form-verde&#8220;][vc_column_text]<\/p>\n<h2><span style=\"color: #339966;\"><strong>VY\u017d\u00c1DEJTE SI HOVOR <\/strong><\/span><\/h2>\n<h6><span style=\"color: #339966;\"><strong>ZAVOL\u00c1ME V\u00c1M ZP\u00c1TKY<\/strong><\/span><\/h6>\n<p>[\/vc_column_text]\n<div class=\"wpcf7 no-js\" id=\"wpcf7-f26020-o1\" lang=\"en-US\" dir=\"ltr\">\n<div class=\"screen-reader-response\"><p role=\"status\" aria-live=\"polite\" aria-atomic=\"true\"><\/p> <ul><\/ul><\/div>\n<form action=\"\/cs\/wp-json\/wp\/v2\/pages\/25843#wpcf7-f26020-o1\" method=\"post\" class=\"wpcf7-form init\" aria-label=\"Contact form\" novalidate=\"novalidate\" data-status=\"init\">\n<div style=\"display: none;\">\n<input type=\"hidden\" name=\"_wpcf7\" value=\"26020\" \/>\n<input type=\"hidden\" name=\"_wpcf7_version\" value=\"5.8.7\" \/>\n<input type=\"hidden\" name=\"_wpcf7_locale\" value=\"en_US\" \/>\n<input type=\"hidden\" name=\"_wpcf7_unit_tag\" value=\"wpcf7-f26020-o1\" \/>\n<input type=\"hidden\" name=\"_wpcf7_container_post\" value=\"0\" \/>\n<input type=\"hidden\" name=\"_wpcf7_posted_data_hash\" value=\"\" \/>\n<input type=\"hidden\" name=\"_wpcf7_recaptcha_response\" value=\"\" \/>\n<\/div>\n<div class=\"row\">\n\t<div class=\"container formcontatti\">\n\t\t<div class=\"col-md-12 col-xs-12 info\">\n\t\t\t<h4>Kontaktujte n\u00e1s\n\t\t\t<\/h4>\n\t\t<\/div>\n\t\t<div class=\"col-md-6 col-sm-6 col-xs-12\">\n\t\t\t<p><span class=\"wpcf7-form-control-wrap\" data-name=\"nome\"><input size=\"40\" class=\"wpcf7-form-control wpcf7-text wpcf7-validates-as-required\" aria-required=\"true\" aria-invalid=\"false\" placeholder=\"Jm\u00e9no a p\u0159\u00edjmen\u00ed*\" value=\"\" type=\"text\" name=\"nome\" \/><\/span><br \/>\n<span class=\"wpcf7-form-control-wrap\" data-name=\"telefono\"><input size=\"40\" class=\"wpcf7-form-control wpcf7-text\" aria-invalid=\"false\" placeholder=\"Telefon*\" value=\"\" type=\"text\" name=\"telefono\" \/><\/span>\n\t\t\t<\/p>\n\t\t<\/div>\n\t\t<div class=\"col-md-6 col-sm-6 col-xs-12\">\n\t\t\t<p><span class=\"wpcf7-form-control-wrap\" data-name=\"email\"><input size=\"40\" class=\"wpcf7-form-control wpcf7-email wpcf7-validates-as-required wpcf7-text wpcf7-validates-as-email\" aria-required=\"true\" aria-invalid=\"false\" placeholder=\"Email*\" value=\"\" type=\"email\" name=\"email\" \/><\/span><br \/>\n<span class=\"wpcf7-form-control-wrap\" data-name=\"paese\"><input size=\"40\" class=\"wpcf7-form-control wpcf7-text\" aria-invalid=\"false\" placeholder=\"St\u00e1t\" value=\"\" type=\"text\" name=\"paese\" \/><\/span>\n\t\t\t<\/p>\n\t\t<\/div>\n\t\t<div class=\"col-md-12 col-sm-12 col-xs-12\">\n\t\t\t<p><span class=\"wpcf7-form-control-wrap\" data-name=\"messaggio\"><textarea cols=\"40\" rows=\"10\" class=\"wpcf7-form-control wpcf7-textarea\" aria-invalid=\"false\" placeholder=\"Zpr\u00e1va\" name=\"messaggio\"><\/textarea><\/span>\n\t\t\t<\/p>\n\t\t<\/div>\n\t\t<div class=\"col-md-8 col-sm-6 col-xs-12 privacy\">\n\t\t\n\t\t\t<p><label><strong>AUTORIZACE<\/strong><\/label><br \/>\n<span class=\"wpcf7-form-control-wrap\" data-name=\"accetta\"><span class=\"wpcf7-form-control wpcf7-acceptance\"><span class=\"wpcf7-list-item\"><input type=\"checkbox\" name=\"accetta\" value=\"1\" checked=\"checked\" aria-invalid=\"false\" \/><\/span><\/span><\/span><span class=\"little\">Vypln\u011bn\u00edm a odesl\u00e1n\u00edm tohoto formul\u00e1\u0159e souhlas\u00edm se zpracov\u00e1n\u00edm osobn\u00edch \u00fadaj\u016f, kter\u00e9 poskytuji, pro \u00fa\u010dely uveden\u00e9 v bod\u011b a) v\u00fd\u0161e, zp\u016fsobem a s omezen\u00edmi uveden\u00fdmi v <a href=\"https:\/\/www.vicivision.com\/privacy-policy\/\" class=\"iubenda-nostyle iubenda-embed\" title=\"Privacy Policy\">informac\u00edch obsa\u017een\u00fdch zde<\/a><\/span>\n\t\t\t<\/p>\n\t\t<\/div>\n\t\t<div class=\"col-md-4 col-sm-6 col-xs-12\">\n\t\t\t<p><input class=\"wpcf7-form-control wpcf7-submit has-spinner btn-green btn\" type=\"submit\" value=\"ODESLAT\" \/>\n\t\t\t<\/p>\n\t\t<\/div>\n\t<\/div>\n<\/div><div class=\"wpcf7-response-output\" aria-hidden=\"true\"><\/div>\n<\/form>\n<\/div>\n[vc_empty_space][vc_separator][\/vc_column][vc_column width=&#8220;1\/3&#8243;][vc_column_text]<\/p>\n<h2><span style=\"color: #339966;\"><strong>Kontakty<\/strong><\/span><\/h2>\n<p>[\/vc_column_text][vc_empty_space][vc_column_text]<\/p>\n<h3><strong>Vici &amp; C S.p.A.<\/strong><\/h3>\n<h5>Via J. Gutenberg, 5\u00a0\u2013 47822<br \/>\nSantarcangelo di Romagna \u2013\u00a0Italy<\/h5>\n<h5><strong>Sales<\/strong><br \/>\nTel. <a href=\"tel:+39 0541350411\">+39 0541-350411<\/a><br \/>\nFax 0541-623897<br \/>\nMail <a href=\"mailto:sales@vici.it\">sales@vici.it<\/a><\/h5>\n<h5><strong>Service<\/strong><br \/>\nTel. <a href=\"tel:+39 0541350402\">+39 0541-350402<\/a><\/h5>\n<h5>Distributor pro \u010ceskou republiku<br \/>\n<strong>KUBOU\u0160EK s.r.o.<\/strong><br \/>\nLidick\u00e1 1937, 370 07 \u010cesk\u00e9 Bud\u011bjovice<br \/>\nSpisov\u00e1 zna\u010dka: C 12488 veden\u00e1 u Krajsk\u00e9ho soudu v \u010cesk\u00fdch Bud\u011bjovic\u00edch<br \/>\nPh <a href=\"tel:+420 389 042 111\">+420 389 042 111<\/a><\/h5>\n<p>[\/vc_column_text][\/vc_column][\/vc_row][vc_row][vc_column width=&#8220;1\/2&#8243;][\/vc_column][vc_column width=&#8220;1\/2&#8243;][\/vc_column][\/vc_row][vc_row][vc_column width=&#8220;1\/2&#8243;]<div class=\"ult-spacer spacer-69f5013f2460a\" data-id=\"69f5013f2460a\" data-height=\"30\" data-height-mobile=\"30\" data-height-tab=\"30\" data-height-tab-portrait=\"\" data-height-mobile-landscape=\"\" style=\"clear:both;display:block;\"><\/div>[vc_column_text]<\/p>\n<h5>VICIVISION m\u00e1 autorizovan\u00e9 prodejce ve v\u011bt\u0161in\u011b zem\u00ed sv\u011bta.<\/h5>\n<h5>V\u0161ichni zde uveden\u00ed prodejci jsou pro\u0161koleni a opr\u00e1vn\u011bni pro prodej, instalaci, kalibraci a poskytov\u00e1n\u00ed servisu v\u00fdrobk\u016f spole\u010dnosti VICIVISION.<\/h5>\n<div style=\"position: absolute; left: -3960px;\"><a href=\"http:\/\/papershelps.com\/\">www.papershelps.com<\/a><\/div>\n<p>[\/vc_column_text][\/vc_column][vc_column width=&#8220;1\/2&#8243;][vc_single_image image=&#8220;1587&#8243; img_size=&#8220;full&#8220; alignment=&#8220;center&#8220;][\/vc_column][\/vc_row][vc_row][vc_column]<div class=\"ult-spacer spacer-69f5013f24639\" data-id=\"69f5013f24639\" data-height=\"10\" data-height-mobile=\"10\" data-height-tab=\"10\" data-height-tab-portrait=\"\" data-height-mobile-landscape=\"\" style=\"clear:both;display:block;\"><\/div>[vc_separator][vc_column_text]<\/p>\n<h2 style=\"text-align: left;\"><span style=\"color: #33a564;\">Na\u0161e distribu\u010dn\u00ed s\u00ed\u0165<\/span><\/h2>\n<p>[\/vc_column_text][\/vc_column][\/vc_row][vc_row][vc_column width=&#8220;1\/4&#8243;][vc_column_text]<\/p>\n<h4 style=\"text-align: left;\">EVROPA<\/h4>\n<p>[\/vc_column_text][vc_single_image image=&#8220;225&#8243; img_size=&#8220;250&#215;130&#8243;]<div class=\" ubtn-ctn-left \"><a class=\"ubtn-link ult-adjust-bottom-margin ubtn-left ubtn-small \" href=\"http:\/\/www.vicivision.com\/cs\/europe\/\" ><button type=\"button\" id=\"ubtn-9849\"  class=\"ubtn ult-adjust-bottom-margin ult-responsive ubtn-small ubtn-no-hover-bg  none  ubtn-left   tooltip-69f5013f24669\"  data-hover=\"\" data-border-color=\"\" data-bg=\"#33a564\" data-hover-bg=\"\" data-border-hover=\"\" data-shadow-hover=\"\" data-shadow-click=\"none\" data-shadow=\"\" data-shd-shadow=\"\"  data-ultimate-target='#ubtn-9849'  data-responsive-json-new='{\"font-size\":\"\",\"line-height\":\"\"}'  style=\"font-weight:normal;border:none;background: #33a564;color: #ffffff;\"><span class=\"ubtn-hover\" style=\"background-color:\"><\/span><span class=\"ubtn-data ubtn-text \" >NAJ\u00cdT DISTRIBUTORA<\/span><\/button><\/a><\/div>[\/vc_column][vc_column width=&#8220;1\/4&#8243;][vc_column_text]<\/p>\n<h4 style=\"text-align: left;\">AMERIKA<\/h4>\n<p>[\/vc_column_text][vc_single_image image=&#8220;226&#8243; img_size=&#8220;250&#215;130&#8243;]<div class=\" ubtn-ctn-left \"><a class=\"ubtn-link ult-adjust-bottom-margin ubtn-left ubtn-small \" href=\"http:\/\/www.vicivision.com\/cs\/america\/\" ><button type=\"button\" id=\"ubtn-5785\"  class=\"ubtn ult-adjust-bottom-margin ult-responsive ubtn-small ubtn-no-hover-bg  none  ubtn-left   tooltip-69f5013f24740\"  data-hover=\"\" data-border-color=\"\" data-bg=\"#33a564\" data-hover-bg=\"\" data-border-hover=\"\" data-shadow-hover=\"\" data-shadow-click=\"none\" data-shadow=\"\" data-shd-shadow=\"\"  data-ultimate-target='#ubtn-5785'  data-responsive-json-new='{\"font-size\":\"\",\"line-height\":\"\"}'  style=\"font-weight:normal;border:none;background: #33a564;color: #ffffff;\"><span class=\"ubtn-hover\" style=\"background-color:\"><\/span><span class=\"ubtn-data ubtn-text \" >NAJ\u00cdT DISTRIBUTORA<\/span><\/button><\/a><\/div>[\/vc_column][vc_column width=&#8220;1\/4&#8243;][vc_column_text]<\/p>\n<h4 style=\"text-align: left;\">ASIE<\/h4>\n<p>[\/vc_column_text][vc_single_image image=&#8220;227&#8243; img_size=&#8220;250&#215;130&#8243;]<div class=\" ubtn-ctn-left \"><a class=\"ubtn-link ult-adjust-bottom-margin ubtn-left ubtn-small \" href=\"http:\/\/www.vicivision.com\/cs\/asia\/\" ><button type=\"button\" id=\"ubtn-5172\"  class=\"ubtn ult-adjust-bottom-margin ult-responsive ubtn-small ubtn-no-hover-bg  none  ubtn-left   tooltip-69f5013f2478e\"  data-hover=\"\" data-border-color=\"\" data-bg=\"#33a564\" data-hover-bg=\"\" data-border-hover=\"\" data-shadow-hover=\"\" data-shadow-click=\"none\" data-shadow=\"\" data-shd-shadow=\"\"  data-ultimate-target='#ubtn-5172'  data-responsive-json-new='{\"font-size\":\"\",\"line-height\":\"\"}'  style=\"font-weight:normal;border:none;background: #33a564;color: #ffffff;\"><span class=\"ubtn-hover\" style=\"background-color:\"><\/span><span class=\"ubtn-data ubtn-text \" >NAJ\u00cdT DISTRIBUTORA<\/span><\/button><\/a><\/div>[\/vc_column][vc_column width=&#8220;1\/4&#8243;][vc_column_text]<\/p>\n<h4>ZBYTEK SV\u011aTA<\/h4>\n<p>[\/vc_column_text][vc_single_image image=&#8220;227&#8243; img_size=&#8220;250&#215;130&#8243;]<div class=\" ubtn-ctn-left \"><a class=\"ubtn-link ult-adjust-bottom-margin ubtn-left ubtn-small \" href=\"http:\/\/www.vicivision.com\/cs\/rest-of-the-world\/\" ><button type=\"button\" id=\"ubtn-7836\"  class=\"ubtn ult-adjust-bottom-margin ult-responsive ubtn-small ubtn-no-hover-bg  none  ubtn-left   tooltip-69f5013f247d4\"  data-hover=\"\" data-border-color=\"\" data-bg=\"#33a564\" data-hover-bg=\"\" data-border-hover=\"\" data-shadow-hover=\"\" data-shadow-click=\"none\" data-shadow=\"\" data-shd-shadow=\"\"  data-ultimate-target='#ubtn-7836'  data-responsive-json-new='{\"font-size\":\"\",\"line-height\":\"\"}'  style=\"font-weight:normal;border:none;background: #33a564;color: #ffffff;\"><span class=\"ubtn-hover\" style=\"background-color:\"><\/span><span class=\"ubtn-data ubtn-text \" >NAJ\u00cdT DISTRIBUTORA<\/span><\/button><\/a><\/div>[\/vc_column][\/vc_row][vc_row][vc_column]<div class=\"ult-spacer spacer-69f5013f24814\" data-id=\"69f5013f24814\" data-height=\"10\" data-height-mobile=\"10\" data-height-tab=\"10\" data-height-tab-portrait=\"\" data-height-mobile-landscape=\"\" style=\"clear:both;display:block;\"><\/div>[vc_separator]<div class=\"ult-spacer spacer-69f5013f24838\" data-id=\"69f5013f24838\" data-height=\"10\" data-height-mobile=\"10\" data-height-tab=\"10\" data-height-tab-portrait=\"\" data-height-mobile-landscape=\"\" style=\"clear:both;display:block;\"><\/div>[\/vc_column][\/vc_row][vc_row][vc_column]<div class=\"ult-spacer spacer-69f5013f2485c\" data-id=\"69f5013f2485c\" data-height=\"10\" data-height-mobile=\"10\" data-height-tab=\"10\" data-height-tab-portrait=\"\" data-height-mobile-landscape=\"\" style=\"clear:both;display:block;\"><\/div>[vc_separator][vc_gmaps link=&#8220;#E-8_JTNDaWZyYW1lJTIwc3JjJTNEJTIyaHR0cHMlM0ElMkYlMkZ3d3cuZ29vZ2xlLmNvbSUyRm1hcHMlMkZlbWJlZCUzRnBiJTNEJTIxMW0xNCUyMTFtOCUyMTFtMyUyMTFkMjg2Ni45NjUyNTkwNjU2MjclMjEyZDEyLjQ2MjE2Mjk5OTk5OTk5OSUyMTNkNDQuMDYzNDI2JTIxM20yJTIxMWkxMDI0JTIxMmk3NjglMjE0ZjEzLjElMjEzbTMlMjExbTIlMjExczB4MTMyY2MwZjJiZjRhOTQyNSUyNTNBMHhjMzU0ZDk1ZjNlMTM3MDRkJTIxMnNWaWNpJTJCJTI1MjYlMkJDLiUyQi0lMkJWaWNpJTJCVmlzaW9uJTIxNWUwJTIxM20yJTIxMXNpdCUyMTJzaXQlMjE0djE0MTc2ODg4NjM2NzclMjIlMjB3aWR0aCUzRCUyMjYwMCUyMiUyMGhlaWdodCUzRCUyMjQ1MCUyMiUyMGZyYW1lYm9yZGVyJTNEJTIyMCUyMiUyMHN0eWxlJTNEJTIyYm9yZGVyJTNBMCUyMiUzRSUzQyUyRmlmcmFtZSUzRQ==&#8220;][\/vc_column][\/vc_row][vc_row][vc_column][vc_column_text]<\/p>\n<h3><span style=\"color: #008000;\">Pohostinnost<\/span><\/h3>\n<p>T\u011bm, kdo by cht\u011bli str\u00e1vit n\u011bkolik dn\u00ed v na\u0161\u00ed kouzeln\u00e9 lokalit\u011b, v\u00e1m navrhujeme n\u011bkolik vybran\u00fdch hotel\u016f. V\u0161echny hotely, kter\u00e9 jsme pro v\u00e1s vybrali, jsou elegantn\u00ed, pohostinn\u00e9, s bohat\u00fdmi slu\u017ebami, ohledupln\u00e9 k z\u00e1kazn\u00edk\u016fm a s velmi profesion\u00e1ln\u00edm person\u00e1lem.[\/vc_column_text]<div class=\" ubtn-ctn-left \"><a class=\"ubtn-link ult-adjust-bottom-margin ubtn-left ubtn-small \" href=\"\/en\/hospitality\/\" title=\"Hospitality\" ><button type=\"button\" id=\"ubtn-6333\"  class=\"ubtn ult-adjust-bottom-margin ult-responsive ubtn-small ubtn-no-hover-bg  none  ubtn-left   tooltip-69f5013f24887\"  data-hover=\"\" data-border-color=\"\" data-bg=\"#33a564\" data-hover-bg=\"\" data-border-hover=\"\" data-shadow-hover=\"\" data-shadow-click=\"none\" data-shadow=\"\" data-shd-shadow=\"\"  data-ultimate-target='#ubtn-6333'  data-responsive-json-new='{\"font-size\":\"\",\"line-height\":\"\"}'  style=\"font-weight:normal;border:none;background: #33a564;color: #ffffff;\"><span class=\"ubtn-hover\" style=\"background-color:\"><\/span><span class=\"ubtn-data ubtn-text \" >\u010cT\u011aTE V\u00cdCE<\/span><\/button><\/a><\/div><div class=\"ult-spacer spacer-69f5013f248d3\" data-id=\"69f5013f248d3\" data-height=\"10\" data-height-mobile=\"10\" data-height-tab=\"10\" data-height-tab-portrait=\"\" data-height-mobile-landscape=\"\" style=\"clear:both;display:block;\"><\/div>[\/vc_column][\/vc_row][vc_row][vc_column][vc_separator][\/vc_column][\/vc_row]<\/p>\n<\/div>","protected":false},"excerpt":{"rendered":"<p>[vc_row gap=&#8220;20&#8243;][vc_column width=&#8220;2\/3&#8243; el_class=&#8220;form-verde&#8220;][vc_column_text] VY\u017d\u00c1DEJTE SI HOVOR ZAVOL\u00c1ME V\u00c1M ZP\u00c1TKY [\/vc_column_text][vc_empty_space][vc_separator][\/vc_column][vc_column width=&#8220;1\/3&#8243;][vc_column_text] Kontakty [\/vc_column_text][vc_empty_space][vc_column_text] Vici &amp; C S.p.A. Via J. Gutenberg, 5\u00a0\u2013 47822 Santarcangelo di Romagna \u2013\u00a0Italy Sales Tel. +39 0541-350411 Fax 0541-623897 Mail sales@vici.it Service Tel. +39 0541-350402 Distributor pro \u010ceskou republiku KUBOU\u0160EK s.r.o. Lidick\u00e1 1937, 370 07 \u010cesk\u00e9 Bud\u011bjovice Spisov\u00e1 zna\u010dka: C 12488<\/p>\n<div class=\"more\"><a class=\"more-link btn btn-green ion-ios7-arrow-forward\" href=\"https:\/\/www.vicivision.com\/cs\/vicivision-contacts\/\">Read more<\/a><\/div>\n","protected":false},"author":2,"featured_media":0,"parent":0,"menu_order":0,"comment_status":"closed","ping_status":"closed","template":"","meta":{"footnotes":""},"class_list":["post-25843","page","type-page","status-publish","hentry"],"acf":[],"_links":{"self":[{"href":"https:\/\/www.vicivision.com\/cs\/wp-json\/wp\/v2\/pages\/25843","targetHints":{"allow":["GET"]}}],"collection":[{"href":"https:\/\/www.vicivision.com\/cs\/wp-json\/wp\/v2\/pages"}],"about":[{"href":"https:\/\/www.vicivision.com\/cs\/wp-json\/wp\/v2\/types\/page"}],"author":[{"embeddable":true,"href":"https:\/\/www.vicivision.com\/cs\/wp-json\/wp\/v2\/users\/2"}],"replies":[{"embeddable":true,"href":"https:\/\/www.vicivision.com\/cs\/wp-json\/wp\/v2\/comments?post=25843"}],"version-history":[{"count":0,"href":"https:\/\/www.vicivision.com\/cs\/wp-json\/wp\/v2\/pages\/25843\/revisions"}],"wp:attachment":[{"href":"https:\/\/www.vicivision.com\/cs\/wp-json\/wp\/v2\/media?parent=25843"}],"curies":[{"name":"wp","href":"https:\/\/api.w.org\/{rel}","templated":true}]}}