{"id":25838,"date":"2014-11-20T11:18:31","date_gmt":"2014-11-20T10:18:31","guid":{"rendered":"https:\/\/www.vicivision.com\/optical-measuring-machines-for-turned-parts\/"},"modified":"2024-04-02T19:14:28","modified_gmt":"2024-04-02T17:14:28","slug":"opticka-mereni-2","status":"publish","type":"page","link":"https:\/\/www.vicivision.com\/cs\/opticka-mereni-2\/","title":{"rendered":"Optick\u00e1 m\u011b\u0159en\u00ed"},"content":{"rendered":"<div class=\"wpb-content-wrapper\"><p>[vc_row el_class=&#8220;bgimage-extended bgimageoptical-measurement bgimageoptical-measurement-img&#8220; css=&#8220;.vc_custom_1600759640785{padding-top: 60px !important;padding-bottom: 60px !important;}&#8220;][vc_column][vc_empty_space height=&#8220;70px&#8220;][vc_column_text]<\/p>\n<h5 style=\"text-align: center;\">Optick\u00e9 m\u011b\u0159ic\u00ed p\u0159\u00edstroje pro soustru\u017een\u00e9 sou\u010d\u00e1sti.<br \/>\n\u0158e\u0161en\u00ed m\u011b\u0159en\u00ed h\u0159\u00eddel\u016f s rychlou n\u00e1vratnost\u00ed investic.<br \/>\nP\u0159\u00edstroje VICIVISION jsou ur\u010deny pro pou\u017eit\u00ed na d\u00edln\u011b.<br \/>\nU\u0161et\u0159ete \u010das, m\u011b\u0159te sou\u010d\u00e1sti p\u0159\u00edmo u CNC soustruhu.<\/h5>\n<p>[\/vc_column_text]<div class=\" ubtn-ctn-center \"><a class=\"ubtn-link ult-adjust-bottom-margin ubtn-center ubtn-normal \" href=\"https:\/\/www.vicivision.com\/cs\/opticke-kontrolni-zarizeni\/\" ><button type=\"button\" id=\"ubtn-5340\"  class=\"ubtn ult-adjust-bottom-margin ult-responsive ubtn-normal ubtn-no-hover-bg  none  ubtn-center   tooltip-69d8b8efdea1c\"  data-hover=\"\" data-border-color=\"\" data-bg=\"#33a564\" data-hover-bg=\"\" data-border-hover=\"\" data-shadow-hover=\"\" data-shadow-click=\"none\" data-shadow=\"\" data-shd-shadow=\"\"  data-ultimate-target='#ubtn-5340'  data-responsive-json-new='{\"font-size\":\"\",\"line-height\":\"\"}'  style=\"font-weight:normal;border:none;background: #33a564;color: #ffffff;\"><span class=\"ubtn-hover\" style=\"background-color:\"><\/span><span class=\"ubtn-data ubtn-text \" >ST\u00c1HN\u011aTE SI TECHNICK\u00c9 SPECIFIKACE!<\/span><\/button><\/a><\/div>[vc_empty_space height=&#8220;70px&#8220;][\/vc_column][\/vc_row][vc_row el_class=&#8220;bgimage-extended bgimageoptical-measurement bgimageoptical-measurement-techno&#8220; css=&#8220;.vc_custom_1600759709261{padding-top: 60px !important;padding-bottom: 60px !important;}&#8220;][vc_column][vc_empty_space height=&#8220;70px&#8220;][vc_column_text]<\/p>\n<h2 style=\"text-align: center;\"><strong><a href=\"https:\/\/www.vicivision.com\/cs\/opticka-mereni\/dimentional-measuring\/\">\u0158ada TECHNO<\/a><\/strong><\/h2>\n<h5 style=\"text-align: center;\"><span style=\"color: #33a564;\">Vhodn\u00e1 pro h\u0159\u00eddele do 1250 x 180 mm<\/span><\/h5>\n<p style=\"text-align: center;\"><span style=\"font-size: 16px;\">Tato modul\u00e1rn\u00ed \u0159ada nab\u00edz\u00ed v\u00fdb\u011br nejvhodn\u011bj\u0161\u00edho stroje pro va\u0161i v\u00fdrobu.<br \/>\nMaxim\u00e1ln\u00ed v\u00fdkon ukryt\u00fd ve 20 r\u016fzn\u00fdch kombinac\u00edch m\u011b\u0159\u00edc\u00edch rozsah\u016f:<br \/>\nod 40 po 180 mm pr\u016fm\u011bru do 300 po 1250 mm d\u00e9lky.<\/span><\/p>\n<p>[\/vc_column_text][vc_empty_space height=&#8220;70px&#8220;][\/vc_column][\/vc_row][vc_row el_class=&#8220;bgimage-extended bgimageoptical-measurement bgimageoptical-measurement-serie-prima&#8220; css=&#8220;.vc_custom_1659965127159{padding-top: 60px !important;padding-bottom: 60px !important;}&#8220;][vc_column][vc_empty_space height=&#8220;70px&#8220;][vc_column_text]<\/p>\n<h2 style=\"text-align: center;\"><strong><span style=\"color: #33a564;\"><a style=\"color: #33a564;\" href=\"https:\/\/www.vicivision.com\/cs\/new-prima-series\/\">\u0158ada PRIMA<\/a><\/span><\/strong><\/h2>\n<h5 style=\"text-align: center;\"><span style=\"color: #33a564;\">Optick\u00fd m\u011b\u0159ic\u00ed p\u0159\u00edstroj pro v\u0161echny soustru\u017enick\u00e9 d\u00edlny<\/span><\/h5>\n<p style=\"text-align: center;\">PRIMA \u2013 od 60 do 140 mm v pr\u016fm\u011bru a od 300 do 600 mm na d\u00e9lku.<\/p>\n<p>[\/vc_column_text][vc_empty_space height=&#8220;70px&#8220;][\/vc_column][\/vc_row][vc_row el_class=&#8220;bgimage-extended bgimageoptical-measurement bgimageoptical-measurement-seriex&#8220; css=&#8220;.vc_custom_1600759749443{padding-top: 60px !important;padding-bottom: 60px !important;}&#8220;][vc_column][vc_empty_space height=&#8220;70px&#8220;][vc_column_text]<\/p>\n<h2 style=\"text-align: center;\"><strong><a href=\"[[_URL_]]\/cs\/macchine-di-misura-ottica-aumento-produttivita-riduzione-scarti\/pro-mereni-mikro-mechanickych-casti\/\"><span style=\"color: #33a564;\">\u0158ada X<\/span><\/a><\/strong><\/h2>\n<h5 style=\"text-align: center;\"><span style=\"color: #33a564;\">Pro mikrokomponenty<\/span><\/h5>\n<p style=\"text-align: center;\"><span style=\"font-size: 16px;\">Zcela jedine\u010dn\u00e9 \u0159e\u0161en\u00ed v tomto odv\u011btv\u00ed.<br \/>\nSpecifick\u00e9 pro mikro-mechanick\u00e9 sou\u010d\u00e1sti, \u010d\u00e1sti hodinek, zubn\u00ed a biomedic\u00ednsk\u00e9 \u0161rouby.<br \/>\nMaxim\u00e1ln\u00ed \u00fa\u010dinnost p\u0159i m\u011b\u0159en\u00ed extr\u00e9mn\u011b drobn\u00fdch a slo\u017eit\u00fdch prvk\u016f.<\/span><\/p>\n<p>[\/vc_column_text][vc_empty_space height=&#8220;70px&#8220;][\/vc_column][\/vc_row][vc_row][vc_column][vc_separator][\/vc_column][\/vc_row][vc_row][vc_column width=&#8220;1\/2&#8243;][vc_column_text]<\/p>\n<h2 style=\"text-align: center;\"><strong><a href=\"[[_URL_]]\/cs\/vicivision-poskytuje-zcela-novou-merici-funkci-pro-hridele\/\"><span style=\"color: #33a564;\">Touch Probe<\/span><\/a><\/strong><\/h2>\n<h5 style=\"text-align: center;\"><span style=\"color: #33a564;\">Kombinace optick\u00e9 a dotekov\u00e9 funkce<\/span><\/h5>\n<p>[\/vc_column_text][vc_empty_space][vc_single_image image=&#8220;23192&#8243; img_size=&#8220;medium&#8220; alignment=&#8220;center&#8220; onclick=&#8220;custom_link&#8220; link=&#8220;\/it\/misura-a-tasteggio\/&#8220;][vc_empty_space][vc_column_text]<\/p>\n<p style=\"text-align: center;\">Nep\u0159ekonateln\u00fd v\u00fdkon: m\u011b\u0159ic\u00ed syst\u00e9m je nyn\u00ed dopln\u011bn sn\u00edma\u010dem Renishaw.<\/p>\n<p>[\/vc_column_text][\/vc_column][vc_column width=&#8220;1\/2&#8243;][vc_column_text]<\/p>\n<h2 style=\"text-align: center;\"><strong><span style=\"color: #33a564;\"><a style=\"color: #33a564;\" href=\"[[_URL_]]\/cs\/applications-measuring-machines\/\">Aplikace<\/a><\/span><\/strong><\/h2>\n<p>[\/vc_column_text][vc_empty_space][vc_single_image image=&#8220;12684&#8243; img_size=&#8220;medium&#8220; alignment=&#8220;center&#8220; onclick=&#8220;custom_link&#8220; link=&#8220;\/it\/applicazioni-macchine-di-misura\/&#8220;][vc_empty_space][vc_column_text]<\/p>\n<p style=\"text-align: center;\">\u0158e\u0161en\u00ed pro kontrolu kvality konkr\u00e9tn\u00edch aplikac\u00ed.<br \/>\nVa\u010dkov\u00e9 h\u0159\u00eddele | Klikov\u00e9 h\u0159\u00eddele | Zubn\u00ed a biomedic\u00ednsk\u00e9 implant\u00e1ty| Turb\u00edny | Ventily.<\/p>\n<p>[\/vc_column_text][vc_empty_space][\/vc_column][\/vc_row][vc_row][vc_column][vc_separator][vc_column_text]<\/p>\n<p style=\"text-align: center;\"><span style=\"color: #33a564;\"><strong><br \/>\nKontrola kvality se pro v\u00fdrobce soustru\u017een\u00fdch d\u00edl\u016f stala z\u00e1kladn\u00ed sou\u010d\u00e1st\u00ed v\u00fdrobn\u00edho procesu.<br \/>\nSpole\u010dnosti pot\u0159ebuj\u00ed pracovat efektivn\u011b, sni\u017eovat prostoje a zmetkovitost.<br \/>\nS optick\u00fdm m\u011b\u0159ic\u00edm p\u0159\u00edstrojem zab\u00edr\u00e1 kontrola kvality pouh\u00fdch 30 a\u017e 60 sekund. Jsou vylou\u010deny lidsk\u00e9 chyby.<br \/>\nAutomatick\u00fd cyklus po stisknut\u00ed tla\u010d\u00edtka.<br \/>\nAutomatick\u00fd sb\u011br dat.<br \/>\nJedin\u00fdm p\u0159\u00edstrojem uspo\u0159\u00edte \u010das i pracovn\u00ed s\u00edlu a zlep\u0161\u00edte p\u0159esnost kontroly.<br \/>\n\u0158ada Techno poskytuje obraz s vysok\u00fdm rozli\u0161en\u00edm, co\u017e umo\u017e\u0148uje oper\u00e1tor\u016fm zachytit v\u0161echny nejjemn\u011bj\u0161\u00ed detaily. K dispozici je \u0161irok\u00e1 \u0161k\u00e1la m\u011b\u0159ic\u00edch pol\u00ed pro lep\u0161\u00ed p\u0159izp\u016fsoben\u00ed se r\u016fzn\u00fdm pot\u0159eb\u00e1m v\u00fdroby.<br \/>\nObjevte nov\u011b vyvinut\u00fd m\u011b\u0159ic\u00ed syst\u00e9m Touch Probe, kter\u00fd spo\u010d\u00edv\u00e1 v kombinaci optick\u00fdch a dotekov\u00fdch funkc\u00ed a jeho\u017e v\u00fdsledkem je kompletn\u00ed kontrola rozm\u011br\u016f soustru\u017een\u00fdch sou\u010d\u00e1st\u00ed v jedin\u00e9m cyklu.<\/strong><\/span><\/p>\n<p>&nbsp;<\/p>\n<p>[\/vc_column_text][\/vc_column][\/vc_row]<\/p>\n<\/div>","protected":false},"excerpt":{"rendered":"<p>[vc_row el_class=&#8220;bgimage-extended bgimageoptical-measurement bgimageoptical-measurement-img&#8220; css=&#8220;.vc_custom_1600759640785{padding-top: 60px !important;padding-bottom: 60px !important;}&#8220;][vc_column][vc_empty_space height=&#8220;70px&#8220;][vc_column_text] Optick\u00e9 m\u011b\u0159ic\u00ed p\u0159\u00edstroje pro soustru\u017een\u00e9 sou\u010d\u00e1sti. \u0158e\u0161en\u00ed m\u011b\u0159en\u00ed h\u0159\u00eddel\u016f s rychlou n\u00e1vratnost\u00ed investic. P\u0159\u00edstroje VICIVISION jsou ur\u010deny pro pou\u017eit\u00ed na d\u00edln\u011b. U\u0161et\u0159ete \u010das, m\u011b\u0159te sou\u010d\u00e1sti p\u0159\u00edmo u CNC soustruhu. [\/vc_column_text][vc_empty_space height=&#8220;70px&#8220;][\/vc_column][\/vc_row][vc_row el_class=&#8220;bgimage-extended bgimageoptical-measurement bgimageoptical-measurement-techno&#8220; css=&#8220;.vc_custom_1600759709261{padding-top: 60px !important;padding-bottom: 60px !important;}&#8220;][vc_column][vc_empty_space height=&#8220;70px&#8220;][vc_column_text] \u0158ada TECHNO Vhodn\u00e1 pro h\u0159\u00eddele<\/p>\n<div class=\"more\"><a class=\"more-link btn btn-green ion-ios7-arrow-forward\" href=\"https:\/\/www.vicivision.com\/cs\/opticka-mereni-2\/\">Read more<\/a><\/div>\n","protected":false},"author":2,"featured_media":0,"parent":0,"menu_order":0,"comment_status":"closed","ping_status":"closed","template":"","meta":{"footnotes":""},"class_list":["post-25838","page","type-page","status-publish","hentry"],"acf":[],"_links":{"self":[{"href":"https:\/\/www.vicivision.com\/cs\/wp-json\/wp\/v2\/pages\/25838","targetHints":{"allow":["GET"]}}],"collection":[{"href":"https:\/\/www.vicivision.com\/cs\/wp-json\/wp\/v2\/pages"}],"about":[{"href":"https:\/\/www.vicivision.com\/cs\/wp-json\/wp\/v2\/types\/page"}],"author":[{"embeddable":true,"href":"https:\/\/www.vicivision.com\/cs\/wp-json\/wp\/v2\/users\/2"}],"replies":[{"embeddable":true,"href":"https:\/\/www.vicivision.com\/cs\/wp-json\/wp\/v2\/comments?post=25838"}],"version-history":[{"count":0,"href":"https:\/\/www.vicivision.com\/cs\/wp-json\/wp\/v2\/pages\/25838\/revisions"}],"wp:attachment":[{"href":"https:\/\/www.vicivision.com\/cs\/wp-json\/wp\/v2\/media?parent=25838"}],"curies":[{"name":"wp","href":"https:\/\/api.w.org\/{rel}","templated":true}]}}